{"id":3055,"date":"2025-08-13T15:07:29","date_gmt":"2025-08-13T20:07:29","guid":{"rendered":"https:\/\/grupomkt.net\/Criptoncorp\/?page_id=3055"},"modified":"2025-08-13T15:17:53","modified_gmt":"2025-08-13T20:17:53","slug":"criptonoticias","status":"publish","type":"page","link":"https:\/\/grupomkt.net\/Criptoncorp\/criptonoticias\/","title":{"rendered":"CriptoNoticias"},"content":{"rendered":"\t\t<div data-elementor-type=\"wp-page\" data-elementor-id=\"3055\" class=\"elementor elementor-3055\" data-elementor-post-type=\"page\">\n\t\t\t\t<div class=\"elementor-element elementor-element-583551c1 e-flex e-con-boxed e-con e-parent\" data-id=\"583551c1\" data-element_type=\"container\" data-settings=\"{&quot;background_background&quot;:&quot;classic&quot;}\">\n\t\t\t\t\t<div class=\"e-con-inner\">\n\t\t\t\t<div class=\"elementor-element elementor-element-7ae5cf8b elementor-widget elementor-widget-heading\" data-id=\"7ae5cf8b\" data-element_type=\"widget\" data-widget_type=\"heading.default\">\n\t\t\t\t\t<h2 class=\"elementor-heading-title elementor-size-default\"><h2 style=\"color: #fff;font-size:30px\">En <span style=\"color:#ff0000\">CRIPTON<\/span>oticias<\/h2><\/h2>\t\t\t\t<\/div>\n\t\t\t\t\t<\/div>\n\t\t\t\t<\/div>\n\t\t<div class=\"elementor-element elementor-element-d414e11 e-flex e-con-boxed e-con e-parent\" data-id=\"d414e11\" data-element_type=\"container\">\n\t\t\t\t\t<div class=\"e-con-inner\">\n\t\t\t\t<div class=\"elementor-element elementor-element-adf3bbd elementor-grid-3 elementor-grid-tablet-2 elementor-grid-mobile-1 elementor-posts--thumbnail-top elementor-card-shadow-yes elementor-posts__hover-gradient elementor-widget elementor-widget-posts\" data-id=\"adf3bbd\" data-element_type=\"widget\" data-settings=\"{&quot;cards_masonry&quot;:&quot;yes&quot;,&quot;pagination_type&quot;:&quot;load_more_infinite_scroll&quot;,&quot;cards_columns&quot;:&quot;3&quot;,&quot;cards_columns_tablet&quot;:&quot;2&quot;,&quot;cards_columns_mobile&quot;:&quot;1&quot;,&quot;cards_row_gap&quot;:{&quot;unit&quot;:&quot;px&quot;,&quot;size&quot;:35,&quot;sizes&quot;:[]},&quot;cards_row_gap_tablet&quot;:{&quot;unit&quot;:&quot;px&quot;,&quot;size&quot;:&quot;&quot;,&quot;sizes&quot;:[]},&quot;cards_row_gap_mobile&quot;:{&quot;unit&quot;:&quot;px&quot;,&quot;size&quot;:&quot;&quot;,&quot;sizes&quot;:[]},&quot;load_more_spinner&quot;:{&quot;value&quot;:&quot;fas fa-spinner&quot;,&quot;library&quot;:&quot;fa-solid&quot;}}\" data-widget_type=\"posts.cards\">\n\t\t\t\t<div class=\"elementor-widget-container\">\n\t\t\t\t\t\t\t<div class=\"elementor-posts-container elementor-posts elementor-posts--skin-cards elementor-grid\" role=\"list\">\n\t\t\t\t<article class=\"elementor-post elementor-grid-item post-3049 post type-post status-publish format-standard has-post-thumbnail hentry category-noticias category-rrhh category-sri\" role=\"listitem\">\n\t\t\t<div class=\"elementor-post__card\">\n\t\t\t\t<a class=\"elementor-post__thumbnail__link\" href=\"https:\/\/grupomkt.net\/Criptoncorp\/2023\/07\/04\/todo-lo-que-debe-saber-sobre-los-cambios-en-el-rimpe\/\" tabindex=\"-1\" ><div class=\"elementor-post__thumbnail\"><img fetchpriority=\"high\" decoding=\"async\" width=\"300\" height=\"168\" src=\"https:\/\/grupomkt.net\/Criptoncorp\/wp-content\/uploads\/2023\/07\/Todo-lo-que-debe-saber-sobre-los-cambios-en-el-Rimpe-300x168.jpg\" class=\"attachment-medium size-medium wp-image-3050 lazyload\" alt=\"\" srcset=\"data:image\/svg+xml,%3Csvg%20xmlns%3D%27http%3A%2F%2Fwww.w3.org%2F2000%2Fsvg%27%20width%3D%271160%27%20height%3D%27650%27%20viewBox%3D%270%200%201160%20650%27%3E%3Crect%20width%3D%271160%27%20height%3D%27650%27%20fill-opacity%3D%220%22%2F%3E%3C%2Fsvg%3E\" data-orig-src=\"https:\/\/grupomkt.net\/Criptoncorp\/wp-content\/uploads\/2023\/07\/Todo-lo-que-debe-saber-sobre-los-cambios-en-el-Rimpe-300x168.jpg\" data-srcset=\"https:\/\/grupomkt.net\/Criptoncorp\/wp-content\/uploads\/2023\/07\/Todo-lo-que-debe-saber-sobre-los-cambios-en-el-Rimpe-200x112.jpg 200w, https:\/\/grupomkt.net\/Criptoncorp\/wp-content\/uploads\/2023\/07\/Todo-lo-que-debe-saber-sobre-los-cambios-en-el-Rimpe-300x168.jpg 300w, https:\/\/grupomkt.net\/Criptoncorp\/wp-content\/uploads\/2023\/07\/Todo-lo-que-debe-saber-sobre-los-cambios-en-el-Rimpe-400x224.jpg 400w, https:\/\/grupomkt.net\/Criptoncorp\/wp-content\/uploads\/2023\/07\/Todo-lo-que-debe-saber-sobre-los-cambios-en-el-Rimpe-600x336.jpg 600w, https:\/\/grupomkt.net\/Criptoncorp\/wp-content\/uploads\/2023\/07\/Todo-lo-que-debe-saber-sobre-los-cambios-en-el-Rimpe-768x430.jpg 768w, https:\/\/grupomkt.net\/Criptoncorp\/wp-content\/uploads\/2023\/07\/Todo-lo-que-debe-saber-sobre-los-cambios-en-el-Rimpe-800x448.jpg 800w, https:\/\/grupomkt.net\/Criptoncorp\/wp-content\/uploads\/2023\/07\/Todo-lo-que-debe-saber-sobre-los-cambios-en-el-Rimpe-1024x574.jpg 1024w, https:\/\/grupomkt.net\/Criptoncorp\/wp-content\/uploads\/2023\/07\/Todo-lo-que-debe-saber-sobre-los-cambios-en-el-Rimpe.jpg 1160w\" data-sizes=\"auto\" \/><\/div><\/a>\n\t\t\t\t<div class=\"elementor-post__badge\">Noticias<\/div>\n\t\t\t\t<div class=\"elementor-post__text\">\n\t\t\t\t<h5 class=\"elementor-post__title\">\n\t\t\t<a href=\"https:\/\/grupomkt.net\/Criptoncorp\/2023\/07\/04\/todo-lo-que-debe-saber-sobre-los-cambios-en-el-rimpe\/\" >\n\t\t\t\tTODO LO QUE DEBE SABER SOBRE LOS CAMBIOS EN EL RIMPE\t\t\t<\/a>\n\t\t<\/h5>\n\t\t\n\t\t<a class=\"elementor-post__read-more\" href=\"https:\/\/grupomkt.net\/Criptoncorp\/2023\/07\/04\/todo-lo-que-debe-saber-sobre-los-cambios-en-el-rimpe\/\" aria-label=\"Read more about TODO LO QUE DEBE SABER SOBRE LOS CAMBIOS EN EL RIMPE\" tabindex=\"-1\" >\n\t\t\tLeer m\u00e1s\t\t<\/a>\n\n\t\t\t\t<\/div>\n\t\t\t\t\t<\/div>\n\t\t<\/article>\n\t\t\t\t<article class=\"elementor-post elementor-grid-item post-3047 post type-post status-publish format-standard has-post-thumbnail hentry category-noticias category-rrhh category-sri\" role=\"listitem\">\n\t\t\t<div class=\"elementor-post__card\">\n\t\t\t\t<a class=\"elementor-post__thumbnail__link\" href=\"https:\/\/grupomkt.net\/Criptoncorp\/2023\/07\/04\/reforma-tributaria-fue-publicada-en-el-registro-oficial-y-ya-esta-vigente\/\" tabindex=\"-1\" ><div class=\"elementor-post__thumbnail\"><img decoding=\"async\" width=\"300\" height=\"168\" src=\"https:\/\/grupomkt.net\/Criptoncorp\/wp-content\/uploads\/2023\/07\/REFORMA-TRIBUTARIA-FUE-PUBLICADA-EN-EL-REGISTRO-OFICIAL-Y-YA-ESTA-VIGENTE-300x168.jpg\" class=\"attachment-medium size-medium wp-image-3048 lazyload\" alt=\"\" srcset=\"data:image\/svg+xml,%3Csvg%20xmlns%3D%27http%3A%2F%2Fwww.w3.org%2F2000%2Fsvg%27%20width%3D%271160%27%20height%3D%27650%27%20viewBox%3D%270%200%201160%20650%27%3E%3Crect%20width%3D%271160%27%20height%3D%27650%27%20fill-opacity%3D%220%22%2F%3E%3C%2Fsvg%3E\" data-orig-src=\"https:\/\/grupomkt.net\/Criptoncorp\/wp-content\/uploads\/2023\/07\/REFORMA-TRIBUTARIA-FUE-PUBLICADA-EN-EL-REGISTRO-OFICIAL-Y-YA-ESTA-VIGENTE-300x168.jpg\" data-srcset=\"https:\/\/grupomkt.net\/Criptoncorp\/wp-content\/uploads\/2023\/07\/REFORMA-TRIBUTARIA-FUE-PUBLICADA-EN-EL-REGISTRO-OFICIAL-Y-YA-ESTA-VIGENTE-200x112.jpg 200w, https:\/\/grupomkt.net\/Criptoncorp\/wp-content\/uploads\/2023\/07\/REFORMA-TRIBUTARIA-FUE-PUBLICADA-EN-EL-REGISTRO-OFICIAL-Y-YA-ESTA-VIGENTE-300x168.jpg 300w, https:\/\/grupomkt.net\/Criptoncorp\/wp-content\/uploads\/2023\/07\/REFORMA-TRIBUTARIA-FUE-PUBLICADA-EN-EL-REGISTRO-OFICIAL-Y-YA-ESTA-VIGENTE-400x224.jpg 400w, https:\/\/grupomkt.net\/Criptoncorp\/wp-content\/uploads\/2023\/07\/REFORMA-TRIBUTARIA-FUE-PUBLICADA-EN-EL-REGISTRO-OFICIAL-Y-YA-ESTA-VIGENTE-600x336.jpg 600w, https:\/\/grupomkt.net\/Criptoncorp\/wp-content\/uploads\/2023\/07\/REFORMA-TRIBUTARIA-FUE-PUBLICADA-EN-EL-REGISTRO-OFICIAL-Y-YA-ESTA-VIGENTE-768x430.jpg 768w, https:\/\/grupomkt.net\/Criptoncorp\/wp-content\/uploads\/2023\/07\/REFORMA-TRIBUTARIA-FUE-PUBLICADA-EN-EL-REGISTRO-OFICIAL-Y-YA-ESTA-VIGENTE-800x448.jpg 800w, https:\/\/grupomkt.net\/Criptoncorp\/wp-content\/uploads\/2023\/07\/REFORMA-TRIBUTARIA-FUE-PUBLICADA-EN-EL-REGISTRO-OFICIAL-Y-YA-ESTA-VIGENTE-1024x574.jpg 1024w, https:\/\/grupomkt.net\/Criptoncorp\/wp-content\/uploads\/2023\/07\/REFORMA-TRIBUTARIA-FUE-PUBLICADA-EN-EL-REGISTRO-OFICIAL-Y-YA-ESTA-VIGENTE.jpg 1160w\" data-sizes=\"auto\" \/><\/div><\/a>\n\t\t\t\t<div class=\"elementor-post__badge\">Noticias<\/div>\n\t\t\t\t<div class=\"elementor-post__text\">\n\t\t\t\t<h5 class=\"elementor-post__title\">\n\t\t\t<a href=\"https:\/\/grupomkt.net\/Criptoncorp\/2023\/07\/04\/reforma-tributaria-fue-publicada-en-el-registro-oficial-y-ya-esta-vigente\/\" >\n\t\t\t\tREFORMA TRIBUTARIA FUE PUBLICADA EN EL REGISTRO OFICIAL Y YA EST\u00c1 VIGENTE\t\t\t<\/a>\n\t\t<\/h5>\n\t\t\n\t\t<a class=\"elementor-post__read-more\" href=\"https:\/\/grupomkt.net\/Criptoncorp\/2023\/07\/04\/reforma-tributaria-fue-publicada-en-el-registro-oficial-y-ya-esta-vigente\/\" aria-label=\"Read more about REFORMA TRIBUTARIA FUE PUBLICADA EN EL REGISTRO OFICIAL Y YA EST\u00c1 VIGENTE\" tabindex=\"-1\" >\n\t\t\tLeer m\u00e1s\t\t<\/a>\n\n\t\t\t\t<\/div>\n\t\t\t\t\t<\/div>\n\t\t<\/article>\n\t\t\t\t<article class=\"elementor-post elementor-grid-item post-3045 post type-post status-publish format-standard has-post-thumbnail hentry category-noticias category-rrhh category-sri\" role=\"listitem\">\n\t\t\t<div class=\"elementor-post__card\">\n\t\t\t\t<a class=\"elementor-post__thumbnail__link\" href=\"https:\/\/grupomkt.net\/Criptoncorp\/2023\/07\/04\/cinco-cambios-impuesto-a-la-renta-que-se-aplican-desde-ahora\/\" tabindex=\"-1\" ><div class=\"elementor-post__thumbnail\"><img decoding=\"async\" width=\"300\" height=\"168\" src=\"https:\/\/grupomkt.net\/Criptoncorp\/wp-content\/uploads\/2023\/07\/CINCO-CAMBIOS-IMPUESTO-A-LA-RENTA-QUE-SE-APLICAN-DESDE-AHORA-300x168.jpg\" class=\"attachment-medium size-medium wp-image-3046 lazyload\" alt=\"\" srcset=\"data:image\/svg+xml,%3Csvg%20xmlns%3D%27http%3A%2F%2Fwww.w3.org%2F2000%2Fsvg%27%20width%3D%271160%27%20height%3D%27650%27%20viewBox%3D%270%200%201160%20650%27%3E%3Crect%20width%3D%271160%27%20height%3D%27650%27%20fill-opacity%3D%220%22%2F%3E%3C%2Fsvg%3E\" data-orig-src=\"https:\/\/grupomkt.net\/Criptoncorp\/wp-content\/uploads\/2023\/07\/CINCO-CAMBIOS-IMPUESTO-A-LA-RENTA-QUE-SE-APLICAN-DESDE-AHORA-300x168.jpg\" data-srcset=\"https:\/\/grupomkt.net\/Criptoncorp\/wp-content\/uploads\/2023\/07\/CINCO-CAMBIOS-IMPUESTO-A-LA-RENTA-QUE-SE-APLICAN-DESDE-AHORA-200x112.jpg 200w, https:\/\/grupomkt.net\/Criptoncorp\/wp-content\/uploads\/2023\/07\/CINCO-CAMBIOS-IMPUESTO-A-LA-RENTA-QUE-SE-APLICAN-DESDE-AHORA-300x168.jpg 300w, https:\/\/grupomkt.net\/Criptoncorp\/wp-content\/uploads\/2023\/07\/CINCO-CAMBIOS-IMPUESTO-A-LA-RENTA-QUE-SE-APLICAN-DESDE-AHORA-400x224.jpg 400w, https:\/\/grupomkt.net\/Criptoncorp\/wp-content\/uploads\/2023\/07\/CINCO-CAMBIOS-IMPUESTO-A-LA-RENTA-QUE-SE-APLICAN-DESDE-AHORA-600x336.jpg 600w, https:\/\/grupomkt.net\/Criptoncorp\/wp-content\/uploads\/2023\/07\/CINCO-CAMBIOS-IMPUESTO-A-LA-RENTA-QUE-SE-APLICAN-DESDE-AHORA-768x430.jpg 768w, https:\/\/grupomkt.net\/Criptoncorp\/wp-content\/uploads\/2023\/07\/CINCO-CAMBIOS-IMPUESTO-A-LA-RENTA-QUE-SE-APLICAN-DESDE-AHORA-800x448.jpg 800w, https:\/\/grupomkt.net\/Criptoncorp\/wp-content\/uploads\/2023\/07\/CINCO-CAMBIOS-IMPUESTO-A-LA-RENTA-QUE-SE-APLICAN-DESDE-AHORA-1024x574.jpg 1024w, https:\/\/grupomkt.net\/Criptoncorp\/wp-content\/uploads\/2023\/07\/CINCO-CAMBIOS-IMPUESTO-A-LA-RENTA-QUE-SE-APLICAN-DESDE-AHORA.jpg 1160w\" data-sizes=\"auto\" \/><\/div><\/a>\n\t\t\t\t<div class=\"elementor-post__badge\">Noticias<\/div>\n\t\t\t\t<div class=\"elementor-post__text\">\n\t\t\t\t<h5 class=\"elementor-post__title\">\n\t\t\t<a href=\"https:\/\/grupomkt.net\/Criptoncorp\/2023\/07\/04\/cinco-cambios-impuesto-a-la-renta-que-se-aplican-desde-ahora\/\" >\n\t\t\t\tCINCO CAMBIOS &#8211; IMPUESTO A LA RENTA QUE SE APLICAN DESDE AHORA\t\t\t<\/a>\n\t\t<\/h5>\n\t\t\n\t\t<a class=\"elementor-post__read-more\" href=\"https:\/\/grupomkt.net\/Criptoncorp\/2023\/07\/04\/cinco-cambios-impuesto-a-la-renta-que-se-aplican-desde-ahora\/\" aria-label=\"Read more about CINCO CAMBIOS &#8211; IMPUESTO A LA RENTA QUE SE APLICAN DESDE AHORA\" tabindex=\"-1\" >\n\t\t\tLeer m\u00e1s\t\t<\/a>\n\n\t\t\t\t<\/div>\n\t\t\t\t\t<\/div>\n\t\t<\/article>\n\t\t\t\t<article class=\"elementor-post elementor-grid-item post-3044 post type-post status-publish format-standard has-post-thumbnail hentry category-noticias category-rrhh category-sri\" role=\"listitem\">\n\t\t\t<div class=\"elementor-post__card\">\n\t\t\t\t<div class=\"elementor-post__text\">\n\t\t\t\t<h5 class=\"elementor-post__title\">\n\t\t\t<a href=\"https:\/\/grupomkt.net\/Criptoncorp\/2023\/05\/12\/gobierno-decreto-el-incremento-del-salario-basico-unificado-a-450-dolares-para-el-2023-2-2\/\" >\n\t\t\t\tImpuesto a la renta: ahora rebaja depender\u00e1 de cu\u00e1ntas cargas familiares tenga el contribuyente y no del sueldo\t\t\t<\/a>\n\t\t<\/h5>\n\t\t\n\t\t<a class=\"elementor-post__read-more\" href=\"https:\/\/grupomkt.net\/Criptoncorp\/2023\/05\/12\/gobierno-decreto-el-incremento-del-salario-basico-unificado-a-450-dolares-para-el-2023-2-2\/\" aria-label=\"Read more about Impuesto a la renta: ahora rebaja depender\u00e1 de cu\u00e1ntas cargas familiares tenga el contribuyente y no del sueldo\" tabindex=\"-1\" >\n\t\t\tLeer m\u00e1s\t\t<\/a>\n\n\t\t\t\t<\/div>\n\t\t\t\t\t<\/div>\n\t\t<\/article>\n\t\t\t\t<article class=\"elementor-post elementor-grid-item post-3043 post type-post status-publish format-standard has-post-thumbnail hentry category-noticias category-rrhh category-sri\" role=\"listitem\">\n\t\t\t<div class=\"elementor-post__card\">\n\t\t\t\t<div class=\"elementor-post__text\">\n\t\t\t\t<h5 class=\"elementor-post__title\">\n\t\t\t<a href=\"https:\/\/grupomkt.net\/Criptoncorp\/2022\/12\/29\/gobierno-decreto-el-incremento-del-salario-basico-unificado-a-450-dolares-para-el-2023-2\/\" >\n\t\t\t\tSi usted gana m\u00e1s de $ 11.772 al a\u00f1o pagar\u00e1 el impuesto a la renta desde el 2023\t\t\t<\/a>\n\t\t<\/h5>\n\t\t\n\t\t<a class=\"elementor-post__read-more\" href=\"https:\/\/grupomkt.net\/Criptoncorp\/2022\/12\/29\/gobierno-decreto-el-incremento-del-salario-basico-unificado-a-450-dolares-para-el-2023-2\/\" aria-label=\"Read more about Si usted gana m\u00e1s de $ 11.772 al a\u00f1o pagar\u00e1 el impuesto a la renta desde el 2023\" tabindex=\"-1\" >\n\t\t\tLeer m\u00e1s\t\t<\/a>\n\n\t\t\t\t<\/div>\n\t\t\t\t\t<\/div>\n\t\t<\/article>\n\t\t\t\t<article class=\"elementor-post elementor-grid-item post-3042 post type-post status-publish format-standard has-post-thumbnail hentry category-noticias category-rrhh category-sri\" role=\"listitem\">\n\t\t\t<div class=\"elementor-post__card\">\n\t\t\t\t<div class=\"elementor-post__text\">\n\t\t\t\t<h5 class=\"elementor-post__title\">\n\t\t\t<a href=\"https:\/\/grupomkt.net\/Criptoncorp\/2022\/12\/06\/gobierno-decreto-el-incremento-del-salario-basico-unificado-a-450-dolares-para-el-2023\/\" >\n\t\t\t\tGobierno decret\u00f3 el incremento del Salario B\u00e1sico Unificado a 450 d\u00f3lares para el 2023\t\t\t<\/a>\n\t\t<\/h5>\n\t\t\n\t\t<a class=\"elementor-post__read-more\" href=\"https:\/\/grupomkt.net\/Criptoncorp\/2022\/12\/06\/gobierno-decreto-el-incremento-del-salario-basico-unificado-a-450-dolares-para-el-2023\/\" aria-label=\"Read more about Gobierno decret\u00f3 el incremento del Salario B\u00e1sico Unificado a 450 d\u00f3lares para el 2023\" tabindex=\"-1\" >\n\t\t\tLeer m\u00e1s\t\t<\/a>\n\n\t\t\t\t<\/div>\n\t\t\t\t\t<\/div>\n\t\t<\/article>\n\t\t\t\t<\/div>\n\t\t\t\t\t<span class=\"e-load-more-spinner\">\n\t\t\t\t<svg aria-hidden=\"true\" class=\"e-font-icon-svg e-fas-spinner\" viewBox=\"0 0 512 512\" xmlns=\"http:\/\/www.w3.org\/2000\/svg\"><path d=\"M304 48c0 26.51-21.49 48-48 48s-48-21.49-48-48 21.49-48 48-48 48 21.49 48 48zm-48 368c-26.51 0-48 21.49-48 48s21.49 48 48 48 48-21.49 48-48-21.49-48-48-48zm208-208c-26.51 0-48 21.49-48 48s21.49 48 48 48 48-21.49 48-48-21.49-48-48-48zM96 256c0-26.51-21.49-48-48-48S0 229.49 0 256s21.49 48 48 48 48-21.49 48-48zm12.922 99.078c-26.51 0-48 21.49-48 48s21.49 48 48 48 48-21.49 48-48c0-26.509-21.491-48-48-48zm294.156 0c-26.51 0-48 21.49-48 48s21.49 48 48 48 48-21.49 48-48c0-26.509-21.49-48-48-48zM108.922 60.922c-26.51 0-48 21.49-48 48s21.49 48 48 48 48-21.49 48-48-21.491-48-48-48z\"><\/path><\/svg>\t\t\t<\/span>\n\t\t\n\t\t\t\t<div class=\"e-load-more-anchor\" data-page=\"1\" data-max-page=\"4\" data-next-page=\"https:\/\/grupomkt.net\/Criptoncorp\/wp-json\/wp\/v2\/pages\/3055\/page\/2\/\"><\/div>\n\t\t\t\t<div class=\"e-load-more-message\"><\/div>\n\t\t\t\t\t\t<\/div>\n\t\t\t\t<\/div>\n\t\t\t\t\t<\/div>\n\t\t\t\t<\/div>\n\t\t\t\t<\/div>\n\t\t","protected":false},"excerpt":{"rendered":"<p>En CRIPTONoticias<\/p>\n","protected":false},"author":2,"featured_media":0,"parent":0,"menu_order":0,"comment_status":"closed","ping_status":"closed","template":"","meta":{"_acf_changed":false,"footnotes":""},"class_list":["post-3055","page","type-page","status-publish","hentry"],"acf":[],"_links":{"self":[{"href":"https:\/\/grupomkt.net\/Criptoncorp\/wp-json\/wp\/v2\/pages\/3055","targetHints":{"allow":["GET"]}}],"collection":[{"href":"https:\/\/grupomkt.net\/Criptoncorp\/wp-json\/wp\/v2\/pages"}],"about":[{"href":"https:\/\/grupomkt.net\/Criptoncorp\/wp-json\/wp\/v2\/types\/page"}],"author":[{"embeddable":true,"href":"https:\/\/grupomkt.net\/Criptoncorp\/wp-json\/wp\/v2\/users\/2"}],"replies":[{"embeddable":true,"href":"https:\/\/grupomkt.net\/Criptoncorp\/wp-json\/wp\/v2\/comments?post=3055"}],"version-history":[{"count":7,"href":"https:\/\/grupomkt.net\/Criptoncorp\/wp-json\/wp\/v2\/pages\/3055\/revisions"}],"predecessor-version":[{"id":3064,"href":"https:\/\/grupomkt.net\/Criptoncorp\/wp-json\/wp\/v2\/pages\/3055\/revisions\/3064"}],"wp:attachment":[{"href":"https:\/\/grupomkt.net\/Criptoncorp\/wp-json\/wp\/v2\/media?parent=3055"}],"curies":[{"name":"wp","href":"https:\/\/api.w.org\/{rel}","templated":true}]}}