{"id":2960,"date":"2025-08-13T14:23:18","date_gmt":"2025-08-13T19:23:18","guid":{"rendered":"https:\/\/grupomkt.net\/Criptoncorp\/?page_id=2960"},"modified":"2025-08-13T14:25:59","modified_gmt":"2025-08-13T19:25:59","slug":"seguridad-y-salud-en-el-trabajo","status":"publish","type":"page","link":"https:\/\/grupomkt.net\/Criptoncorp\/seguridad-y-salud-en-el-trabajo\/","title":{"rendered":"Seguridad y Salud en el Trabajo"},"content":{"rendered":"\t\t<div data-elementor-type=\"wp-page\" data-elementor-id=\"2960\" class=\"elementor elementor-2960\" data-elementor-post-type=\"page\">\n\t\t\t\t<div class=\"elementor-element elementor-element-be5d49b e-flex e-con-boxed e-con e-parent\" data-id=\"be5d49b\" data-element_type=\"container\" data-settings=\"{&quot;background_background&quot;:&quot;classic&quot;}\">\n\t\t\t\t\t<div class=\"e-con-inner\">\n\t\t\t\t<div class=\"elementor-element elementor-element-9dc9bc0 elementor-widget elementor-widget-heading\" data-id=\"9dc9bc0\" data-element_type=\"widget\" data-widget_type=\"heading.default\">\n\t\t\t\t\t<h2 class=\"elementor-heading-title elementor-size-default\">Servicios de Seguridad y Salud en el Trabajo\n\n<\/h2>\t\t\t\t<\/div>\n\t\t\t\t\t<\/div>\n\t\t\t\t<\/div>\n\t\t<div class=\"elementor-element elementor-element-26fd0ec e-flex e-con-boxed e-con e-parent\" data-id=\"26fd0ec\" data-element_type=\"container\">\n\t\t\t\t\t<div class=\"e-con-inner\">\n\t\t<div class=\"elementor-element elementor-element-3e47d00 e-con-full e-flex e-con e-child\" data-id=\"3e47d00\" data-element_type=\"container\">\n\t\t\t\t<div class=\"elementor-element elementor-element-1b27f0f elementor-widget elementor-widget-heading\" data-id=\"1b27f0f\" data-element_type=\"widget\" data-widget_type=\"heading.default\">\n\t\t\t\t\t<h2 class=\"elementor-heading-title elementor-size-default\">Servicios de Seguridad y Salud en el Trabajo\n<\/h2>\t\t\t\t<\/div>\n\t\t\t\t<div class=\"elementor-element elementor-element-439103f elementor-widget elementor-widget-text-editor\" data-id=\"439103f\" data-element_type=\"widget\" data-widget_type=\"text-editor.default\">\n\t\t\t\t\t\t\t\t\tBrindar Soluciones Efectivas para los clientes de acuerdo con la Organizaci\u00f3n, dirigida a promover y proteger la salud de los colaboradores mediante la prevenci\u00f3n y el control de enfermedades y accidentes y la eliminaci\u00f3n de los factores y condiciones que ponen en peligro la salud y la seguridad en el trabajo.\n\n\t\t\t\t\t\t\t\t<\/div>\n\t\t\t\t<div class=\"elementor-element elementor-element-5c514a1 elementor-widget elementor-widget-image\" data-id=\"5c514a1\" data-element_type=\"widget\" data-widget_type=\"image.default\">\n\t\t\t\t\t\t\t\t\t\t\t\t\t\t\t<img fetchpriority=\"high\" decoding=\"async\" width=\"1024\" height=\"577\" src=\"https:\/\/grupomkt.net\/Criptoncorp\/wp-content\/uploads\/2025\/08\/95368dbecc661caf7efebdb9c43364817e936d45-1024x577-1.jpg\" class=\"attachment-large size-large wp-image-2962 lazyload\" alt=\"\" srcset=\"data:image\/svg+xml,%3Csvg%20xmlns%3D%27http%3A%2F%2Fwww.w3.org%2F2000%2Fsvg%27%20width%3D%271024%27%20height%3D%27577%27%20viewBox%3D%270%200%201024%20577%27%3E%3Crect%20width%3D%271024%27%20height%3D%27577%27%20fill-opacity%3D%220%22%2F%3E%3C%2Fsvg%3E\" data-orig-src=\"https:\/\/grupomkt.net\/Criptoncorp\/wp-content\/uploads\/2025\/08\/95368dbecc661caf7efebdb9c43364817e936d45-1024x577-1.jpg\" data-srcset=\"https:\/\/grupomkt.net\/Criptoncorp\/wp-content\/uploads\/2025\/08\/95368dbecc661caf7efebdb9c43364817e936d45-1024x577-1-200x113.jpg 200w, https:\/\/grupomkt.net\/Criptoncorp\/wp-content\/uploads\/2025\/08\/95368dbecc661caf7efebdb9c43364817e936d45-1024x577-1-300x169.jpg 300w, https:\/\/grupomkt.net\/Criptoncorp\/wp-content\/uploads\/2025\/08\/95368dbecc661caf7efebdb9c43364817e936d45-1024x577-1-400x225.jpg 400w, https:\/\/grupomkt.net\/Criptoncorp\/wp-content\/uploads\/2025\/08\/95368dbecc661caf7efebdb9c43364817e936d45-1024x577-1-600x338.jpg 600w, https:\/\/grupomkt.net\/Criptoncorp\/wp-content\/uploads\/2025\/08\/95368dbecc661caf7efebdb9c43364817e936d45-1024x577-1-768x433.jpg 768w, https:\/\/grupomkt.net\/Criptoncorp\/wp-content\/uploads\/2025\/08\/95368dbecc661caf7efebdb9c43364817e936d45-1024x577-1-800x451.jpg 800w, https:\/\/grupomkt.net\/Criptoncorp\/wp-content\/uploads\/2025\/08\/95368dbecc661caf7efebdb9c43364817e936d45-1024x577-1.jpg 1024w\" data-sizes=\"auto\" \/>\t\t\t\t\t\t\t\t\t\t\t\t\t\t\t<\/div>\n\t\t\t\t<\/div>\n\t\t<div class=\"elementor-element elementor-element-ed8e79e e-con-full e-flex e-con e-child\" data-id=\"ed8e79e\" data-element_type=\"container\">\n\t\t\t\t<div class=\"elementor-element elementor-element-90882d6 elementor-widget elementor-widget-heading\" data-id=\"90882d6\" data-element_type=\"widget\" data-widget_type=\"heading.default\">\n\t\t\t\t\t<h2 class=\"elementor-heading-title elementor-size-default\">Servicios Generales<\/h2>\t\t\t\t<\/div>\n\t\t\t\t<div class=\"elementor-element elementor-element-1fc071a elementor-widget elementor-widget-text-editor\" data-id=\"1fc071a\" data-element_type=\"widget\" data-widget_type=\"text-editor.default\">\n\t\t\t\t\t\t\t\t\t<li><strong> <a href=\"http:\/\/criptonsa.com\/servicios-de-contabilidad\/\"><font size=\"5\" color=\"red\">C<\/font><font size=\"4\" color=\"black\">ontabilidad<\/font><\/a> <\/strong><\/li>\n<li><strong> <a href=\"http:\/\/criptonsa.com\/servicios-de-recursos-humanos\/\"><font size=\"5\" color=\"red\">R<\/font><font size=\"4\" color=\"black\">ecursos Humanos<\/font><\/a> <\/strong><\/li>\n<li><strong> <a href=\"http:\/\/criptonsa.com\/informaticos\/\"><font size=\"5\" color=\"red\">I<\/font><font size=\"4\" color=\"black\">nform\u00e1tica<\/font><\/a><\/strong><\/li>\n<li><a href=\"http:\/\/criptonsa.com\/informaticos\/\"><strong> <\/strong><\/a><strong><a href=\"http:\/\/criptonsa.com\/servicios-de-procesos-administrativos\/\"><font size=\"5\" color=\"red\">P<\/font><font size=\"4\" color=\"black\">rocesos Administrativos<\/font><\/a> <\/strong><\/li>\n<li><strong> <a href=\"http:\/\/criptonsa.com\/servicios-tributarios\/\"><font size=\"5\" color=\"red\">T<\/font><font size=\"4\" color=\"black\">ributarios<\/font><\/a> <\/strong><\/li>\n<li><strong> <a href=\"http:\/\/criptonsa.com\/servicios-organizacionales\/\"><font size=\"5\" color=\"red\">O<\/font><font size=\"4\" color=\"black\">rganizacionales<\/font><\/a> <\/strong><\/li>\n<li><strong> <a href=\"http:\/\/criptonsa.com\/servicios-de-niif\/\"><font size=\"5\" color=\"red\">N<\/font><font size=\"4\" color=\"black\">IIF<\/font><\/a> <\/strong><\/li><li><strong> <a href=\"http:\/\/criptonsa.com\/servicios-de-seguridad-y-salud-en-el-trabajo\/\"><font size=\"5\" color=\"red\">S<\/font><font size=\"4\" color=\"black\">eguridad y Salud Laboral<\/font><\/a> <\/strong><\/li><li><strong> <a href=\"http:\/\/criptonsa.com\/servicios-de-auditoria-interna\/\"><font size=\"5\" color=\"red\">A<\/font><font size=\"4\" color=\"black\">uditor\u00eda Interna<\/font><\/a> <\/strong> <\/li>\t\t\t\t\t\t\t\t<\/div>\n\t\t\t\t<\/div>\n\t\t\t\t\t<\/div>\n\t\t\t\t<\/div>\n\t\t<div class=\"elementor-element elementor-element-57acf32 e-flex e-con-boxed e-con e-parent\" data-id=\"57acf32\" data-element_type=\"container\">\n\t\t\t\t\t<div class=\"e-con-inner\">\n\t\t\t\t<div class=\"elementor-element elementor-element-3d9e3f5 elementor-widget elementor-widget-heading\" data-id=\"3d9e3f5\" data-element_type=\"widget\" data-widget_type=\"heading.default\">\n\t\t\t\t\t<h2 class=\"elementor-heading-title elementor-size-default\">Detalle de Servicios\n<\/h2>\t\t\t\t<\/div>\n\t\t\t\t\t<\/div>\n\t\t\t\t<\/div>\n\t\t<div class=\"elementor-element elementor-element-485721c e-flex e-con-boxed e-con e-parent\" data-id=\"485721c\" data-element_type=\"container\">\n\t\t\t\t\t<div class=\"e-con-inner\">\n\t\t<div class=\"elementor-element elementor-element-975d271 e-con-full e-flex e-con e-child\" data-id=\"975d271\" data-element_type=\"container\">\n\t\t\t\t<div class=\"elementor-element elementor-element-8dcea5b elementor-widget elementor-widget-text-editor\" data-id=\"8dcea5b\" data-element_type=\"widget\" data-widget_type=\"text-editor.default\">\n\t\t\t\t\t\t\t\t\t<div class=\"column_attr clearfix align_left\" style=\"\"><ul style=\"list-style-type: disc;margin-left:26px;\">\n    <li><span style=\"font-family:&quot;Verdana&quot;,sans-serif;font-size:9.0pt;\">Reglamento Interno de Trabajo<\/span><\/li>\n    <li><span style=\"font-family:&quot;Verdana&quot;,sans-serif;font-size:9.0pt;\">Reglamento Interno de Seguridad y Salud Ocupacional (obligatorio para empresas con m\u00e1s de 10 colaboradores)<\/span><\/li>\n    <li><span style=\"font-family:&quot;Verdana&quot;,sans-serif;font-size:9.0pt;\">Comit\u00e9 Paritario o delegado de Seguridad e Higiene (obligatorio para empresas con m\u00e1s de 15 colaboradores)<\/span><\/li>\n    <li><span style=\"font-family:&quot;Verdana&quot;,sans-serif;font-size:9.0pt;\">Indicadores de Gesti\u00f3n (IESS)<\/span><\/li>\n    <li><span style=\"font-family:&quot;Verdana&quot;,sans-serif;font-size:9.0pt;\">Matriz de Riesgos<\/span><\/li>\n    <li><span style=\"font-family:&quot;Verdana&quot;,sans-serif;font-size:9.0pt;\">Profesiogramas<\/span><\/li>\n    <li><span style=\"font-family:&quot;Verdana&quot;,sans-serif;font-size:9.0pt;\">Manual de Seguridad y Salud en el Trabajo<\/span><\/li>\n    <li><span style=\"font-family:&quot;Verdana&quot;,sans-serif;font-size:9.0pt;\">Plan m\u00ednimo de Prevenci\u00f3n de Riesgos (obligatorio para empresas de menos de 10 colaboradores)<\/span><\/li>\n    <li><span style=\"font-family:&quot;Verdana&quot;,sans-serif;font-size:9.0pt;\">Se\u00f1al\u00e9tica de puestos de trabajo seg\u00fan factores de riesgo<\/span><\/li>\n    <li><span style=\"font-family:&quot;Verdana&quot;,sans-serif;font-size:9.0pt;\">Plan de Emergencias<\/span><\/li>\n    <li><span style=\"font-family:&quot;Verdana&quot;,sans-serif;font-size:9.0pt;\">Formaci\u00f3n de Brigadas o Responsable de Prevenci\u00f3n de Riesgos<\/span><\/li>\n    <li><span style=\"font-family:&quot;Verdana&quot;,sans-serif;font-size:9.0pt;\">Ejecuci\u00f3n de Simulacros<\/span><\/li>\n    <li><span style=\"font-family:&quot;Verdana&quot;,sans-serif;font-size:9.0pt;\">Programas de Medicina Preventiva (charlas):&nbsp;<\/span><\/li>\n<\/ul>\n<ul style=\"list-style-type: disc;margin-left:44px;\">\n    <li><span style=\"font-family:&quot;Verdana&quot;,sans-serif;font-size:9.0pt;\">Prevenci\u00f3n de VIH\/SIDA<\/span><\/li>\n    <li><span style=\"font-family:&quot;Verdana&quot;,sans-serif;font-size:9.0pt;\">Prevenci\u00f3n de Violencia Psicol\u00f3gica<\/span><\/li>\n    <li><span style=\"font-family:&quot;Verdana&quot;,sans-serif;font-size:9.0pt;\">Prevenci\u00f3n de Salud Reproductiva<\/span><\/li>\n    <li><span style=\"font-family:&quot;Verdana&quot;,sans-serif;font-size:9.0pt;\">Programa prevenci\u00f3n uso de drogas.<\/span><\/li>\n<\/ul>\n<ul style=\"list-style-type: disc;margin-left:26px;\">\n    <li><span style=\"font-family:&quot;Verdana&quot;,sans-serif;font-size:9.0pt;\">Diagn\u00f3sticos y Fichas M\u00e9dicas Ocupacionales (obligatorias una vez al a\u00f1o).<\/span><\/li>\n    <li><span style=\"font-family:&quot;Verdana&quot;,sans-serif;font-size:9.0pt;\">Mediciones de Higiene Industrial.<\/span><\/li>\n<\/ul>\n<p style=\"margin:0cm;font-size:15px;font-family:&quot;Calibri&quot;,sans-serif;text-align:justify;\"><strong><span style=\"font-size:12px;font-family:&quot;Verdana&quot;,sans-serif;\">&nbsp;<\/span><\/strong><\/p>\n<\/div>\t\t\t\t\t\t\t\t<\/div>\n\t\t\t\t<\/div>\n\t\t\t\t\t<\/div>\n\t\t\t\t<\/div>\n\t\t\t\t<\/div>\n\t\t","protected":false},"excerpt":{"rendered":"<p>Servicios de Seguridad y Salud en el Trabajo Servicios de  [&#8230;]<\/p>\n","protected":false},"author":2,"featured_media":0,"parent":0,"menu_order":0,"comment_status":"closed","ping_status":"closed","template":"100-width.php","meta":{"_acf_changed":false,"footnotes":""},"class_list":["post-2960","page","type-page","status-publish","hentry"],"acf":[],"_links":{"self":[{"href":"https:\/\/grupomkt.net\/Criptoncorp\/wp-json\/wp\/v2\/pages\/2960","targetHints":{"allow":["GET"]}}],"collection":[{"href":"https:\/\/grupomkt.net\/Criptoncorp\/wp-json\/wp\/v2\/pages"}],"about":[{"href":"https:\/\/grupomkt.net\/Criptoncorp\/wp-json\/wp\/v2\/types\/page"}],"author":[{"embeddable":true,"href":"https:\/\/grupomkt.net\/Criptoncorp\/wp-json\/wp\/v2\/users\/2"}],"replies":[{"embeddable":true,"href":"https:\/\/grupomkt.net\/Criptoncorp\/wp-json\/wp\/v2\/comments?post=2960"}],"version-history":[{"count":4,"href":"https:\/\/grupomkt.net\/Criptoncorp\/wp-json\/wp\/v2\/pages\/2960\/revisions"}],"predecessor-version":[{"id":2966,"href":"https:\/\/grupomkt.net\/Criptoncorp\/wp-json\/wp\/v2\/pages\/2960\/revisions\/2966"}],"wp:attachment":[{"href":"https:\/\/grupomkt.net\/Criptoncorp\/wp-json\/wp\/v2\/media?parent=2960"}],"curies":[{"name":"wp","href":"https:\/\/api.w.org\/{rel}","templated":true}]}}