{"id":2953,"date":"2025-08-13T14:19:05","date_gmt":"2025-08-13T19:19:05","guid":{"rendered":"https:\/\/grupomkt.net\/Criptoncorp\/?page_id=2953"},"modified":"2025-08-13T14:21:56","modified_gmt":"2025-08-13T19:21:56","slug":"servicios-de-niif","status":"publish","type":"page","link":"https:\/\/grupomkt.net\/Criptoncorp\/servicios-de-niif\/","title":{"rendered":"Servicios de NIIF"},"content":{"rendered":"\t\t<div data-elementor-type=\"wp-page\" data-elementor-id=\"2953\" class=\"elementor elementor-2953\" data-elementor-post-type=\"page\">\n\t\t\t\t<div class=\"elementor-element elementor-element-be5d49b e-flex e-con-boxed e-con e-parent\" data-id=\"be5d49b\" data-element_type=\"container\" data-settings=\"{&quot;background_background&quot;:&quot;classic&quot;}\">\n\t\t\t\t\t<div class=\"e-con-inner\">\n\t\t\t\t<div class=\"elementor-element elementor-element-9dc9bc0 elementor-widget elementor-widget-heading\" data-id=\"9dc9bc0\" data-element_type=\"widget\" data-widget_type=\"heading.default\">\n\t\t\t\t\t<h2 class=\"elementor-heading-title elementor-size-default\">Servicios de NIIF<\/h2>\t\t\t\t<\/div>\n\t\t\t\t\t<\/div>\n\t\t\t\t<\/div>\n\t\t<div class=\"elementor-element elementor-element-26fd0ec e-flex e-con-boxed e-con e-parent\" data-id=\"26fd0ec\" data-element_type=\"container\">\n\t\t\t\t\t<div class=\"e-con-inner\">\n\t\t<div class=\"elementor-element elementor-element-3e47d00 e-con-full e-flex e-con e-child\" data-id=\"3e47d00\" data-element_type=\"container\">\n\t\t\t\t<div class=\"elementor-element elementor-element-1b27f0f elementor-widget elementor-widget-heading\" data-id=\"1b27f0f\" data-element_type=\"widget\" data-widget_type=\"heading.default\">\n\t\t\t\t\t<h2 class=\"elementor-heading-title elementor-size-default\">SERVICIOS NIIF<\/h2>\t\t\t\t<\/div>\n\t\t\t\t<div class=\"elementor-element elementor-element-439103f elementor-widget elementor-widget-text-editor\" data-id=\"439103f\" data-element_type=\"widget\" data-widget_type=\"text-editor.default\">\n\t\t\t\t\t\t\t\t\tBrindar Soluciones Efectivas para los clientes estableciendo los requerimientos de reconocimiento, medici\u00f3n, presentaci\u00f3n e informaci\u00f3n a revelar que se refieran a las transacciones, sucesos y condiciones importantes en los estados financieros de la empresa con prop\u00f3sito de informaci\u00f3n genera\t\t\t\t\t\t\t\t<\/div>\n\t\t\t\t<div class=\"elementor-element elementor-element-5c514a1 elementor-widget elementor-widget-image\" data-id=\"5c514a1\" data-element_type=\"widget\" data-widget_type=\"image.default\">\n\t\t\t\t\t\t\t\t\t\t\t\t\t\t\t<img fetchpriority=\"high\" decoding=\"async\" width=\"285\" height=\"285\" src=\"https:\/\/grupomkt.net\/Criptoncorp\/wp-content\/uploads\/2025\/08\/Logo-NIIF-SAI-OPEN.fw_.png\" class=\"attachment-large size-large wp-image-2956 lazyload\" alt=\"\" srcset=\"data:image\/svg+xml,%3Csvg%20xmlns%3D%27http%3A%2F%2Fwww.w3.org%2F2000%2Fsvg%27%20width%3D%27285%27%20height%3D%27285%27%20viewBox%3D%270%200%20285%20285%27%3E%3Crect%20width%3D%27285%27%20height%3D%27285%27%20fill-opacity%3D%220%22%2F%3E%3C%2Fsvg%3E\" data-orig-src=\"https:\/\/grupomkt.net\/Criptoncorp\/wp-content\/uploads\/2025\/08\/Logo-NIIF-SAI-OPEN.fw_.png\" data-srcset=\"https:\/\/grupomkt.net\/Criptoncorp\/wp-content\/uploads\/2025\/08\/Logo-NIIF-SAI-OPEN.fw_-66x66.png 66w, https:\/\/grupomkt.net\/Criptoncorp\/wp-content\/uploads\/2025\/08\/Logo-NIIF-SAI-OPEN.fw_-150x150.png 150w, https:\/\/grupomkt.net\/Criptoncorp\/wp-content\/uploads\/2025\/08\/Logo-NIIF-SAI-OPEN.fw_-200x200.png 200w, https:\/\/grupomkt.net\/Criptoncorp\/wp-content\/uploads\/2025\/08\/Logo-NIIF-SAI-OPEN.fw_.png 285w\" data-sizes=\"auto\" \/>\t\t\t\t\t\t\t\t\t\t\t\t\t\t\t<\/div>\n\t\t\t\t<\/div>\n\t\t<div class=\"elementor-element elementor-element-ed8e79e e-con-full e-flex e-con e-child\" data-id=\"ed8e79e\" data-element_type=\"container\">\n\t\t\t\t<div class=\"elementor-element elementor-element-90882d6 elementor-widget elementor-widget-heading\" data-id=\"90882d6\" data-element_type=\"widget\" data-widget_type=\"heading.default\">\n\t\t\t\t\t<h2 class=\"elementor-heading-title elementor-size-default\">Servicios Generales<\/h2>\t\t\t\t<\/div>\n\t\t\t\t<div class=\"elementor-element elementor-element-1fc071a elementor-widget elementor-widget-text-editor\" data-id=\"1fc071a\" data-element_type=\"widget\" data-widget_type=\"text-editor.default\">\n\t\t\t\t\t\t\t\t\t<li><strong> <a href=\"http:\/\/criptonsa.com\/servicios-de-contabilidad\/\"><font size=\"5\" color=\"red\">C<\/font><font size=\"4\" color=\"black\">ontabilidad<\/font><\/a> <\/strong><\/li>\n<li><strong> <a href=\"http:\/\/criptonsa.com\/servicios-de-recursos-humanos\/\"><font size=\"5\" color=\"red\">R<\/font><font size=\"4\" color=\"black\">ecursos Humanos<\/font><\/a> <\/strong><\/li>\n<li><strong> <a href=\"http:\/\/criptonsa.com\/informaticos\/\"><font size=\"5\" color=\"red\">I<\/font><font size=\"4\" color=\"black\">nform\u00e1tica<\/font><\/a><\/strong><\/li>\n<li><a href=\"http:\/\/criptonsa.com\/informaticos\/\"><strong> <\/strong><\/a><strong><a href=\"http:\/\/criptonsa.com\/servicios-de-procesos-administrativos\/\"><font size=\"5\" color=\"red\">P<\/font><font size=\"4\" color=\"black\">rocesos Administrativos<\/font><\/a> <\/strong><\/li>\n<li><strong> <a href=\"http:\/\/criptonsa.com\/servicios-tributarios\/\"><font size=\"5\" color=\"red\">T<\/font><font size=\"4\" color=\"black\">ributarios<\/font><\/a> <\/strong><\/li>\n<li><strong> <a href=\"http:\/\/criptonsa.com\/servicios-organizacionales\/\"><font size=\"5\" color=\"red\">O<\/font><font size=\"4\" color=\"black\">rganizacionales<\/font><\/a> <\/strong><\/li>\n<li><strong> <a href=\"http:\/\/criptonsa.com\/servicios-de-niif\/\"><font size=\"5\" color=\"red\">N<\/font><font size=\"4\" color=\"black\">IIF<\/font><\/a> <\/strong><\/li><li><strong> <a href=\"http:\/\/criptonsa.com\/servicios-de-seguridad-y-salud-en-el-trabajo\/\"><font size=\"5\" color=\"red\">S<\/font><font size=\"4\" color=\"black\">eguridad y Salud Laboral<\/font><\/a> <\/strong><\/li><li><strong> <a href=\"http:\/\/criptonsa.com\/servicios-de-auditoria-interna\/\"><font size=\"5\" color=\"red\">A<\/font><font size=\"4\" color=\"black\">uditor\u00eda Interna<\/font><\/a> <\/strong> <\/li>\t\t\t\t\t\t\t\t<\/div>\n\t\t\t\t<\/div>\n\t\t\t\t\t<\/div>\n\t\t\t\t<\/div>\n\t\t<div class=\"elementor-element elementor-element-57acf32 e-flex e-con-boxed e-con e-parent\" data-id=\"57acf32\" data-element_type=\"container\">\n\t\t\t\t\t<div class=\"e-con-inner\">\n\t\t\t\t<div class=\"elementor-element elementor-element-3d9e3f5 elementor-widget elementor-widget-heading\" data-id=\"3d9e3f5\" data-element_type=\"widget\" data-widget_type=\"heading.default\">\n\t\t\t\t\t<h2 class=\"elementor-heading-title elementor-size-default\">Detalle de Servicios NIIF\n<\/h2>\t\t\t\t<\/div>\n\t\t\t\t\t<\/div>\n\t\t\t\t<\/div>\n\t\t<div class=\"elementor-element elementor-element-485721c e-flex e-con-boxed e-con e-parent\" data-id=\"485721c\" data-element_type=\"container\">\n\t\t\t\t\t<div class=\"e-con-inner\">\n\t\t<div class=\"elementor-element elementor-element-975d271 e-con-full e-flex e-con e-child\" data-id=\"975d271\" data-element_type=\"container\">\n\t\t\t\t<div class=\"elementor-element elementor-element-8dcea5b elementor-widget elementor-widget-text-editor\" data-id=\"8dcea5b\" data-element_type=\"widget\" data-widget_type=\"text-editor.default\">\n\t\t\t\t\t\t\t\t\t<div class=\"column_attr clearfix align_left\" style=\"\"><ul>\n<li>Outsourcing de NIIF<\/li>\n<li>Revalorizaci\u00f3n de activos fijos<\/li>\n<li>An\u00e1lisis de tipos de inventarios para aplicaci\u00f3n de NIIF<\/li>\n<li>Diagn\u00f3stico de los impactos contable potenciales por aplicaci\u00f3n de las NIIF<\/li>\n<li>Elaboraci\u00f3n de notas de los estados financieros (revelaciones)<\/li>\n<li>Elaboraci\u00f3n de Estados Financieros con aplicaci\u00f3n de las NIIF<\/li>\n<li>Elaboraci\u00f3n de Cambios en el Patrimonio<\/li>\n<li>Elaboraci\u00f3n del Flujo de Efectivo<\/li>\n<li>Informe Final con los resultados del proceso<\/li>\n<li>Asesor\u00eda en atenci\u00f3n y soporte permanente&nbsp;a consultas<\/li>\n<li>An\u00e1lisis para el proceso de transici\u00f3n de NEC &#8211; NIIF<\/li>\n<\/ul><\/div>\t\t\t\t\t\t\t\t<\/div>\n\t\t\t\t<\/div>\n\t\t\t\t\t<\/div>\n\t\t\t\t<\/div>\n\t\t\t\t<\/div>\n\t\t","protected":false},"excerpt":{"rendered":"<p>Servicios de NIIF SERVICIOS NIIF Brindar Soluciones Efectivas para los  [&#8230;]<\/p>\n","protected":false},"author":2,"featured_media":0,"parent":0,"menu_order":0,"comment_status":"closed","ping_status":"closed","template":"100-width.php","meta":{"_acf_changed":false,"footnotes":""},"class_list":["post-2953","page","type-page","status-publish","hentry"],"acf":[],"_links":{"self":[{"href":"https:\/\/grupomkt.net\/Criptoncorp\/wp-json\/wp\/v2\/pages\/2953","targetHints":{"allow":["GET"]}}],"collection":[{"href":"https:\/\/grupomkt.net\/Criptoncorp\/wp-json\/wp\/v2\/pages"}],"about":[{"href":"https:\/\/grupomkt.net\/Criptoncorp\/wp-json\/wp\/v2\/types\/page"}],"author":[{"embeddable":true,"href":"https:\/\/grupomkt.net\/Criptoncorp\/wp-json\/wp\/v2\/users\/2"}],"replies":[{"embeddable":true,"href":"https:\/\/grupomkt.net\/Criptoncorp\/wp-json\/wp\/v2\/comments?post=2953"}],"version-history":[{"count":4,"href":"https:\/\/grupomkt.net\/Criptoncorp\/wp-json\/wp\/v2\/pages\/2953\/revisions"}],"predecessor-version":[{"id":2959,"href":"https:\/\/grupomkt.net\/Criptoncorp\/wp-json\/wp\/v2\/pages\/2953\/revisions\/2959"}],"wp:attachment":[{"href":"https:\/\/grupomkt.net\/Criptoncorp\/wp-json\/wp\/v2\/media?parent=2953"}],"curies":[{"name":"wp","href":"https:\/\/api.w.org\/{rel}","templated":true}]}}