{"id":2946,"date":"2025-08-13T14:15:02","date_gmt":"2025-08-13T19:15:02","guid":{"rendered":"https:\/\/grupomkt.net\/Criptoncorp\/?page_id=2946"},"modified":"2025-08-13T14:17:28","modified_gmt":"2025-08-13T19:17:28","slug":"servicios-organizacionales","status":"publish","type":"page","link":"https:\/\/grupomkt.net\/Criptoncorp\/servicios-organizacionales\/","title":{"rendered":"Servicios Organizacionales"},"content":{"rendered":"\t\t<div data-elementor-type=\"wp-page\" data-elementor-id=\"2946\" class=\"elementor elementor-2946\" data-elementor-post-type=\"page\">\n\t\t\t\t<div class=\"elementor-element elementor-element-be5d49b e-flex e-con-boxed e-con e-parent\" data-id=\"be5d49b\" data-element_type=\"container\" data-settings=\"{&quot;background_background&quot;:&quot;classic&quot;}\">\n\t\t\t\t\t<div class=\"e-con-inner\">\n\t\t\t\t<div class=\"elementor-element elementor-element-9dc9bc0 elementor-widget elementor-widget-heading\" data-id=\"9dc9bc0\" data-element_type=\"widget\" data-widget_type=\"heading.default\">\n\t\t\t\t\t<h2 class=\"elementor-heading-title elementor-size-default\">Servicios Organizacionales<\/h2>\t\t\t\t<\/div>\n\t\t\t\t\t<\/div>\n\t\t\t\t<\/div>\n\t\t<div class=\"elementor-element elementor-element-26fd0ec e-flex e-con-boxed e-con e-parent\" data-id=\"26fd0ec\" data-element_type=\"container\">\n\t\t\t\t\t<div class=\"e-con-inner\">\n\t\t<div class=\"elementor-element elementor-element-3e47d00 e-con-full e-flex e-con e-child\" data-id=\"3e47d00\" data-element_type=\"container\">\n\t\t\t\t<div class=\"elementor-element elementor-element-1b27f0f elementor-widget elementor-widget-heading\" data-id=\"1b27f0f\" data-element_type=\"widget\" data-widget_type=\"heading.default\">\n\t\t\t\t\t<h2 class=\"elementor-heading-title elementor-size-default\">Servicios Organizacionales<\/h2>\t\t\t\t<\/div>\n\t\t\t\t<div class=\"elementor-element elementor-element-439103f elementor-widget elementor-widget-text-editor\" data-id=\"439103f\" data-element_type=\"widget\" data-widget_type=\"text-editor.default\">\n\t\t\t\t\t\t\t\t\tBrindar Soluciones Efectivas para los clientes, independientemente sea la actividad econ\u00f3mica, teniendo procesos organizados y claros para poder mejorar cada d\u00eda el servicio hacia los clientes externos e internos y ser una empresa exitosa en: estrategia organizacional, equipos de alto desempe\u00f1o, reingenier\u00eda y calidad total.\t\t\t\t\t\t\t\t<\/div>\n\t\t\t\t<div class=\"elementor-element elementor-element-5c514a1 elementor-widget elementor-widget-image\" data-id=\"5c514a1\" data-element_type=\"widget\" data-widget_type=\"image.default\">\n\t\t\t\t\t\t\t\t\t\t\t\t\t\t\t<img fetchpriority=\"high\" decoding=\"async\" width=\"990\" height=\"526\" src=\"https:\/\/grupomkt.net\/Criptoncorp\/wp-content\/uploads\/2025\/08\/tres-pilares-debe-tener-organizacion-exito.jpg\" class=\"attachment-large size-large wp-image-2949 lazyload\" alt=\"\" srcset=\"data:image\/svg+xml,%3Csvg%20xmlns%3D%27http%3A%2F%2Fwww.w3.org%2F2000%2Fsvg%27%20width%3D%27990%27%20height%3D%27526%27%20viewBox%3D%270%200%20990%20526%27%3E%3Crect%20width%3D%27990%27%20height%3D%27526%27%20fill-opacity%3D%220%22%2F%3E%3C%2Fsvg%3E\" data-orig-src=\"https:\/\/grupomkt.net\/Criptoncorp\/wp-content\/uploads\/2025\/08\/tres-pilares-debe-tener-organizacion-exito.jpg\" data-srcset=\"https:\/\/grupomkt.net\/Criptoncorp\/wp-content\/uploads\/2025\/08\/tres-pilares-debe-tener-organizacion-exito-200x106.jpg 200w, https:\/\/grupomkt.net\/Criptoncorp\/wp-content\/uploads\/2025\/08\/tres-pilares-debe-tener-organizacion-exito-300x159.jpg 300w, https:\/\/grupomkt.net\/Criptoncorp\/wp-content\/uploads\/2025\/08\/tres-pilares-debe-tener-organizacion-exito-400x213.jpg 400w, https:\/\/grupomkt.net\/Criptoncorp\/wp-content\/uploads\/2025\/08\/tres-pilares-debe-tener-organizacion-exito-600x319.jpg 600w, https:\/\/grupomkt.net\/Criptoncorp\/wp-content\/uploads\/2025\/08\/tres-pilares-debe-tener-organizacion-exito-768x408.jpg 768w, https:\/\/grupomkt.net\/Criptoncorp\/wp-content\/uploads\/2025\/08\/tres-pilares-debe-tener-organizacion-exito-800x425.jpg 800w, https:\/\/grupomkt.net\/Criptoncorp\/wp-content\/uploads\/2025\/08\/tres-pilares-debe-tener-organizacion-exito.jpg 990w\" data-sizes=\"auto\" \/>\t\t\t\t\t\t\t\t\t\t\t\t\t\t\t<\/div>\n\t\t\t\t<\/div>\n\t\t<div class=\"elementor-element elementor-element-ed8e79e e-con-full e-flex e-con e-child\" data-id=\"ed8e79e\" data-element_type=\"container\">\n\t\t\t\t<div class=\"elementor-element elementor-element-90882d6 elementor-widget elementor-widget-heading\" data-id=\"90882d6\" data-element_type=\"widget\" data-widget_type=\"heading.default\">\n\t\t\t\t\t<h2 class=\"elementor-heading-title elementor-size-default\">Servicios Generales<\/h2>\t\t\t\t<\/div>\n\t\t\t\t<div class=\"elementor-element elementor-element-1fc071a elementor-widget elementor-widget-text-editor\" data-id=\"1fc071a\" data-element_type=\"widget\" data-widget_type=\"text-editor.default\">\n\t\t\t\t\t\t\t\t\t<li><strong> <a href=\"http:\/\/criptonsa.com\/servicios-de-contabilidad\/\"><font size=\"5\" color=\"red\">C<\/font><font size=\"4\" color=\"black\">ontabilidad<\/font><\/a> <\/strong><\/li>\n<li><strong> <a href=\"http:\/\/criptonsa.com\/servicios-de-recursos-humanos\/\"><font size=\"5\" color=\"red\">R<\/font><font size=\"4\" color=\"black\">ecursos Humanos<\/font><\/a> <\/strong><\/li>\n<li><strong> <a href=\"http:\/\/criptonsa.com\/informaticos\/\"><font size=\"5\" color=\"red\">I<\/font><font size=\"4\" color=\"black\">nform\u00e1tica<\/font><\/a><\/strong><\/li>\n<li><a href=\"http:\/\/criptonsa.com\/informaticos\/\"><strong> <\/strong><\/a><strong><a href=\"http:\/\/criptonsa.com\/servicios-de-procesos-administrativos\/\"><font size=\"5\" color=\"red\">P<\/font><font size=\"4\" color=\"black\">rocesos Administrativos<\/font><\/a> <\/strong><\/li>\n<li><strong> <a href=\"http:\/\/criptonsa.com\/servicios-tributarios\/\"><font size=\"5\" color=\"red\">T<\/font><font size=\"4\" color=\"black\">ributarios<\/font><\/a> <\/strong><\/li>\n<li><strong> <a href=\"http:\/\/criptonsa.com\/servicios-organizacionales\/\"><font size=\"5\" color=\"red\">O<\/font><font size=\"4\" color=\"black\">rganizacionales<\/font><\/a> <\/strong><\/li>\n<li><strong> <a href=\"http:\/\/criptonsa.com\/servicios-de-niif\/\"><font size=\"5\" color=\"red\">N<\/font><font size=\"4\" color=\"black\">IIF<\/font><\/a> <\/strong><\/li><li><strong> <a href=\"http:\/\/criptonsa.com\/servicios-de-seguridad-y-salud-en-el-trabajo\/\"><font size=\"5\" color=\"red\">S<\/font><font size=\"4\" color=\"black\">eguridad y Salud Laboral<\/font><\/a> <\/strong><\/li><li><strong> <a href=\"http:\/\/criptonsa.com\/servicios-de-auditoria-interna\/\"><font size=\"5\" color=\"red\">A<\/font><font size=\"4\" color=\"black\">uditor\u00eda Interna<\/font><\/a> <\/strong> <\/li>\t\t\t\t\t\t\t\t<\/div>\n\t\t\t\t<\/div>\n\t\t\t\t\t<\/div>\n\t\t\t\t<\/div>\n\t\t<div class=\"elementor-element elementor-element-57acf32 e-flex e-con-boxed e-con e-parent\" data-id=\"57acf32\" data-element_type=\"container\">\n\t\t\t\t\t<div class=\"e-con-inner\">\n\t\t\t\t<div class=\"elementor-element elementor-element-3d9e3f5 elementor-widget elementor-widget-heading\" data-id=\"3d9e3f5\" data-element_type=\"widget\" data-widget_type=\"heading.default\">\n\t\t\t\t\t<h2 class=\"elementor-heading-title elementor-size-default\">Detalle de Servicios Organizacionales\n<\/h2>\t\t\t\t<\/div>\n\t\t\t\t\t<\/div>\n\t\t\t\t<\/div>\n\t\t<div class=\"elementor-element elementor-element-485721c e-flex e-con-boxed e-con e-parent\" data-id=\"485721c\" data-element_type=\"container\">\n\t\t\t\t\t<div class=\"e-con-inner\">\n\t\t<div class=\"elementor-element elementor-element-975d271 e-con-full e-flex e-con e-child\" data-id=\"975d271\" data-element_type=\"container\">\n\t\t\t\t<div class=\"elementor-element elementor-element-8dcea5b elementor-widget elementor-widget-text-editor\" data-id=\"8dcea5b\" data-element_type=\"widget\" data-widget_type=\"text-editor.default\">\n\t\t\t\t\t\t\t\t\t<div class=\"column_attr clearfix\" style=\"\"><ul style=\"list-style-type: disc;margin-left:26px;\">\n    <li><span style=\"font-family:&quot;Verdana&quot;,sans-serif;font-size:9.0pt;\">Adecuaci\u00f3n organizativa.<\/span><\/li>\n    <li><span style=\"font-family:&quot;Verdana&quot;,sans-serif;font-size:9.0pt;\">Definici\u00f3n del marco filos\u00f3fico de la organizaci\u00f3n.<\/span><\/li>\n    <li><span style=\"font-family:&quot;Verdana&quot;,sans-serif;font-size:9.0pt;\">Perfiles de puestos.<\/span><\/li>\n    <li><span style=\"font-family:&quot;Verdana&quot;,sans-serif;font-size:9.0pt;\">Descripci\u00f3n de procesos.<\/span><\/li>\n    <li><span style=\"font-family:&quot;Verdana&quot;,sans-serif;font-size:9.0pt;\">Rutas de carreras y sistemas de compensaci\u00f3n salarial<\/span><\/li>\n    <li><span style=\"font-family:&quot;Verdana&quot;,sans-serif;font-size:9.0pt;\">Elaboraci\u00f3n de manuales de procedimientos.<\/span><\/li>\n    <li><span style=\"font-family:&quot;Verdana&quot;,sans-serif;font-size:9.0pt;\">Gesti\u00f3n del cambio.<\/span><\/li>\n    <li><span style=\"font-family:&quot;Verdana&quot;,sans-serif;font-size:9.0pt;\">Gesti\u00f3n del conocimiento.<\/span><\/li>\n    <li><span style=\"font-family:&quot;Verdana&quot;,sans-serif;font-size:9.0pt;\">Definici\u00f3n de roles y responsabilidades.<\/span><\/li>\n    <li><span style=\"font-family:&quot;Verdana&quot;,sans-serif;font-size:9.0pt;\">Evaluaci\u00f3n de puestos de trabajo.<\/span><\/li>\n<\/ul><\/div>\t\t\t\t\t\t\t\t<\/div>\n\t\t\t\t<\/div>\n\t\t<div class=\"elementor-element elementor-element-23233df e-con-full e-flex e-con e-child\" data-id=\"23233df\" data-element_type=\"container\">\n\t\t\t\t<div class=\"elementor-element elementor-element-2c7596a elementor-widget elementor-widget-text-editor\" data-id=\"2c7596a\" data-element_type=\"widget\" data-widget_type=\"text-editor.default\">\n\t\t\t\t\t\t\t\t\t<div class=\"column_attr clearfix\" style=\"\"><ul style=\"list-style-type: disc;margin-left:26px;\">\n    <li><span style=\"font-size:12px;font-family:&quot;Verdana&quot;,sans-serif;\">An\u00e1lisis de plantillas<\/span><span style=\"font-family:&quot;Verdana&quot;,sans-serif;font-size:9.0pt;\"><br><\/span><\/li>\n    <li><span style=\"font-family:&quot;Verdana&quot;,sans-serif;font-size:9.0pt;\">Gesti\u00f3n de la comunicaci\u00f3n interna.<\/span><\/li>\n    <li><span style=\"font-family:&quot;Verdana&quot;,sans-serif;font-size:9.0pt;\">Gesti\u00f3n de comunicaci\u00f3n externa.<\/span><\/li>\n    <li><span style=\"font-family:&quot;Verdana&quot;,sans-serif;font-size:9.0pt;\">Dise\u00f1o y revisi\u00f3n de planes estrat\u00e9gicos y operacionales<\/span><\/li>\n    <li><span style=\"font-family:&quot;Verdana&quot;,sans-serif;font-size:9.0pt;\">Organizaci\u00f3n y reorganizaci\u00f3n de empresas<\/span><\/li>\n    <li><span style=\"font-family:&quot;Verdana&quot;,sans-serif;font-size:9.0pt;\">Documentaci\u00f3n de manuales de organizaci\u00f3n y funciones<\/span><\/li>\n    <li><span style=\"font-family:&quot;Verdana&quot;,sans-serif;font-size:9.0pt;\">Documentaci\u00f3n de manuales de pol\u00edticas y procedimientos<\/span><\/li>\n    <li><span style=\"font-family:&quot;Verdana&quot;,sans-serif;font-size:9.0pt;\">Diagn\u00f3stico administrativo<\/span><\/li>\n    <li><span style=\"font-family:&quot;Verdana&quot;,sans-serif;font-size:9.0pt;\">Estudio de clima organizacional<\/span><\/li>\n    <li><span style=\"font-family:&quot;Verdana&quot;,sans-serif;font-size:9.0pt;\">Manejo de procesos de cambio de cultura<\/span><\/li>\n<\/ul><\/div>\t\t\t\t\t\t\t\t<\/div>\n\t\t\t\t<\/div>\n\t\t\t\t\t<\/div>\n\t\t\t\t<\/div>\n\t\t\t\t<\/div>\n\t\t","protected":false},"excerpt":{"rendered":"<p>Servicios Organizacionales Servicios Organizacionales Brindar Soluciones Efectivas para los clientes,  [&#8230;]<\/p>\n","protected":false},"author":2,"featured_media":0,"parent":0,"menu_order":0,"comment_status":"closed","ping_status":"closed","template":"100-width.php","meta":{"_acf_changed":false,"footnotes":""},"class_list":["post-2946","page","type-page","status-publish","hentry"],"acf":[],"_links":{"self":[{"href":"https:\/\/grupomkt.net\/Criptoncorp\/wp-json\/wp\/v2\/pages\/2946","targetHints":{"allow":["GET"]}}],"collection":[{"href":"https:\/\/grupomkt.net\/Criptoncorp\/wp-json\/wp\/v2\/pages"}],"about":[{"href":"https:\/\/grupomkt.net\/Criptoncorp\/wp-json\/wp\/v2\/types\/page"}],"author":[{"embeddable":true,"href":"https:\/\/grupomkt.net\/Criptoncorp\/wp-json\/wp\/v2\/users\/2"}],"replies":[{"embeddable":true,"href":"https:\/\/grupomkt.net\/Criptoncorp\/wp-json\/wp\/v2\/comments?post=2946"}],"version-history":[{"count":4,"href":"https:\/\/grupomkt.net\/Criptoncorp\/wp-json\/wp\/v2\/pages\/2946\/revisions"}],"predecessor-version":[{"id":2952,"href":"https:\/\/grupomkt.net\/Criptoncorp\/wp-json\/wp\/v2\/pages\/2946\/revisions\/2952"}],"wp:attachment":[{"href":"https:\/\/grupomkt.net\/Criptoncorp\/wp-json\/wp\/v2\/media?parent=2946"}],"curies":[{"name":"wp","href":"https:\/\/api.w.org\/{rel}","templated":true}]}}