{"id":2936,"date":"2025-08-13T13:42:36","date_gmt":"2025-08-13T18:42:36","guid":{"rendered":"https:\/\/grupomkt.net\/Criptoncorp\/?page_id=2936"},"modified":"2025-08-13T13:45:33","modified_gmt":"2025-08-13T18:45:33","slug":"servicios-tributarios","status":"publish","type":"page","link":"https:\/\/grupomkt.net\/Criptoncorp\/servicios-tributarios\/","title":{"rendered":"Servicios Tributarios"},"content":{"rendered":"\t\t<div data-elementor-type=\"wp-page\" data-elementor-id=\"2936\" class=\"elementor elementor-2936\" data-elementor-post-type=\"page\">\n\t\t\t\t<div class=\"elementor-element elementor-element-be5d49b e-flex e-con-boxed e-con e-parent\" data-id=\"be5d49b\" data-element_type=\"container\" data-settings=\"{&quot;background_background&quot;:&quot;classic&quot;}\">\n\t\t\t\t\t<div class=\"e-con-inner\">\n\t\t\t\t<div class=\"elementor-element elementor-element-9dc9bc0 elementor-widget elementor-widget-heading\" data-id=\"9dc9bc0\" data-element_type=\"widget\" data-widget_type=\"heading.default\">\n\t\t\t\t\t<h2 class=\"elementor-heading-title elementor-size-default\">Servicios Tributarios\n\n<\/h2>\t\t\t\t<\/div>\n\t\t\t\t\t<\/div>\n\t\t\t\t<\/div>\n\t\t<div class=\"elementor-element elementor-element-26fd0ec e-flex e-con-boxed e-con e-parent\" data-id=\"26fd0ec\" data-element_type=\"container\">\n\t\t\t\t\t<div class=\"e-con-inner\">\n\t\t<div class=\"elementor-element elementor-element-3e47d00 e-con-full e-flex e-con e-child\" data-id=\"3e47d00\" data-element_type=\"container\">\n\t\t\t\t<div class=\"elementor-element elementor-element-1b27f0f elementor-widget elementor-widget-heading\" data-id=\"1b27f0f\" data-element_type=\"widget\" data-widget_type=\"heading.default\">\n\t\t\t\t\t<h2 class=\"elementor-heading-title elementor-size-default\">Servicios Tributarios<\/h2>\t\t\t\t<\/div>\n\t\t\t\t<div class=\"elementor-element elementor-element-439103f elementor-widget elementor-widget-text-editor\" data-id=\"439103f\" data-element_type=\"widget\" data-widget_type=\"text-editor.default\">\n\t\t\t\t\t\t\t\t\tBrindar Soluciones Efectivas para los clientes en donde se beneficien de una amplia gama de servicios en asesoramiento tributario el mismo que este concentrado en la planificaci\u00f3n y cumplimiento gubernamentales; de esta forma la organizaci\u00f3n o pyme se mantiene actualizada en temas relacionados con: creaci\u00f3n de empresas, estructuras fiscales, impuestos y reclamos.\t\t\t\t\t\t\t\t<\/div>\n\t\t\t\t<div class=\"elementor-element elementor-element-5c514a1 elementor-widget elementor-widget-image\" data-id=\"5c514a1\" data-element_type=\"widget\" data-widget_type=\"image.default\">\n\t\t\t\t\t\t\t\t\t\t\t\t\t\t\t<img fetchpriority=\"high\" decoding=\"async\" width=\"1024\" height=\"576\" src=\"image\/svg+xml,%3Csvg%20xmlns%3D%27http%3A%2F%2Fwww.w3.org%2F2000%2Fsvg%27%20width%3D%271920%27%20height%3D%271080%27%20viewBox%3D%270%200%201920%201080%27%3E%3Crect%20width%3D%271920%27%20height%3D%271080%27%20fill-opacity%3D%220%22%2F%3E%3C%2Fsvg%3E\" class=\"attachment-large size-large wp-image-2938 lazyload\" alt=\"\" data-orig-src=\"https:\/\/grupomkt.net\/Criptoncorp\/wp-content\/uploads\/2025\/08\/Diseno-sin-titulo-8.png\" \/>\t\t\t\t\t\t\t\t\t\t\t\t\t\t\t<\/div>\n\t\t\t\t<\/div>\n\t\t<div class=\"elementor-element elementor-element-ed8e79e e-con-full e-flex e-con e-child\" data-id=\"ed8e79e\" data-element_type=\"container\">\n\t\t\t\t<div class=\"elementor-element elementor-element-90882d6 elementor-widget elementor-widget-heading\" data-id=\"90882d6\" data-element_type=\"widget\" data-widget_type=\"heading.default\">\n\t\t\t\t\t<h2 class=\"elementor-heading-title elementor-size-default\">Servicios Generales<\/h2>\t\t\t\t<\/div>\n\t\t\t\t<div class=\"elementor-element elementor-element-1fc071a elementor-widget elementor-widget-text-editor\" data-id=\"1fc071a\" data-element_type=\"widget\" data-widget_type=\"text-editor.default\">\n\t\t\t\t\t\t\t\t\t<li><strong> <a href=\"http:\/\/criptonsa.com\/servicios-de-contabilidad\/\"><font size=\"5\" color=\"red\">C<\/font><font size=\"4\" color=\"black\">ontabilidad<\/font><\/a> <\/strong><\/li>\n<li><strong> <a href=\"http:\/\/criptonsa.com\/servicios-de-recursos-humanos\/\"><font size=\"5\" color=\"red\">R<\/font><font size=\"4\" color=\"black\">ecursos Humanos<\/font><\/a> <\/strong><\/li>\n<li><strong> <a href=\"http:\/\/criptonsa.com\/informaticos\/\"><font size=\"5\" color=\"red\">I<\/font><font size=\"4\" color=\"black\">nform\u00e1tica<\/font><\/a><\/strong><\/li>\n<li><a href=\"http:\/\/criptonsa.com\/informaticos\/\"><strong> <\/strong><\/a><strong><a href=\"http:\/\/criptonsa.com\/servicios-de-procesos-administrativos\/\"><font size=\"5\" color=\"red\">P<\/font><font size=\"4\" color=\"black\">rocesos Administrativos<\/font><\/a> <\/strong><\/li>\n<li><strong> <a href=\"http:\/\/criptonsa.com\/servicios-tributarios\/\"><font size=\"5\" color=\"red\">T<\/font><font size=\"4\" color=\"black\">ributarios<\/font><\/a> <\/strong><\/li>\n<li><strong> <a href=\"http:\/\/criptonsa.com\/servicios-organizacionales\/\"><font size=\"5\" color=\"red\">O<\/font><font size=\"4\" color=\"black\">rganizacionales<\/font><\/a> <\/strong><\/li>\n<li><strong> <a href=\"http:\/\/criptonsa.com\/servicios-de-niif\/\"><font size=\"5\" color=\"red\">N<\/font><font size=\"4\" color=\"black\">IIF<\/font><\/a> <\/strong><\/li><li><strong> <a href=\"http:\/\/criptonsa.com\/servicios-de-seguridad-y-salud-en-el-trabajo\/\"><font size=\"5\" color=\"red\">S<\/font><font size=\"4\" color=\"black\">eguridad y Salud Laboral<\/font><\/a> <\/strong><\/li><li><strong> <a href=\"http:\/\/criptonsa.com\/servicios-de-auditoria-interna\/\"><font size=\"5\" color=\"red\">A<\/font><font size=\"4\" color=\"black\">uditor\u00eda Interna<\/font><\/a> <\/strong> <\/li>\t\t\t\t\t\t\t\t<\/div>\n\t\t\t\t<\/div>\n\t\t\t\t\t<\/div>\n\t\t\t\t<\/div>\n\t\t<div class=\"elementor-element elementor-element-57acf32 e-flex e-con-boxed e-con e-parent\" data-id=\"57acf32\" data-element_type=\"container\">\n\t\t\t\t\t<div class=\"e-con-inner\">\n\t\t\t\t<div class=\"elementor-element elementor-element-3d9e3f5 elementor-widget elementor-widget-heading\" data-id=\"3d9e3f5\" data-element_type=\"widget\" data-widget_type=\"heading.default\">\n\t\t\t\t\t<h2 class=\"elementor-heading-title elementor-size-default\">Detalle de Servicios Tributarios\n<\/h2>\t\t\t\t<\/div>\n\t\t\t\t\t<\/div>\n\t\t\t\t<\/div>\n\t\t<div class=\"elementor-element elementor-element-485721c e-flex e-con-boxed e-con e-parent\" data-id=\"485721c\" data-element_type=\"container\">\n\t\t\t\t\t<div class=\"e-con-inner\">\n\t\t<div class=\"elementor-element elementor-element-975d271 e-con-full e-flex e-con e-child\" data-id=\"975d271\" data-element_type=\"container\">\n\t\t\t\t<div class=\"elementor-element elementor-element-d5adc21 elementor-widget elementor-widget-n-accordion\" data-id=\"d5adc21\" data-element_type=\"widget\" data-settings=\"{&quot;default_state&quot;:&quot;expanded&quot;,&quot;max_items_expended&quot;:&quot;one&quot;,&quot;n_accordion_animation_duration&quot;:{&quot;unit&quot;:&quot;ms&quot;,&quot;size&quot;:400,&quot;sizes&quot;:[]}}\" data-widget_type=\"nested-accordion.default\">\n\t\t\t\t\t\t\t<div class=\"e-n-accordion\" aria-label=\"Accordion. Open links with Enter or Space, close with Escape, and navigate with Arrow Keys\">\n\t\t\t\t\t\t<details id=\"e-n-accordion-item-2240\" class=\"e-n-accordion-item\" open>\n\t\t\t\t<summary class=\"e-n-accordion-item-title\" data-accordion-index=\"1\" tabindex=\"0\" aria-expanded=\"true\" aria-controls=\"e-n-accordion-item-2240\" >\n\t\t\t\t\t<span class='e-n-accordion-item-title-header'><div class=\"e-n-accordion-item-title-text\"> Servicios de Impuestos para Entidades y\/o Personas obligadas a llevar contabilidad <\/div><\/span>\n\t\t\t\t\t\t\t<span class='e-n-accordion-item-title-icon'>\n\t\t\t<span class='e-opened' ><svg aria-hidden=\"true\" class=\"e-font-icon-svg e-fas-minus\" viewBox=\"0 0 448 512\" xmlns=\"http:\/\/www.w3.org\/2000\/svg\"><path d=\"M416 208H32c-17.67 0-32 14.33-32 32v32c0 17.67 14.33 32 32 32h384c17.67 0 32-14.33 32-32v-32c0-17.67-14.33-32-32-32z\"><\/path><\/svg><\/span>\n\t\t\t<span class='e-closed'><svg aria-hidden=\"true\" class=\"e-font-icon-svg e-fas-plus\" viewBox=\"0 0 448 512\" xmlns=\"http:\/\/www.w3.org\/2000\/svg\"><path d=\"M416 208H272V64c0-17.67-14.33-32-32-32h-32c-17.67 0-32 14.33-32 32v144H32c-17.67 0-32 14.33-32 32v32c0 17.67 14.33 32 32 32h144v144c0 17.67 14.33 32 32 32h32c17.67 0 32-14.33 32-32V304h144c17.67 0 32-14.33 32-32v-32c0-17.67-14.33-32-32-32z\"><\/path><\/svg><\/span>\n\t\t<\/span>\n\n\t\t\t\t\t\t<\/summary>\n\t\t\t\t<div role=\"region\" aria-labelledby=\"e-n-accordion-item-2240\" class=\"elementor-element elementor-element-0803c5b e-con-full e-flex e-con e-child\" data-id=\"0803c5b\" data-element_type=\"container\">\n\t\t<div role=\"region\" aria-labelledby=\"e-n-accordion-item-2240\" class=\"elementor-element elementor-element-a019651 e-flex e-con-boxed e-con e-child\" data-id=\"a019651\" data-element_type=\"container\">\n\t\t\t\t\t<div class=\"e-con-inner\">\n\t\t\t\t<div class=\"elementor-element elementor-element-0bf8853 elementor-widget elementor-widget-text-editor\" data-id=\"0bf8853\" data-element_type=\"widget\" data-widget_type=\"text-editor.default\">\n\t\t\t\t\t\t\t\t\t<div class=\"answer\" style=\"display: block;\"><p style=\"margin-top:0cm;margin-right:0cm;margin-bottom:10.0pt;margin-left:0cm;line-height:115%;font-size:15px;font-family:&quot;Calibri&quot;,sans-serif;\"><strong><span style=\"font-size:15px;line-height:115%;font-family:&quot;Verdana&quot;,sans-serif;color:red;\">Operativo Tributario<\/span><\/strong><\/p>\n<p id=\"isPasted\" style=\"margin-top:0cm;margin-right:0cm;margin-bottom:10.0pt;margin-left:0cm;line-height:115%;font-size:15px;font-family:&quot;Calibri&quot;,sans-serif;\"><strong><span style=\"font-size:12px;line-height:115%;font-family:&quot;Verdana&quot;,sans-serif;\">Mensual<\/span><\/strong><\/p>\n<ul style=\"list-style-type: disc;margin-left:26px;\">\n    <li><span style=\"font-family:&quot;Verdana&quot;,sans-serif;font-size:9.0pt;\">Elaboraci\u00f3n y presentaci\u00f3n de declaraci\u00f3n (103)<\/span><\/li>\n    <li><span style=\"font-family:&quot;Verdana&quot;,sans-serif;font-size:9.0pt;\">Elaboraci\u00f3n y presentaci\u00f3n de declaraci\u00f3n (104)<\/span><\/li>\n    <li><span style=\"font-family:&quot;Verdana&quot;,sans-serif;font-size:9.0pt;\">Elaboraci\u00f3n y presentaci\u00f3n de anexos (ATS)<\/span><\/li>\n<\/ul>\n<p style=\"margin-top:0cm;margin-right:0cm;margin-bottom:10.0pt;margin-left:0cm;line-height:115%;font-size:15px;font-family:&quot;Calibri&quot;,sans-serif;\"><strong><span style=\"font-size:12px;line-height:115%;font-family:&quot;Verdana&quot;,sans-serif;\">Semestral<\/span><\/strong><\/p>\n<div style=\"margin-top:0cm;margin-right:0cm;margin-bottom:10.0pt;margin-left:0cm;line-height:115%;font-size:15px;font-family:&quot;Calibri&quot;,sans-serif;\">\n    <ul style=\"margin-bottom:0cm;list-style-type: disc;margin-left:26px;\">\n        <li style=\"margin-top:0cm;margin-right:0cm;margin-bottom:10.0pt;margin-left:0cm;line-height:115%;font-size:15px;font-family:&quot;Calibri&quot;,sans-serif;\"><span style=\"font-family:&quot;Verdana&quot;,sans-serif;font-size:9.0pt;\">Elaboraci\u00f3n y presentaci\u00f3n de IR Microempresas (125)<\/span><strong><span style=\"font-size:12px;line-height:115%;font-family:&quot;Verdana&quot;,sans-serif;\">&nbsp;<\/span><\/strong><\/li>\n    <\/ul>\n<\/div>\n<p style=\"margin-top:0cm;margin-right:0cm;margin-bottom:10.0pt;margin-left:0cm;line-height:115%;font-size:15px;font-family:&quot;Calibri&quot;,sans-serif;\"><strong><span style=\"font-size:12px;line-height:115%;font-family:&quot;Verdana&quot;,sans-serif;\">Anual<\/span><\/strong><\/p>\n<ul style=\"list-style-type: disc;margin-left:26px;\">\n    <li><span style=\"font-family:&quot;Verdana&quot;,sans-serif;font-size:9.0pt;\">Elaboraci\u00f3n de la Conciliaci\u00f3n Tributaria<\/span><\/li>\n    <li><span style=\"font-family:&quot;Verdana&quot;,sans-serif;font-size:9.0pt;\">Elaboraci\u00f3n y presentaci\u00f3n de declaraci\u00f3n (101)<\/span><\/li>\n    <li><span style=\"font-family:&quot;Verdana&quot;,sans-serif;font-size:9.0pt;\">Anexo de Accionistas, part\u00edcipes, socios, miembros de directorio y administradores &#8211; APS<\/span><\/li>\n    <li><span style=\"font-family:&quot;Verdana&quot;,sans-serif;font-size:9.0pt;\">Anexo de Retenciones en la fuente bajo relaci\u00f3n de dependencia (Rdep).<\/span><\/li>\n    <li><span style=\"font-family:&quot;Verdana&quot;,sans-serif;font-size:9.0pt;\">Anexo de Dividendos (ADI)<\/span><\/li>\n    <li><span style=\"font-family:&quot;Verdana&quot;,sans-serif;font-size:9.0pt;\">Anexo de Activos y Pasivos de Sociedades y Establecimientos Permanentes (s\u00f3lo si es Sucursal Extranjera)<\/span><\/li>\n    <li><span style=\"font-family:&quot;Verdana&quot;,sans-serif;font-size:9.0pt;\">Anexo de gastos personales (s\u00f3lo si es Persona Natural obligada a llevar contabilidad)<\/span><\/li>\n    <li><span style=\"font-family:&quot;Verdana&quot;,sans-serif;font-size:9.0pt;\">Declaraci\u00f3n Patrimonial (s\u00f3lo si es Persona Natural obligada a llevar contabilidad)<\/span><\/li>\n    <li><span style=\"font-family:&quot;Verdana&quot;,sans-serif;font-size:9.0pt;\">Informe de Cumplimiento Tributario (s\u00f3lo si la compa\u00f1\u00eda est\u00e1 obligada a auditor\u00eda)<\/span><\/li>\n    <li><span style=\"font-family:&quot;Verdana&quot;,sans-serif;font-size:9.0pt;\">Generaci\u00f3n y carga para el pago de impuestos municipales (de ser el caso)<\/span><\/li>\n    <li><span style=\"font-family:&quot;Verdana&quot;,sans-serif;font-size:9.0pt;\">Custodia de documentos por un a\u00f1o (se entregar\u00e1 al cliente una vez culminado los estados financieros, de ser el caso)<\/span><\/li>\n<\/ul><\/div>\t\t\t\t\t\t\t\t<\/div>\n\t\t\t\t\t<\/div>\n\t\t\t\t<\/div>\n\t\t\t\t<\/div>\n\t\t\t\t\t<\/details>\n\t\t\t\t\t\t<details id=\"e-n-accordion-item-2241\" class=\"e-n-accordion-item\" >\n\t\t\t\t<summary class=\"e-n-accordion-item-title\" data-accordion-index=\"2\" tabindex=\"-1\" aria-expanded=\"false\" aria-controls=\"e-n-accordion-item-2241\" >\n\t\t\t\t\t<span class='e-n-accordion-item-title-header'><div class=\"e-n-accordion-item-title-text\"> Servicios de Impuestos para Personas Naturales no obligas a llevar contabilidad <\/div><\/span>\n\t\t\t\t\t\t\t<span class='e-n-accordion-item-title-icon'>\n\t\t\t<span class='e-opened' ><svg aria-hidden=\"true\" class=\"e-font-icon-svg e-fas-minus\" viewBox=\"0 0 448 512\" xmlns=\"http:\/\/www.w3.org\/2000\/svg\"><path d=\"M416 208H32c-17.67 0-32 14.33-32 32v32c0 17.67 14.33 32 32 32h384c17.67 0 32-14.33 32-32v-32c0-17.67-14.33-32-32-32z\"><\/path><\/svg><\/span>\n\t\t\t<span class='e-closed'><svg aria-hidden=\"true\" class=\"e-font-icon-svg e-fas-plus\" viewBox=\"0 0 448 512\" xmlns=\"http:\/\/www.w3.org\/2000\/svg\"><path d=\"M416 208H272V64c0-17.67-14.33-32-32-32h-32c-17.67 0-32 14.33-32 32v144H32c-17.67 0-32 14.33-32 32v32c0 17.67 14.33 32 32 32h144v144c0 17.67 14.33 32 32 32h32c17.67 0 32-14.33 32-32V304h144c17.67 0 32-14.33 32-32v-32c0-17.67-14.33-32-32-32z\"><\/path><\/svg><\/span>\n\t\t<\/span>\n\n\t\t\t\t\t\t<\/summary>\n\t\t\t\t<div role=\"region\" aria-labelledby=\"e-n-accordion-item-2241\" class=\"elementor-element elementor-element-f5e8f25 e-con-full e-flex e-con e-child\" data-id=\"f5e8f25\" data-element_type=\"container\">\n\t\t<div role=\"region\" aria-labelledby=\"e-n-accordion-item-2241\" class=\"elementor-element elementor-element-cc64ee9 e-flex e-con-boxed e-con e-child\" data-id=\"cc64ee9\" data-element_type=\"container\">\n\t\t\t\t\t<div class=\"e-con-inner\">\n\t\t\t\t<div class=\"elementor-element elementor-element-e004030 elementor-widget elementor-widget-text-editor\" data-id=\"e004030\" data-element_type=\"widget\" data-widget_type=\"text-editor.default\">\n\t\t\t\t\t\t\t\t\t<div class=\"answer\" style=\"display: block;\"><p style=\"margin-top:0cm;margin-right:0cm;margin-bottom:10.0pt;margin-left:0cm;line-height:115%;font-size:15px;font-family:&quot;Calibri&quot;,sans-serif;\"><strong><span style=\"font-family:&quot;Verdana&quot;,sans-serif;color:red;\">Operativo Tributario<\/span><\/strong><\/p>\n<p style=\"margin-top:0cm;margin-right:0cm;margin-bottom:10.0pt;margin-left:0cm;line-height:115%;font-size:15px;font-family:&quot;Calibri&quot;,sans-serif;\"><strong><span style=\"font-size:12px;line-height:115%;font-family:&quot;Verdana&quot;,sans-serif;\">Mensual<\/span><\/strong><\/p>\n<ul style=\"list-style-type: disc;margin-left:26px;\">\n    <li><span style=\"font-family:&quot;Verdana&quot;,sans-serif;font-size:9.0pt;\">Planificaci\u00f3n tributaria<\/span><\/li>\n    <li><span style=\"font-family:&quot;Verdana&quot;,sans-serif;font-size:9.0pt;\">Elaboraci\u00f3n y presentaci\u00f3n (104)<\/span><\/li>\n    <li><span style=\"font-family:&quot;Verdana&quot;,sans-serif;font-size:9.0pt;\">Elaboraci\u00f3n y presentaci\u00f3n impuestos mensuales<\/span><span style=\"font-size:12px;font-family:&quot;Verdana&quot;,sans-serif;\">&nbsp;<\/span><\/li>\n<\/ul>\n<p style=\"margin-top:0cm;margin-right:0cm;margin-bottom:10.0pt;margin-left:0cm;line-height:115%;font-size:15px;font-family:&quot;Calibri&quot;,sans-serif;\"><strong><span style=\"font-size:12px;line-height:115%;font-family:&quot;Verdana&quot;,sans-serif;\">Anual<\/span><\/strong><\/p>\n<ul style=\"list-style-type: disc;margin-left:26px;\">\n    <li><span style=\"font-family:&quot;Verdana&quot;,sans-serif;font-size:9.0pt;\">Elaboraci\u00f3n y presentaci\u00f3n (102)<\/span><\/li>\n    <li><span style=\"font-family:&quot;Verdana&quot;,sans-serif;font-size:9.0pt;\">Elaboraci\u00f3n y presentaci\u00f3n impuestos anuales<\/span><\/li>\n    <li><span style=\"font-family:&quot;Verdana&quot;,sans-serif;font-size:9.0pt;\">Elaboraci\u00f3n de la proyecci\u00f3n de impuesto a la renta<\/span><\/li>\n    <li><span style=\"font-family:&quot;Verdana&quot;,sans-serif;font-size:9.0pt;\">Anexo de gastos personales<\/span><\/li>\n    <li><span style=\"font-family:&quot;Verdana&quot;,sans-serif;font-size:9.0pt;\">Declaraci\u00f3n patrimonial<\/span><\/li>\n    <li><span style=\"font-family:&quot;Verdana&quot;,sans-serif;font-size:9.0pt;\">Generaci\u00f3n y carga para el pago de impuestos municipales (de ser el caso)<\/span><\/li>\n<\/ul><\/div>\t\t\t\t\t\t\t\t<\/div>\n\t\t\t\t\t<\/div>\n\t\t\t\t<\/div>\n\t\t\t\t<\/div>\n\t\t\t\t\t<\/details>\n\t\t\t\t\t\t<details id=\"e-n-accordion-item-2242\" class=\"e-n-accordion-item\" >\n\t\t\t\t<summary class=\"e-n-accordion-item-title\" data-accordion-index=\"3\" tabindex=\"-1\" aria-expanded=\"false\" aria-controls=\"e-n-accordion-item-2242\" >\n\t\t\t\t\t<span class='e-n-accordion-item-title-header'><div class=\"e-n-accordion-item-title-text\"> Otros Servicios <\/div><\/span>\n\t\t\t\t\t\t\t<span class='e-n-accordion-item-title-icon'>\n\t\t\t<span class='e-opened' ><svg aria-hidden=\"true\" class=\"e-font-icon-svg e-fas-minus\" viewBox=\"0 0 448 512\" xmlns=\"http:\/\/www.w3.org\/2000\/svg\"><path d=\"M416 208H32c-17.67 0-32 14.33-32 32v32c0 17.67 14.33 32 32 32h384c17.67 0 32-14.33 32-32v-32c0-17.67-14.33-32-32-32z\"><\/path><\/svg><\/span>\n\t\t\t<span class='e-closed'><svg aria-hidden=\"true\" class=\"e-font-icon-svg e-fas-plus\" viewBox=\"0 0 448 512\" xmlns=\"http:\/\/www.w3.org\/2000\/svg\"><path d=\"M416 208H272V64c0-17.67-14.33-32-32-32h-32c-17.67 0-32 14.33-32 32v144H32c-17.67 0-32 14.33-32 32v32c0 17.67 14.33 32 32 32h144v144c0 17.67 14.33 32 32 32h32c17.67 0 32-14.33 32-32V304h144c17.67 0 32-14.33 32-32v-32c0-17.67-14.33-32-32-32z\"><\/path><\/svg><\/span>\n\t\t<\/span>\n\n\t\t\t\t\t\t<\/summary>\n\t\t\t\t<div role=\"region\" aria-labelledby=\"e-n-accordion-item-2242\" class=\"elementor-element elementor-element-faf8d80 e-con-full e-flex e-con e-child\" data-id=\"faf8d80\" data-element_type=\"container\">\n\t\t<div role=\"region\" aria-labelledby=\"e-n-accordion-item-2242\" class=\"elementor-element elementor-element-ad91556 e-flex e-con-boxed e-con e-child\" data-id=\"ad91556\" data-element_type=\"container\">\n\t\t\t\t\t<div class=\"e-con-inner\">\n\t\t\t\t<div class=\"elementor-element elementor-element-5c9aa22 elementor-widget elementor-widget-text-editor\" data-id=\"5c9aa22\" data-element_type=\"widget\" data-widget_type=\"text-editor.default\">\n\t\t\t\t\t\t\t\t\t<div class=\"answer\" style=\"display: block;\"><ul>\n<li>Dise\u00f1o de reportes gerenciales seg\u00fan petici\u00f3n del cliente<\/li>\n<li>Devoluci\u00f3n de Retenciones de Impuesto a la Renta<\/li>\n<li>Devoluci\u00f3n de Retenciones de IVA<\/li>\n<li>Custodia de documentos por un a\u00f1o (se entregar\u00e1 al cliente una vez culminado los estados financieros, de ser el caso)<\/li>\n<\/ul><\/div>\t\t\t\t\t\t\t\t<\/div>\n\t\t\t\t\t<\/div>\n\t\t\t\t<\/div>\n\t\t\t\t<\/div>\n\t\t\t\t\t<\/details>\n\t\t\t\t\t<\/div>\n\t\t\t\t\t\t<\/div>\n\t\t\t\t<\/div>\n\t\t\t\t\t<\/div>\n\t\t\t\t<\/div>\n\t\t\t\t<\/div>\n\t\t","protected":false},"excerpt":{"rendered":"<p>Servicios Tributarios Servicios Tributarios Brindar Soluciones Efectivas para los clientes  [&#8230;]<\/p>\n","protected":false},"author":2,"featured_media":0,"parent":0,"menu_order":0,"comment_status":"closed","ping_status":"closed","template":"100-width.php","meta":{"_acf_changed":false,"footnotes":""},"class_list":["post-2936","page","type-page","status-publish","hentry"],"acf":[],"_links":{"self":[{"href":"https:\/\/grupomkt.net\/Criptoncorp\/wp-json\/wp\/v2\/pages\/2936","targetHints":{"allow":["GET"]}}],"collection":[{"href":"https:\/\/grupomkt.net\/Criptoncorp\/wp-json\/wp\/v2\/pages"}],"about":[{"href":"https:\/\/grupomkt.net\/Criptoncorp\/wp-json\/wp\/v2\/types\/page"}],"author":[{"embeddable":true,"href":"https:\/\/grupomkt.net\/Criptoncorp\/wp-json\/wp\/v2\/users\/2"}],"replies":[{"embeddable":true,"href":"https:\/\/grupomkt.net\/Criptoncorp\/wp-json\/wp\/v2\/comments?post=2936"}],"version-history":[{"count":4,"href":"https:\/\/grupomkt.net\/Criptoncorp\/wp-json\/wp\/v2\/pages\/2936\/revisions"}],"predecessor-version":[{"id":2943,"href":"https:\/\/grupomkt.net\/Criptoncorp\/wp-json\/wp\/v2\/pages\/2936\/revisions\/2943"}],"wp:attachment":[{"href":"https:\/\/grupomkt.net\/Criptoncorp\/wp-json\/wp\/v2\/media?parent=2936"}],"curies":[{"name":"wp","href":"https:\/\/api.w.org\/{rel}","templated":true}]}}