{"id":2922,"date":"2025-08-13T13:22:25","date_gmt":"2025-08-13T18:22:25","guid":{"rendered":"https:\/\/grupomkt.net\/Criptoncorp\/?page_id=2922"},"modified":"2025-08-13T13:27:34","modified_gmt":"2025-08-13T18:27:34","slug":"servicios-informaticos","status":"publish","type":"page","link":"https:\/\/grupomkt.net\/Criptoncorp\/servicios-informaticos\/","title":{"rendered":"Servicios informaticos"},"content":{"rendered":"\t\t<div data-elementor-type=\"wp-page\" data-elementor-id=\"2922\" class=\"elementor elementor-2922\" data-elementor-post-type=\"page\">\n\t\t\t\t<div class=\"elementor-element elementor-element-be5d49b e-flex e-con-boxed e-con e-parent\" data-id=\"be5d49b\" data-element_type=\"container\" data-settings=\"{&quot;background_background&quot;:&quot;classic&quot;}\">\n\t\t\t\t\t<div class=\"e-con-inner\">\n\t\t\t\t<div class=\"elementor-element elementor-element-9dc9bc0 elementor-widget elementor-widget-heading\" data-id=\"9dc9bc0\" data-element_type=\"widget\" data-widget_type=\"heading.default\">\n\t\t\t\t\t<h2 class=\"elementor-heading-title elementor-size-default\">Servicios Inform\u00e1ticos<\/h2>\t\t\t\t<\/div>\n\t\t\t\t\t<\/div>\n\t\t\t\t<\/div>\n\t\t<div class=\"elementor-element elementor-element-26fd0ec e-flex e-con-boxed e-con e-parent\" data-id=\"26fd0ec\" data-element_type=\"container\">\n\t\t\t\t\t<div class=\"e-con-inner\">\n\t\t<div class=\"elementor-element elementor-element-3e47d00 e-con-full e-flex e-con e-child\" data-id=\"3e47d00\" data-element_type=\"container\">\n\t\t\t\t<div class=\"elementor-element elementor-element-1b27f0f elementor-widget elementor-widget-heading\" data-id=\"1b27f0f\" data-element_type=\"widget\" data-widget_type=\"heading.default\">\n\t\t\t\t\t<h2 class=\"elementor-heading-title elementor-size-default\">Servicios Inform\u00e1ticos\n<\/h2>\t\t\t\t<\/div>\n\t\t\t\t<div class=\"elementor-element elementor-element-439103f elementor-widget elementor-widget-text-editor\" data-id=\"439103f\" data-element_type=\"widget\" data-widget_type=\"text-editor.default\">\n\t\t\t\t\t\t\t\t\tBrindar Soluciones Efectivas para los clientes en la recolecci\u00f3n, manejo y almacenamiento de datos, ya sea externo o interno a la empresa; el mismo que servir\u00e1 de soporte y transformaci\u00f3n a las necesidades en completos desarrollos de programas de gesti\u00f3n a la medida de la organizaci\u00f3n, con el fin de mejorar los procesos productivos y los resultados finales en la comercializaci\u00f3n de productos\/servicios en el mercado, con el cual permitir\u00e1n un control total de las operaciones.\t\t\t\t\t\t\t\t<\/div>\n\t\t\t\t<div class=\"elementor-element elementor-element-5c514a1 elementor-widget elementor-widget-image\" data-id=\"5c514a1\" data-element_type=\"widget\" data-widget_type=\"image.default\">\n\t\t\t\t\t\t\t\t\t\t\t\t\t\t\t<img fetchpriority=\"high\" decoding=\"async\" width=\"1024\" height=\"361\" src=\"image\/svg+xml,%3Csvg%20xmlns%3D%27http%3A%2F%2Fwww.w3.org%2F2000%2Fsvg%27%20width%3D%271600%27%20height%3D%27564%27%20viewBox%3D%270%200%201600%20564%27%3E%3Crect%20width%3D%271600%27%20height%3D%27564%27%20fill-opacity%3D%220%22%2F%3E%3C%2Fsvg%3E\" class=\"attachment-large size-large wp-image-2924 lazyload\" alt=\"\" data-orig-src=\"https:\/\/grupomkt.net\/Criptoncorp\/wp-content\/uploads\/2025\/08\/datacenter-largo2-gif-animado-pormi-OK.gif\" \/>\t\t\t\t\t\t\t\t\t\t\t\t\t\t\t<\/div>\n\t\t\t\t<\/div>\n\t\t<div class=\"elementor-element elementor-element-ed8e79e e-con-full e-flex e-con e-child\" data-id=\"ed8e79e\" data-element_type=\"container\">\n\t\t\t\t<div class=\"elementor-element elementor-element-90882d6 elementor-widget elementor-widget-heading\" data-id=\"90882d6\" data-element_type=\"widget\" data-widget_type=\"heading.default\">\n\t\t\t\t\t<h2 class=\"elementor-heading-title elementor-size-default\">Servicios Generales<\/h2>\t\t\t\t<\/div>\n\t\t\t\t<div class=\"elementor-element elementor-element-1fc071a elementor-widget elementor-widget-text-editor\" data-id=\"1fc071a\" data-element_type=\"widget\" data-widget_type=\"text-editor.default\">\n\t\t\t\t\t\t\t\t\t<li><strong> <a href=\"http:\/\/criptonsa.com\/servicios-de-contabilidad\/\"><font size=\"5\" color=\"red\">C<\/font><font size=\"4\" color=\"black\">ontabilidad<\/font><\/a> <\/strong><\/li>\n<li><strong> <a href=\"http:\/\/criptonsa.com\/servicios-de-recursos-humanos\/\"><font size=\"5\" color=\"red\">R<\/font><font size=\"4\" color=\"black\">ecursos Humanos<\/font><\/a> <\/strong><\/li>\n<li><strong> <a href=\"http:\/\/criptonsa.com\/informaticos\/\"><font size=\"5\" color=\"red\">I<\/font><font size=\"4\" color=\"black\">nform\u00e1tica<\/font><\/a><\/strong><\/li>\n<li><a href=\"http:\/\/criptonsa.com\/informaticos\/\"><strong> <\/strong><\/a><strong><a href=\"http:\/\/criptonsa.com\/servicios-de-procesos-administrativos\/\"><font size=\"5\" color=\"red\">P<\/font><font size=\"4\" color=\"black\">rocesos Administrativos<\/font><\/a> <\/strong><\/li>\n<li><strong> <a href=\"http:\/\/criptonsa.com\/servicios-tributarios\/\"><font size=\"5\" color=\"red\">T<\/font><font size=\"4\" color=\"black\">ributarios<\/font><\/a> <\/strong><\/li>\n<li><strong> <a href=\"http:\/\/criptonsa.com\/servicios-organizacionales\/\"><font size=\"5\" color=\"red\">O<\/font><font size=\"4\" color=\"black\">rganizacionales<\/font><\/a> <\/strong><\/li>\n<li><strong> <a href=\"http:\/\/criptonsa.com\/servicios-de-niif\/\"><font size=\"5\" color=\"red\">N<\/font><font size=\"4\" color=\"black\">IIF<\/font><\/a> <\/strong><\/li><li><strong> <a href=\"http:\/\/criptonsa.com\/servicios-de-seguridad-y-salud-en-el-trabajo\/\"><font size=\"5\" color=\"red\">S<\/font><font size=\"4\" color=\"black\">eguridad y Salud Laboral<\/font><\/a> <\/strong><\/li><li><strong> <a href=\"http:\/\/criptonsa.com\/servicios-de-auditoria-interna\/\"><font size=\"5\" color=\"red\">A<\/font><font size=\"4\" color=\"black\">uditor\u00eda Interna<\/font><\/a> <\/strong> <\/li>\t\t\t\t\t\t\t\t<\/div>\n\t\t\t\t<\/div>\n\t\t\t\t\t<\/div>\n\t\t\t\t<\/div>\n\t\t<div class=\"elementor-element elementor-element-57acf32 e-flex e-con-boxed e-con e-parent\" data-id=\"57acf32\" data-element_type=\"container\">\n\t\t\t\t\t<div class=\"e-con-inner\">\n\t\t\t\t<div class=\"elementor-element elementor-element-3d9e3f5 elementor-widget elementor-widget-heading\" data-id=\"3d9e3f5\" data-element_type=\"widget\" data-widget_type=\"heading.default\">\n\t\t\t\t\t<h2 class=\"elementor-heading-title elementor-size-default\">Detalle de Servicios Inform\u00e1ticos\n<\/h2>\t\t\t\t<\/div>\n\t\t\t\t\t<\/div>\n\t\t\t\t<\/div>\n\t\t<div class=\"elementor-element elementor-element-485721c e-flex e-con-boxed e-con e-parent\" data-id=\"485721c\" data-element_type=\"container\">\n\t\t\t\t\t<div class=\"e-con-inner\">\n\t\t<div class=\"elementor-element elementor-element-975d271 e-con-full e-flex e-con e-child\" data-id=\"975d271\" data-element_type=\"container\">\n\t\t\t\t<div class=\"elementor-element elementor-element-d5adc21 elementor-widget elementor-widget-n-accordion\" data-id=\"d5adc21\" data-element_type=\"widget\" data-settings=\"{&quot;default_state&quot;:&quot;expanded&quot;,&quot;max_items_expended&quot;:&quot;one&quot;,&quot;n_accordion_animation_duration&quot;:{&quot;unit&quot;:&quot;ms&quot;,&quot;size&quot;:400,&quot;sizes&quot;:[]}}\" data-widget_type=\"nested-accordion.default\">\n\t\t\t\t\t\t\t<div class=\"e-n-accordion\" aria-label=\"Accordion. Open links with Enter or Space, close with Escape, and navigate with Arrow Keys\">\n\t\t\t\t\t\t<details id=\"e-n-accordion-item-2240\" class=\"e-n-accordion-item\" open>\n\t\t\t\t<summary class=\"e-n-accordion-item-title\" data-accordion-index=\"1\" tabindex=\"0\" aria-expanded=\"true\" aria-controls=\"e-n-accordion-item-2240\" >\n\t\t\t\t\t<span class='e-n-accordion-item-title-header'><div class=\"e-n-accordion-item-title-text\"> Software <\/div><\/span>\n\t\t\t\t\t\t\t<span class='e-n-accordion-item-title-icon'>\n\t\t\t<span class='e-opened' ><svg aria-hidden=\"true\" class=\"e-font-icon-svg e-fas-minus\" viewBox=\"0 0 448 512\" xmlns=\"http:\/\/www.w3.org\/2000\/svg\"><path d=\"M416 208H32c-17.67 0-32 14.33-32 32v32c0 17.67 14.33 32 32 32h384c17.67 0 32-14.33 32-32v-32c0-17.67-14.33-32-32-32z\"><\/path><\/svg><\/span>\n\t\t\t<span class='e-closed'><svg aria-hidden=\"true\" class=\"e-font-icon-svg e-fas-plus\" viewBox=\"0 0 448 512\" xmlns=\"http:\/\/www.w3.org\/2000\/svg\"><path d=\"M416 208H272V64c0-17.67-14.33-32-32-32h-32c-17.67 0-32 14.33-32 32v144H32c-17.67 0-32 14.33-32 32v32c0 17.67 14.33 32 32 32h144v144c0 17.67 14.33 32 32 32h32c17.67 0 32-14.33 32-32V304h144c17.67 0 32-14.33 32-32v-32c0-17.67-14.33-32-32-32z\"><\/path><\/svg><\/span>\n\t\t<\/span>\n\n\t\t\t\t\t\t<\/summary>\n\t\t\t\t<div role=\"region\" aria-labelledby=\"e-n-accordion-item-2240\" class=\"elementor-element elementor-element-0803c5b e-con-full e-flex e-con e-child\" data-id=\"0803c5b\" data-element_type=\"container\">\n\t\t<div role=\"region\" aria-labelledby=\"e-n-accordion-item-2240\" class=\"elementor-element elementor-element-a019651 e-flex e-con-boxed e-con e-child\" data-id=\"a019651\" data-element_type=\"container\">\n\t\t\t\t\t<div class=\"e-con-inner\">\n\t\t\t\t<div class=\"elementor-element elementor-element-0bf8853 elementor-widget elementor-widget-text-editor\" data-id=\"0bf8853\" data-element_type=\"widget\" data-widget_type=\"text-editor.default\">\n\t\t\t\t\t\t\t\t\t<div class=\"answer\" style=\"display: block;\">\u2022\tImplementaci\u00f3n de proyectos de desarrollo<\/div>\t\t\t\t\t\t\t\t<\/div>\n\t\t\t\t\t<\/div>\n\t\t\t\t<\/div>\n\t\t\t\t<\/div>\n\t\t\t\t\t<\/details>\n\t\t\t\t\t\t<details id=\"e-n-accordion-item-2241\" class=\"e-n-accordion-item\" >\n\t\t\t\t<summary class=\"e-n-accordion-item-title\" data-accordion-index=\"2\" tabindex=\"-1\" aria-expanded=\"false\" aria-controls=\"e-n-accordion-item-2241\" >\n\t\t\t\t\t<span class='e-n-accordion-item-title-header'><div class=\"e-n-accordion-item-title-text\"> Hardware <\/div><\/span>\n\t\t\t\t\t\t\t<span class='e-n-accordion-item-title-icon'>\n\t\t\t<span class='e-opened' ><svg aria-hidden=\"true\" class=\"e-font-icon-svg e-fas-minus\" viewBox=\"0 0 448 512\" xmlns=\"http:\/\/www.w3.org\/2000\/svg\"><path d=\"M416 208H32c-17.67 0-32 14.33-32 32v32c0 17.67 14.33 32 32 32h384c17.67 0 32-14.33 32-32v-32c0-17.67-14.33-32-32-32z\"><\/path><\/svg><\/span>\n\t\t\t<span class='e-closed'><svg aria-hidden=\"true\" class=\"e-font-icon-svg e-fas-plus\" viewBox=\"0 0 448 512\" xmlns=\"http:\/\/www.w3.org\/2000\/svg\"><path d=\"M416 208H272V64c0-17.67-14.33-32-32-32h-32c-17.67 0-32 14.33-32 32v144H32c-17.67 0-32 14.33-32 32v32c0 17.67 14.33 32 32 32h144v144c0 17.67 14.33 32 32 32h32c17.67 0 32-14.33 32-32V304h144c17.67 0 32-14.33 32-32v-32c0-17.67-14.33-32-32-32z\"><\/path><\/svg><\/span>\n\t\t<\/span>\n\n\t\t\t\t\t\t<\/summary>\n\t\t\t\t<div role=\"region\" aria-labelledby=\"e-n-accordion-item-2241\" class=\"elementor-element elementor-element-f5e8f25 e-con-full e-flex e-con e-child\" data-id=\"f5e8f25\" data-element_type=\"container\">\n\t\t<div role=\"region\" aria-labelledby=\"e-n-accordion-item-2241\" class=\"elementor-element elementor-element-cc64ee9 e-flex e-con-boxed e-con e-child\" data-id=\"cc64ee9\" data-element_type=\"container\">\n\t\t\t\t\t<div class=\"e-con-inner\">\n\t\t\t\t<div class=\"elementor-element elementor-element-e004030 elementor-widget elementor-widget-text-editor\" data-id=\"e004030\" data-element_type=\"widget\" data-widget_type=\"text-editor.default\">\n\t\t\t\t\t\t\t\t\t<div class=\"answer\" style=\"display: block;\"><ul style=\"list-style-type: square; margin-left: 26px;\">\n    <li><span style=\"font-family:&quot;Verdana&quot;,sans-serif;font-size:9.0pt;\">Mantenimientos&nbsp;<\/span><\/li>\n    <li><span style=\"font-family:&quot;Verdana&quot;,sans-serif;font-size:9.0pt;\">Actualizaci\u00f3n de hardware o software<\/span><\/li>\n<\/ul><\/div>\t\t\t\t\t\t\t\t<\/div>\n\t\t\t\t\t<\/div>\n\t\t\t\t<\/div>\n\t\t\t\t<\/div>\n\t\t\t\t\t<\/details>\n\t\t\t\t\t<\/div>\n\t\t\t\t\t\t<\/div>\n\t\t\t\t<\/div>\n\t\t<div class=\"elementor-element elementor-element-23233df e-con-full e-flex e-con e-child\" data-id=\"23233df\" data-element_type=\"container\">\n\t\t\t\t<div class=\"elementor-element elementor-element-c3d63b5 elementor-widget elementor-widget-n-accordion\" data-id=\"c3d63b5\" data-element_type=\"widget\" data-settings=\"{&quot;default_state&quot;:&quot;expanded&quot;,&quot;max_items_expended&quot;:&quot;one&quot;,&quot;n_accordion_animation_duration&quot;:{&quot;unit&quot;:&quot;ms&quot;,&quot;size&quot;:400,&quot;sizes&quot;:[]}}\" data-widget_type=\"nested-accordion.default\">\n\t\t\t\t\t\t\t<div class=\"e-n-accordion\" aria-label=\"Accordion. Open links with Enter or Space, close with Escape, and navigate with Arrow Keys\">\n\t\t\t\t\t\t<details id=\"e-n-accordion-item-2050\" class=\"e-n-accordion-item\" open>\n\t\t\t\t<summary class=\"e-n-accordion-item-title\" data-accordion-index=\"1\" tabindex=\"0\" aria-expanded=\"true\" aria-controls=\"e-n-accordion-item-2050\" >\n\t\t\t\t\t<span class='e-n-accordion-item-title-header'><div class=\"e-n-accordion-item-title-text\"> Servicio de Digitalizaci\u00f3n <\/div><\/span>\n\t\t\t\t\t\t\t<span class='e-n-accordion-item-title-icon'>\n\t\t\t<span class='e-opened' ><svg aria-hidden=\"true\" class=\"e-font-icon-svg e-fas-minus\" viewBox=\"0 0 448 512\" xmlns=\"http:\/\/www.w3.org\/2000\/svg\"><path d=\"M416 208H32c-17.67 0-32 14.33-32 32v32c0 17.67 14.33 32 32 32h384c17.67 0 32-14.33 32-32v-32c0-17.67-14.33-32-32-32z\"><\/path><\/svg><\/span>\n\t\t\t<span class='e-closed'><svg aria-hidden=\"true\" class=\"e-font-icon-svg e-fas-plus\" viewBox=\"0 0 448 512\" xmlns=\"http:\/\/www.w3.org\/2000\/svg\"><path d=\"M416 208H272V64c0-17.67-14.33-32-32-32h-32c-17.67 0-32 14.33-32 32v144H32c-17.67 0-32 14.33-32 32v32c0 17.67 14.33 32 32 32h144v144c0 17.67 14.33 32 32 32h32c17.67 0 32-14.33 32-32V304h144c17.67 0 32-14.33 32-32v-32c0-17.67-14.33-32-32-32z\"><\/path><\/svg><\/span>\n\t\t<\/span>\n\n\t\t\t\t\t\t<\/summary>\n\t\t\t\t<div role=\"region\" aria-labelledby=\"e-n-accordion-item-2050\" class=\"elementor-element elementor-element-491dbd7 e-con-full e-flex e-con e-child\" data-id=\"491dbd7\" data-element_type=\"container\">\n\t\t<div role=\"region\" aria-labelledby=\"e-n-accordion-item-2050\" class=\"elementor-element elementor-element-07fdb31 e-flex e-con-boxed e-con e-child\" data-id=\"07fdb31\" data-element_type=\"container\">\n\t\t\t\t\t<div class=\"e-con-inner\">\n\t\t\t\t<div class=\"elementor-element elementor-element-f6f274f elementor-widget elementor-widget-text-editor\" data-id=\"f6f274f\" data-element_type=\"widget\" data-widget_type=\"text-editor.default\">\n\t\t\t\t\t\t\t\t\t<div class=\"answer\" style=\"display: block;\"><ul style=\"list-style-type: square; margin-left: 26px;\">\n    <li id=\"isPasted\"><span style=\"font-family:&quot;Verdana&quot;,sans-serif;font-size:9.0pt;\">Clasificaci\u00f3n de documentos<\/span><\/li>\n    <li><span style=\"font-family:&quot;Verdana&quot;,sans-serif;font-size:9.0pt;\">Digitalizaci\u00f3n de documentos<\/span><\/li>\n    <li><span style=\"font-family:&quot;Verdana&quot;,sans-serif;font-size:9.0pt;\">Control de Calidad<\/span><\/li>\n    <li><span style=\"font-family:&quot;Verdana&quot;,sans-serif;font-size:9.0pt;\">Servicio de Indexaci\u00f3n<\/span><\/li>\n    <li><span style=\"font-family:&quot;Verdana&quot;,sans-serif;font-size:9.0pt;\">Servicio de Renombramiento de documentos<\/span><\/li>\n<\/ul><\/div>\t\t\t\t\t\t\t\t<\/div>\n\t\t\t\t\t<\/div>\n\t\t\t\t<\/div>\n\t\t\t\t<\/div>\n\t\t\t\t\t<\/details>\n\t\t\t\t\t\t<details id=\"e-n-accordion-item-2051\" class=\"e-n-accordion-item\" >\n\t\t\t\t<summary class=\"e-n-accordion-item-title\" data-accordion-index=\"2\" tabindex=\"-1\" aria-expanded=\"false\" aria-controls=\"e-n-accordion-item-2051\" >\n\t\t\t\t\t<span class='e-n-accordion-item-title-header'><div class=\"e-n-accordion-item-title-text\"> Procesos Administrativos <\/div><\/span>\n\t\t\t\t\t\t\t<span class='e-n-accordion-item-title-icon'>\n\t\t\t<span class='e-opened' ><svg aria-hidden=\"true\" class=\"e-font-icon-svg e-fas-minus\" viewBox=\"0 0 448 512\" xmlns=\"http:\/\/www.w3.org\/2000\/svg\"><path d=\"M416 208H32c-17.67 0-32 14.33-32 32v32c0 17.67 14.33 32 32 32h384c17.67 0 32-14.33 32-32v-32c0-17.67-14.33-32-32-32z\"><\/path><\/svg><\/span>\n\t\t\t<span class='e-closed'><svg aria-hidden=\"true\" class=\"e-font-icon-svg e-fas-plus\" viewBox=\"0 0 448 512\" xmlns=\"http:\/\/www.w3.org\/2000\/svg\"><path d=\"M416 208H272V64c0-17.67-14.33-32-32-32h-32c-17.67 0-32 14.33-32 32v144H32c-17.67 0-32 14.33-32 32v32c0 17.67 14.33 32 32 32h144v144c0 17.67 14.33 32 32 32h32c17.67 0 32-14.33 32-32V304h144c17.67 0 32-14.33 32-32v-32c0-17.67-14.33-32-32-32z\"><\/path><\/svg><\/span>\n\t\t<\/span>\n\n\t\t\t\t\t\t<\/summary>\n\t\t\t\t<div role=\"region\" aria-labelledby=\"e-n-accordion-item-2051\" class=\"elementor-element elementor-element-689f321 e-con-full e-flex e-con e-child\" data-id=\"689f321\" data-element_type=\"container\">\n\t\t<div role=\"region\" aria-labelledby=\"e-n-accordion-item-2051\" class=\"elementor-element elementor-element-882d622 e-flex e-con-boxed e-con e-child\" data-id=\"882d622\" data-element_type=\"container\">\n\t\t\t\t\t<div class=\"e-con-inner\">\n\t\t\t\t<div class=\"elementor-element elementor-element-b42602a elementor-widget elementor-widget-text-editor\" data-id=\"b42602a\" data-element_type=\"widget\" data-widget_type=\"text-editor.default\">\n\t\t\t\t\t\t\t\t\t<div class=\"answer\" style=\"display: block;\"><ul style=\"list-style-type: square;\">\n    <li>Levantamiento de Procesos<\/li>\n    <li>Redise\u00f1os de procesos<\/li>\n    <li>Redise\u00f1os de Negocios<\/li>\n    <li>Asesor\u00eda, Consultor\u00eda de Informaci\u00f3n y Selecci\u00f3n de Software<\/li>\n<\/ul>\n<p><strong>Aplicamos el concepto de Transformaci\u00f3n digital <\/strong><\/p><\/div>\t\t\t\t\t\t\t\t<\/div>\n\t\t\t\t\t<\/div>\n\t\t\t\t<\/div>\n\t\t\t\t<\/div>\n\t\t\t\t\t<\/details>\n\t\t\t\t\t<\/div>\n\t\t\t\t\t\t<\/div>\n\t\t\t\t<\/div>\n\t\t\t\t\t<\/div>\n\t\t\t\t<\/div>\n\t\t\t\t<\/div>\n\t\t","protected":false},"excerpt":{"rendered":"<p>Servicios Inform\u00e1ticos Servicios Inform\u00e1ticos Brindar Soluciones Efectivas para los clientes  [&#8230;]<\/p>\n","protected":false},"author":2,"featured_media":0,"parent":0,"menu_order":0,"comment_status":"closed","ping_status":"closed","template":"100-width.php","meta":{"_acf_changed":false,"footnotes":""},"class_list":["post-2922","page","type-page","status-publish","hentry"],"acf":[],"_links":{"self":[{"href":"https:\/\/grupomkt.net\/Criptoncorp\/wp-json\/wp\/v2\/pages\/2922","targetHints":{"allow":["GET"]}}],"collection":[{"href":"https:\/\/grupomkt.net\/Criptoncorp\/wp-json\/wp\/v2\/pages"}],"about":[{"href":"https:\/\/grupomkt.net\/Criptoncorp\/wp-json\/wp\/v2\/types\/page"}],"author":[{"embeddable":true,"href":"https:\/\/grupomkt.net\/Criptoncorp\/wp-json\/wp\/v2\/users\/2"}],"replies":[{"embeddable":true,"href":"https:\/\/grupomkt.net\/Criptoncorp\/wp-json\/wp\/v2\/comments?post=2922"}],"version-history":[{"count":4,"href":"https:\/\/grupomkt.net\/Criptoncorp\/wp-json\/wp\/v2\/pages\/2922\/revisions"}],"predecessor-version":[{"id":2928,"href":"https:\/\/grupomkt.net\/Criptoncorp\/wp-json\/wp\/v2\/pages\/2922\/revisions\/2928"}],"wp:attachment":[{"href":"https:\/\/grupomkt.net\/Criptoncorp\/wp-json\/wp\/v2\/media?parent=2922"}],"curies":[{"name":"wp","href":"https:\/\/api.w.org\/{rel}","templated":true}]}}