{"id":2849,"date":"2025-08-13T10:53:03","date_gmt":"2025-08-13T15:53:03","guid":{"rendered":"https:\/\/grupomkt.net\/Criptoncorp\/?page_id=2849"},"modified":"2025-08-13T11:22:57","modified_gmt":"2025-08-13T16:22:57","slug":"contactocripton","status":"publish","type":"page","link":"https:\/\/grupomkt.net\/Criptoncorp\/contactocripton\/","title":{"rendered":"Contactocripton"},"content":{"rendered":"\t\t<div data-elementor-type=\"wp-page\" data-elementor-id=\"2849\" class=\"elementor elementor-2849\" data-elementor-post-type=\"page\">\n\t\t\t\t<div class=\"elementor-element elementor-element-88c7775 e-flex e-con-boxed e-con e-parent\" data-id=\"88c7775\" data-element_type=\"container\" data-settings=\"{&quot;background_background&quot;:&quot;classic&quot;}\">\n\t\t\t\t\t<div class=\"e-con-inner\">\n\t\t\t\t<div class=\"elementor-element elementor-element-a8d4ecb elementor-widget elementor-widget-heading\" data-id=\"a8d4ecb\" data-element_type=\"widget\" data-widget_type=\"heading.default\">\n\t\t\t\t\t<h2 class=\"elementor-heading-title elementor-size-default\"><h2 style=\"color: #fff;font-size:30px\">En <span style=\"color:#ff0000\">CRIPTONSA<\/span> estamos a tu servicio<\/h2><\/h2>\t\t\t\t<\/div>\n\t\t\t\t\t<\/div>\n\t\t\t\t<\/div>\n\t\t<div class=\"elementor-element elementor-element-263d234c e-flex e-con-boxed e-con e-parent\" data-id=\"263d234c\" data-element_type=\"container\">\n\t\t\t\t\t<div class=\"e-con-inner\">\n\t\t<div class=\"elementor-element elementor-element-78390d0d e-con-full e-flex e-con e-child\" data-id=\"78390d0d\" data-element_type=\"container\">\n\t\t\t\t<div class=\"elementor-element elementor-element-20d35b57 elementor-widget elementor-widget-heading\" data-id=\"20d35b57\" data-element_type=\"widget\" data-widget_type=\"heading.default\">\n\t\t\t\t\t<h2 class=\"elementor-heading-title elementor-size-default\">Cont\u00e1ctanos<\/h2>\t\t\t\t<\/div>\n\t\t\t\t<div class=\"elementor-element elementor-element-16fedf3c elementor-position-left elementor-vertical-align-top elementor-widget elementor-widget-image-box\" data-id=\"16fedf3c\" data-element_type=\"widget\" data-widget_type=\"image-box.default\">\n\t\t\t\t\t<div class=\"elementor-image-box-wrapper\"><figure class=\"elementor-image-box-img\"><img decoding=\"async\" width=\"29\" height=\"29\" src=\"image\/svg+xml,%3Csvg%20xmlns%3D%27http%3A%2F%2Fwww.w3.org%2F2000%2Fsvg%27%20width%3D%2729%27%20height%3D%2729%27%20viewBox%3D%270%200%2029%2029%27%3E%3Crect%20width%3D%2729%27%20height%3D%2729%27%20fill-opacity%3D%220%22%2F%3E%3C%2Fsvg%3E\" class=\"attachment-full size-full wp-image-2553 lazyload\" alt=\"\" data-orig-src=\"https:\/\/grupomkt.net\/Criptoncorp\/wp-content\/uploads\/2025\/08\/home_logistics_icon_arrow.png\" \/><\/figure><div class=\"elementor-image-box-content\"><h3 class=\"elementor-image-box-title\">Officina 1<\/h3><p class=\"elementor-image-box-description\">Urdesa Norte, Edificio Cripton Av. Rodrigo Ch\u00e1vez #411 y Sexta Peatonal Urdesa Norte Guayaquil, Ecuador EC090510 <br>\n\n<p style=\"margin-bottom: 10px;\"><a href=\"mailto:info@criptonsa.com\">info@criptonsa.com<\/a> <i class=\"icon-right-circled themecolor\"><\/i><\/p>\n<p><a href=\"#\">+593 (4) 2610 655<\/a> <i class=\"icon-right-circled themecolor\"><\/i><\/p>\n<p><a href=\"#\">Celular : +(593) 99 032 2778&nbsp; \n\n<\/a><a href=\"https:\/\/wa.me\/593990322779\/?text=\"><img class=\"lazyload\" decoding=\"async\" src=\"data:image\/gif;base64,R0lGODlhAQABAAAAACH5BAEKAAEALAAAAAABAAEAAAICTAEAOw==\" data-orig-src=\"http:\/\/cripton-us.com\/wp-content\/uploads\/2022\/09\/whatsapp-logo-11-e1662580496401.png\"><\/a><\/p><\/p><\/div><\/div>\t\t\t\t<\/div>\n\t\t\t\t<\/div>\n\t\t<div class=\"elementor-element elementor-element-79d3d9a7 e-con-full e-flex e-con e-child\" data-id=\"79d3d9a7\" data-element_type=\"container\">\n\t\t\t\t<div class=\"elementor-element elementor-element-5abbf426 elementor-widget elementor-widget-heading\" data-id=\"5abbf426\" data-element_type=\"widget\" data-widget_type=\"heading.default\">\n\t\t\t\t\t<h2 class=\"elementor-heading-title elementor-size-default\">Env\u00edanos un mensaje<\/h2>\t\t\t\t<\/div>\n\t\t\t\t<div class=\"elementor-element elementor-element-1fc34cb4 eael-contact-form-7-button-align-left eael-contact-form-7-button-custom elementor-widget elementor-widget-eael-contact-form-7\" data-id=\"1fc34cb4\" data-element_type=\"widget\" data-widget_type=\"eael-contact-form-7.default\">\n\t\t\t\t\t<div class=\"eael-contact-form-7-wrapper\">\n                <div class=\"eael-contact-form eael-contact-form-7 eael-contact-form-1fc34cb4 placeholder-show eael-contact-form-align-default\">\n<div class=\"wpcf7 no-js\" id=\"wpcf7-f2559-o1\" lang=\"es-ES\" dir=\"ltr\" data-wpcf7-id=\"2559\">\n<div class=\"screen-reader-response\"><p role=\"status\" aria-live=\"polite\" aria-atomic=\"true\"><\/p> <ul><\/ul><\/div>\n<form action=\"\/Criptoncorp\/wp-json\/wp\/v2\/pages\/2849#wpcf7-f2559-o1\" method=\"post\" class=\"wpcf7-form init\" aria-label=\"Formulario de contacto\" novalidate=\"novalidate\" data-status=\"init\">\n<fieldset class=\"hidden-fields-container\"><input type=\"hidden\" name=\"_wpcf7\" value=\"2559\" \/><input type=\"hidden\" name=\"_wpcf7_version\" value=\"6.1.1\" \/><input type=\"hidden\" name=\"_wpcf7_locale\" value=\"es_ES\" \/><input type=\"hidden\" name=\"_wpcf7_unit_tag\" value=\"wpcf7-f2559-o1\" \/><input type=\"hidden\" name=\"_wpcf7_container_post\" value=\"0\" \/><input type=\"hidden\" name=\"_wpcf7_posted_data_hash\" value=\"\" \/>\n<\/fieldset>\n<div id=\"responsive-form\" class=\"clearfix\">\n\t<div class=\"form-row\">\n\t\t<div class=\"column-half\">\n\t\t\t<p><span class=\"wpcf7-form-control-wrap\" data-name=\"first-name\"><input size=\"40\" maxlength=\"400\" class=\"wpcf7-form-control wpcf7-text wpcf7-validates-as-required\" aria-required=\"true\" aria-invalid=\"false\" placeholder=\"Your-Name\" value=\"\" type=\"text\" name=\"first-name\" \/><\/span>\n\t\t\t<\/p>\n\t\t<\/div>\n\t\t<div class=\"column-half\">\n\t\t\t<p><span class=\"wpcf7-form-control-wrap\" data-name=\"your-email\"><input size=\"40\" maxlength=\"400\" class=\"wpcf7-form-control wpcf7-email wpcf7-validates-as-required wpcf7-text wpcf7-validates-as-email\" aria-required=\"true\" aria-invalid=\"false\" placeholder=\"Your-email\" value=\"\" type=\"email\" name=\"your-email\" \/><\/span>\n\t\t\t<\/p>\n\t\t<\/div>\n\t<\/div>\n\t<div class=\"form-row\">\n\t\t<div class=\"column-full\">\n\t\t\t<p><span class=\"wpcf7-form-control-wrap\" data-name=\"subject\"><input size=\"40\" maxlength=\"400\" class=\"wpcf7-form-control wpcf7-text wpcf7-validates-as-required\" aria-required=\"true\" aria-invalid=\"false\" placeholder=\"Subject\" value=\"\" type=\"text\" name=\"subject\" \/><\/span>\n\t\t\t<\/p>\n\t\t<\/div>\n\t<\/div>\n\t<div class=\"form-row\">\n\t\t<div class=\"column-full\">\n\t\t\t<p><span class=\"wpcf7-form-control-wrap\" data-name=\"your-message\"><textarea cols=\"40\" rows=\"10\" maxlength=\"2000\" class=\"wpcf7-form-control wpcf7-textarea\" aria-invalid=\"false\" placeholder=\"Message\" name=\"your-message\"><\/textarea><\/span>\n\t\t\t<\/p>\n\t\t<\/div>\n\t<\/div>\n\t<div class=\"form-row\">\n\t\t<div class=\"column-full\">\n\t\t\t<p><input class=\"wpcf7-form-control wpcf7-submit has-spinner\" type=\"submit\" value=\"Send a message\" \/>\n\t\t\t<\/p>\n\t\t<\/div>\n\t<\/div>\n<\/div><!--end responsive-form--><div class=\"fusion-alert alert custom alert-custom fusion-alert-center wpcf7-response-output awb-alert-native-link-color alert-dismissable awb-alert-close-boxed\" style=\"--awb-border-size:1px;--awb-border-top-left-radius:0px;--awb-border-top-right-radius:0px;--awb-border-bottom-left-radius:0px;--awb-border-bottom-right-radius:0px;\" role=\"alert\"><div class=\"fusion-alert-content-wrapper\"><span class=\"fusion-alert-content\"><\/span><\/div><button type=\"button\" class=\"close toggle-alert\" data-dismiss=\"alert\" aria-label=\"Close\">&times;<\/button><\/div>\n<\/form>\n<\/div>\n<\/div>\n            <\/div>\t\t\t\t<\/div>\n\t\t\t\t<div class=\"elementor-element elementor-element-f6aaf66 elementor-widget elementor-widget-n-accordion\" data-id=\"f6aaf66\" data-element_type=\"widget\" data-settings=\"{&quot;default_state&quot;:&quot;all_collapsed&quot;,&quot;max_items_expended&quot;:&quot;one&quot;,&quot;n_accordion_animation_duration&quot;:{&quot;unit&quot;:&quot;ms&quot;,&quot;size&quot;:400,&quot;sizes&quot;:[]}}\" data-widget_type=\"nested-accordion.default\">\n\t\t\t\t\t\t\t<div class=\"e-n-accordion\" aria-label=\"Accordion. Open links with Enter or Space, close with Escape, and navigate with Arrow Keys\">\n\t\t\t\t\t\t<details id=\"e-n-accordion-item-2580\" class=\"e-n-accordion-item\" >\n\t\t\t\t<summary class=\"e-n-accordion-item-title\" data-accordion-index=\"1\" tabindex=\"0\" aria-expanded=\"false\" aria-controls=\"e-n-accordion-item-2580\" >\n\t\t\t\t\t<span class='e-n-accordion-item-title-header'><div class=\"e-n-accordion-item-title-text\"> Solicita una Cotizaci\u00f3n <\/div><\/span>\n\t\t\t\t\t\t\t<span class='e-n-accordion-item-title-icon'>\n\t\t\t<span class='e-opened' ><svg aria-hidden=\"true\" class=\"e-font-icon-svg e-fas-minus\" viewBox=\"0 0 448 512\" xmlns=\"http:\/\/www.w3.org\/2000\/svg\"><path d=\"M416 208H32c-17.67 0-32 14.33-32 32v32c0 17.67 14.33 32 32 32h384c17.67 0 32-14.33 32-32v-32c0-17.67-14.33-32-32-32z\"><\/path><\/svg><\/span>\n\t\t\t<span class='e-closed'><svg aria-hidden=\"true\" class=\"e-font-icon-svg e-fas-plus\" viewBox=\"0 0 448 512\" xmlns=\"http:\/\/www.w3.org\/2000\/svg\"><path d=\"M416 208H272V64c0-17.67-14.33-32-32-32h-32c-17.67 0-32 14.33-32 32v144H32c-17.67 0-32 14.33-32 32v32c0 17.67 14.33 32 32 32h144v144c0 17.67 14.33 32 32 32h32c17.67 0 32-14.33 32-32V304h144c17.67 0 32-14.33 32-32v-32c0-17.67-14.33-32-32-32z\"><\/path><\/svg><\/span>\n\t\t<\/span>\n\n\t\t\t\t\t\t<\/summary>\n\t\t\t\t<div role=\"region\" aria-labelledby=\"e-n-accordion-item-2580\" class=\"elementor-element elementor-element-89eae89 e-con-full e-flex e-con e-child\" data-id=\"89eae89\" data-element_type=\"container\">\n\t\t<div role=\"region\" aria-labelledby=\"e-n-accordion-item-2580\" class=\"elementor-element elementor-element-8454df8 e-flex e-con-boxed e-con e-child\" data-id=\"8454df8\" data-element_type=\"container\">\n\t\t\t\t\t<div class=\"e-con-inner\">\n\t\t\t\t<div class=\"elementor-element elementor-element-0f4976e elementor-widget elementor-widget-shortcode\" data-id=\"0f4976e\" data-element_type=\"widget\" data-widget_type=\"shortcode.default\">\n\t\t\t\t\t\t\t<div class=\"elementor-shortcode\">\n<div class=\"wpcf7 no-js\" id=\"wpcf7-f2865-o2\" lang=\"es-ES\" dir=\"ltr\" data-wpcf7-id=\"2865\">\n<div class=\"screen-reader-response\"><p role=\"status\" aria-live=\"polite\" aria-atomic=\"true\"><\/p> <ul><\/ul><\/div>\n<form action=\"\/Criptoncorp\/wp-json\/wp\/v2\/pages\/2849#wpcf7-f2865-o2\" method=\"post\" class=\"wpcf7-form init\" aria-label=\"Formulario de contacto\" novalidate=\"novalidate\" data-status=\"init\">\n<fieldset class=\"hidden-fields-container\"><input type=\"hidden\" name=\"_wpcf7\" value=\"2865\" \/><input type=\"hidden\" name=\"_wpcf7_version\" value=\"6.1.1\" \/><input type=\"hidden\" name=\"_wpcf7_locale\" value=\"es_ES\" \/><input type=\"hidden\" name=\"_wpcf7_unit_tag\" value=\"wpcf7-f2865-o2\" \/><input type=\"hidden\" name=\"_wpcf7_container_post\" value=\"0\" \/><input type=\"hidden\" name=\"_wpcf7_posted_data_hash\" value=\"\" \/>\n<\/fieldset>\n<h3>INFORMACI\u00d3N GENERAL DE LA EMPRESA \/ NEGOCIO:\n<\/h3>\n<p><label> Nombre de la Empresa \/ Negocio (requerido)<br \/>\n<span class=\"wpcf7-form-control-wrap\" data-name=\"Nombreempre\"><input size=\"40\" maxlength=\"400\" class=\"wpcf7-form-control wpcf7-text wpcf7-validates-as-required\" aria-required=\"true\" aria-invalid=\"false\" value=\"\" type=\"text\" name=\"Nombreempre\" \/><\/span> <\/label>\n<\/p>\n<p><label> RUC (requerido)<br \/>\n<span class=\"wpcf7-form-control-wrap\" data-name=\"RUC\"><input size=\"40\" maxlength=\"400\" class=\"wpcf7-form-control wpcf7-tel wpcf7-validates-as-required wpcf7-text wpcf7-validates-as-tel\" aria-required=\"true\" aria-invalid=\"false\" value=\"\" type=\"tel\" name=\"RUC\" \/><\/span> <\/label>\n<\/p>\n<p><label> Actividades Generales (requerido)<br \/>\n<span class=\"wpcf7-form-control-wrap\" data-name=\"Actgeral\"><input size=\"40\" maxlength=\"400\" class=\"wpcf7-form-control wpcf7-text wpcf7-validates-as-required\" aria-required=\"true\" aria-invalid=\"false\" value=\"\" type=\"text\" name=\"Actgeral\" \/><\/span> <\/label>\n<\/p>\n<p><label> Tipo de Empresa \/ Negocio (escoger)<br \/>\n<span class=\"wpcf7-form-control-wrap\" data-name=\"tipoempresa\"><span class=\"wpcf7-form-control wpcf7-radio\"><span class=\"wpcf7-list-item first\"><input type=\"radio\" name=\"tipoempresa\" value=\"Servicios\" \/><span class=\"wpcf7-list-item-label\">Servicios<\/span><\/span><span class=\"wpcf7-list-item\"><input type=\"radio\" name=\"tipoempresa\" value=\"Comercial\" \/><span class=\"wpcf7-list-item-label\">Comercial<\/span><\/span><span class=\"wpcf7-list-item last\"><input type=\"radio\" name=\"tipoempresa\" value=\"Mixta\" \/><span class=\"wpcf7-list-item-label\">Mixta<\/span><\/span><\/span><\/span> <\/label>\n<\/p>\n<p><label> Ciudad donde se encuentra ubicada la empresa<br \/>\n<span class=\"wpcf7-form-control-wrap\" data-name=\"ciudadempre\"><input size=\"40\" maxlength=\"400\" class=\"wpcf7-form-control wpcf7-text\" aria-invalid=\"false\" value=\"\" type=\"text\" name=\"ciudadempre\" \/><\/span> <\/label>\n<\/p>\n<p><label> Nombre de contacto o persona responsable<br \/>\n<span class=\"wpcf7-form-control-wrap\" data-name=\"responsable\"><input size=\"40\" maxlength=\"400\" class=\"wpcf7-form-control wpcf7-text\" aria-invalid=\"false\" value=\"\" type=\"text\" name=\"responsable\" \/><\/span> <\/label>\n<\/p>\n<p><label> Direcci\u00f3n de correo electr\u00f3nico<br \/>\n<span class=\"wpcf7-form-control-wrap\" data-name=\"correo\"><input size=\"40\" maxlength=\"400\" class=\"wpcf7-form-control wpcf7-text\" aria-invalid=\"false\" value=\"\" type=\"text\" name=\"correo\" \/><\/span> <\/label>\n<\/p>\n<p><label> Tel\u00e9fonos (requerido)<br \/>\n<span class=\"wpcf7-form-control-wrap\" data-name=\"telefonos\"><input size=\"40\" maxlength=\"400\" class=\"wpcf7-form-control wpcf7-tel wpcf7-validates-as-required wpcf7-text wpcf7-validates-as-tel\" aria-required=\"true\" aria-invalid=\"false\" value=\"\" type=\"tel\" name=\"telefonos\" \/><\/span> <\/label>\n<\/p>\n<h3>DATOS OPERACIONALES DE LA EMPRESA:\n<\/h3>\n<p><label> Con actividad transaccional<br \/>\n<span class=\"wpcf7-form-control-wrap\" data-name=\"acttrans\"><span class=\"wpcf7-form-control wpcf7-radio\"><span class=\"wpcf7-list-item first\"><input type=\"radio\" name=\"acttrans\" value=\"si\" \/><span class=\"wpcf7-list-item-label\">si<\/span><\/span><span class=\"wpcf7-list-item last\"><input type=\"radio\" name=\"acttrans\" value=\"no\" \/><span class=\"wpcf7-list-item-label\">no<\/span><\/span><\/span><\/span> <\/label>\n<\/p>\n<p><label> Cantidad de Facturas de Ventas Emitidas en un mes<br \/>\n<span class=\"wpcf7-form-control-wrap\" data-name=\"numfac\"><span class=\"wpcf7-form-control wpcf7-radio\"><span class=\"wpcf7-list-item first\"><input type=\"radio\" name=\"numfac\" value=\"1-25\" \/><span class=\"wpcf7-list-item-label\">1-25<\/span><\/span><span class=\"wpcf7-list-item\"><input type=\"radio\" name=\"numfac\" value=\"25-50\" \/><span class=\"wpcf7-list-item-label\">25-50<\/span><\/span><span class=\"wpcf7-list-item\"><input type=\"radio\" name=\"numfac\" value=\"50-150\" \/><span class=\"wpcf7-list-item-label\">50-150<\/span><\/span><span class=\"wpcf7-list-item last\"><input type=\"radio\" name=\"numfac\" value=\"150 en adelante\" \/><span class=\"wpcf7-list-item-label\">150 en adelante<\/span><\/span><\/span><\/span> <\/label>\n<\/p>\n<p><label> Facturaci\u00f3n Electr\u00f3nica<br \/>\n<span class=\"wpcf7-form-control-wrap\" data-name=\"factelec\"><span class=\"wpcf7-form-control wpcf7-radio\"><span class=\"wpcf7-list-item first\"><input type=\"radio\" name=\"factelec\" value=\"si\" \/><span class=\"wpcf7-list-item-label\">si<\/span><\/span><span class=\"wpcf7-list-item last\"><input type=\"radio\" name=\"factelec\" value=\"no\" \/><span class=\"wpcf7-list-item-label\">no<\/span><\/span><\/span><\/span> <\/label>\n<\/p>\n<p><label> Cantidad de Retenciones Emitidas al mes<br \/>\n<span class=\"wpcf7-form-control-wrap\" data-name=\"numret\"><span class=\"wpcf7-form-control wpcf7-radio\"><span class=\"wpcf7-list-item first\"><input type=\"radio\" name=\"numret\" value=\"1-25\" \/><span class=\"wpcf7-list-item-label\">1-25<\/span><\/span><span class=\"wpcf7-list-item\"><input type=\"radio\" name=\"numret\" value=\"25-50\" \/><span class=\"wpcf7-list-item-label\">25-50<\/span><\/span><span class=\"wpcf7-list-item\"><input type=\"radio\" name=\"numret\" value=\"50-150\" \/><span class=\"wpcf7-list-item-label\">50-150<\/span><\/span><span class=\"wpcf7-list-item last\"><input type=\"radio\" name=\"numret\" value=\"150 en adelante\" \/><span class=\"wpcf7-list-item-label\">150 en adelante<\/span><\/span><\/span><\/span> <\/label>\n<\/p>\n<p><label> La Empresa\/Negocio cuenta con trabajadores<br \/>\n<span class=\"wpcf7-form-control-wrap\" data-name=\"trabajadores\"><span class=\"wpcf7-form-control wpcf7-radio\"><span class=\"wpcf7-list-item first\"><input type=\"radio\" name=\"trabajadores\" value=\"si\" \/><span class=\"wpcf7-list-item-label\">si<\/span><\/span><span class=\"wpcf7-list-item last\"><input type=\"radio\" name=\"trabajadores\" value=\"no\" \/><span class=\"wpcf7-list-item-label\">no<\/span><\/span><\/span><\/span> <\/label>\n<\/p>\n<p><label> N\u00famero de Trabajadores(requerido)<br \/>\n<span class=\"wpcf7-form-control-wrap\" data-name=\"numtrabaj\"><input size=\"40\" maxlength=\"400\" class=\"wpcf7-form-control wpcf7-tel wpcf7-validates-as-required wpcf7-text wpcf7-validates-as-tel\" aria-required=\"true\" aria-invalid=\"false\" value=\"\" type=\"tel\" name=\"numtrabaj\" \/><\/span> <\/label>\n<\/p>\n<p><label> Los trabajadores est\u00e1n afiliados<br \/>\n<span class=\"wpcf7-form-control-wrap\" data-name=\"afiliados\"><span class=\"wpcf7-form-control wpcf7-radio\"><span class=\"wpcf7-list-item first\"><input type=\"radio\" name=\"afiliados\" value=\"si\" \/><span class=\"wpcf7-list-item-label\">si<\/span><\/span><span class=\"wpcf7-list-item last\"><input type=\"radio\" name=\"afiliados\" value=\"no\" \/><span class=\"wpcf7-list-item-label\">no<\/span><\/span><\/span><\/span> <\/label>\n<\/p>\n<p><label> Tiene personal por honorarios profesionales<br \/>\n<span class=\"wpcf7-form-control-wrap\" data-name=\"profesionales\"><span class=\"wpcf7-form-control wpcf7-radio\"><span class=\"wpcf7-list-item first\"><input type=\"radio\" name=\"profesionales\" value=\"si\" \/><span class=\"wpcf7-list-item-label\">si<\/span><\/span><span class=\"wpcf7-list-item last\"><input type=\"radio\" name=\"profesionales\" value=\"no\" \/><span class=\"wpcf7-list-item-label\">no<\/span><\/span><\/span><\/span> <\/label>\n<\/p>\n<p><label> Cuenta con sistema computacional Administrativo-Contable<br \/>\n<span class=\"wpcf7-form-control-wrap\" data-name=\"sistema\"><span class=\"wpcf7-form-control wpcf7-radio\"><span class=\"wpcf7-list-item first\"><input type=\"radio\" name=\"sistema\" value=\"si\" \/><span class=\"wpcf7-list-item-label\">si<\/span><\/span><span class=\"wpcf7-list-item last\"><input type=\"radio\" name=\"sistema\" value=\"no\" \/><span class=\"wpcf7-list-item-label\">no<\/span><\/span><\/span><\/span> <\/label>\n<\/p>\n<p><label> Nombre del Sistema Computacional<br \/>\n<span class=\"wpcf7-form-control-wrap\" data-name=\"nomsis\"><input size=\"40\" maxlength=\"400\" class=\"wpcf7-form-control wpcf7-text\" aria-invalid=\"false\" value=\"\" type=\"text\" name=\"nomsis\" \/><\/span> <\/label>\n<\/p>\n<h3>REQUERIMIENTO DEL CLIENTE\n<\/h3>\n<p><label> Detallar comentarios importantes y\/o especiales que deberiamos conocer acerca de su empresa<br \/>\n<span class=\"wpcf7-form-control-wrap\" data-name=\"your-message\"><textarea cols=\"40\" rows=\"10\" maxlength=\"2000\" class=\"wpcf7-form-control wpcf7-textarea\" aria-invalid=\"false\" name=\"your-message\"><\/textarea><\/span> <\/label>\n<\/p>\n<p><label> Tipo de Asesor\u00eda y\/o Consultor\u00eda que requiere para su Empresa\/Negocio<br \/>\n<span class=\"wpcf7-form-control-wrap\" data-name=\"tipoasesoria\"><span class=\"wpcf7-form-control wpcf7-checkbox\"><span class=\"wpcf7-list-item first\"><input type=\"checkbox\" name=\"tipoasesoria[]\" value=\"Contabilidad\" \/><span class=\"wpcf7-list-item-label\">Contabilidad<\/span><\/span><span class=\"wpcf7-list-item\"><input type=\"checkbox\" name=\"tipoasesoria[]\" value=\"Recursos Humanos\" \/><span class=\"wpcf7-list-item-label\">Recursos Humanos<\/span><\/span><span class=\"wpcf7-list-item\"><input type=\"checkbox\" name=\"tipoasesoria[]\" value=\"Inform\u00e1tico\" \/><span class=\"wpcf7-list-item-label\">Inform\u00e1tico<\/span><\/span><span class=\"wpcf7-list-item\"><input type=\"checkbox\" name=\"tipoasesoria[]\" value=\"Procesos Administrativos\" \/><span class=\"wpcf7-list-item-label\">Procesos Administrativos<\/span><\/span><span class=\"wpcf7-list-item\"><input type=\"checkbox\" name=\"tipoasesoria[]\" value=\"Tributarios\" \/><span class=\"wpcf7-list-item-label\">Tributarios<\/span><\/span><span class=\"wpcf7-list-item\"><input type=\"checkbox\" name=\"tipoasesoria[]\" value=\"Organizacionales\" \/><span class=\"wpcf7-list-item-label\">Organizacionales<\/span><\/span><span class=\"wpcf7-list-item\"><input type=\"checkbox\" name=\"tipoasesoria[]\" value=\"NIIF\" \/><span class=\"wpcf7-list-item-label\">NIIF<\/span><\/span><span class=\"wpcf7-list-item\"><input type=\"checkbox\" name=\"tipoasesoria[]\" value=\"Seguridad y Salud Laboral\" \/><span class=\"wpcf7-list-item-label\">Seguridad y Salud Laboral<\/span><\/span><span class=\"wpcf7-list-item\"><input type=\"checkbox\" name=\"tipoasesoria[]\" value=\"Auditoria Interna\" \/><span class=\"wpcf7-list-item-label\">Auditoria Interna<\/span><\/span><span class=\"wpcf7-list-item last\"><input type=\"checkbox\" name=\"tipoasesoria[]\" value=\"Otros\" \/><span class=\"wpcf7-list-item-label\">Otros<\/span><\/span><\/span><\/span> <\/label>\n<\/p>\n<p><label> Otros Especifique:<br \/>\n<span class=\"wpcf7-form-control-wrap\" data-name=\"otros\"><input size=\"40\" maxlength=\"400\" class=\"wpcf7-form-control wpcf7-text\" aria-invalid=\"false\" value=\"\" type=\"text\" name=\"otros\" \/><\/span> <\/label>\n<\/p>\n<p>NOTA: El cuestionario ser\u00e1 remitido a nuesto correo: info@criptonsa.com\n<\/p>\n<p>Una vez recibida esta informaci\u00f3n, enviaremos la cotizaci\u00f3n de nuestros servicios de manera detallada a la direcci\u00f3n de correo electronico que se nos indica en el cuestionario.\n<\/p>\n<p>La infomaci\u00f3n entregada en el cuestionario es estrictamente confidencial por CRIPTON S.A.\n<\/p>\n<p><input class=\"wpcf7-form-control wpcf7-submit has-spinner\" type=\"submit\" value=\"Enviar\" \/>\n<\/p><div class=\"fusion-alert alert custom alert-custom fusion-alert-center wpcf7-response-output awb-alert-native-link-color alert-dismissable awb-alert-close-boxed\" style=\"--awb-border-size:1px;--awb-border-top-left-radius:0px;--awb-border-top-right-radius:0px;--awb-border-bottom-left-radius:0px;--awb-border-bottom-right-radius:0px;\" role=\"alert\"><div class=\"fusion-alert-content-wrapper\"><span class=\"fusion-alert-content\"><\/span><\/div><button type=\"button\" class=\"close toggle-alert\" data-dismiss=\"alert\" aria-label=\"Close\">&times;<\/button><\/div>\n<\/form>\n<\/div>\n<\/div>\n\t\t\t\t\t\t<\/div>\n\t\t\t\t\t<\/div>\n\t\t\t\t<\/div>\n\t\t\t\t<\/div>\n\t\t\t\t\t<\/details>\n\t\t\t\t\t<\/div>\n\t\t\t\t\t\t<\/div>\n\t\t\t\t<\/div>\n\t\t\t\t\t<\/div>\n\t\t\t\t<\/div>\n\t\t\t\t<\/div>\n\t\t","protected":false},"excerpt":{"rendered":"<p>En CRIPTONSA estamos a tu servicio Cont\u00e1ctanos Officina 1 Urdesa  [&#8230;]<\/p>\n","protected":false},"author":2,"featured_media":0,"parent":0,"menu_order":0,"comment_status":"closed","ping_status":"closed","template":"","meta":{"_acf_changed":false,"footnotes":""},"class_list":["post-2849","page","type-page","status-publish","hentry"],"acf":[],"_links":{"self":[{"href":"https:\/\/grupomkt.net\/Criptoncorp\/wp-json\/wp\/v2\/pages\/2849","targetHints":{"allow":["GET"]}}],"collection":[{"href":"https:\/\/grupomkt.net\/Criptoncorp\/wp-json\/wp\/v2\/pages"}],"about":[{"href":"https:\/\/grupomkt.net\/Criptoncorp\/wp-json\/wp\/v2\/types\/page"}],"author":[{"embeddable":true,"href":"https:\/\/grupomkt.net\/Criptoncorp\/wp-json\/wp\/v2\/users\/2"}],"replies":[{"embeddable":true,"href":"https:\/\/grupomkt.net\/Criptoncorp\/wp-json\/wp\/v2\/comments?post=2849"}],"version-history":[{"count":16,"href":"https:\/\/grupomkt.net\/Criptoncorp\/wp-json\/wp\/v2\/pages\/2849\/revisions"}],"predecessor-version":[{"id":2871,"href":"https:\/\/grupomkt.net\/Criptoncorp\/wp-json\/wp\/v2\/pages\/2849\/revisions\/2871"}],"wp:attachment":[{"href":"https:\/\/grupomkt.net\/Criptoncorp\/wp-json\/wp\/v2\/media?parent=2849"}],"curies":[{"name":"wp","href":"https:\/\/api.w.org\/{rel}","templated":true}]}}