{"id":2797,"date":"2025-08-12T17:18:25","date_gmt":"2025-08-12T22:18:25","guid":{"rendered":"https:\/\/grupomkt.net\/Criptoncorp\/?page_id=2797"},"modified":"2025-08-12T17:35:22","modified_gmt":"2025-08-12T22:35:22","slug":"valores-objetivos","status":"publish","type":"page","link":"https:\/\/grupomkt.net\/Criptoncorp\/valores-objetivos\/","title":{"rendered":"Valores &#8211; Objetivos"},"content":{"rendered":"\t\t<div data-elementor-type=\"wp-page\" data-elementor-id=\"2797\" class=\"elementor elementor-2797\" data-elementor-post-type=\"page\">\n\t\t\t\t<div class=\"elementor-element elementor-element-02ded5d e-flex e-con-boxed e-con e-parent\" data-id=\"02ded5d\" data-element_type=\"container\">\n\t\t\t\t\t<div class=\"e-con-inner\">\n\t\t<div class=\"elementor-element elementor-element-a02b8c8 e-con-full e-flex e-con e-child\" data-id=\"a02b8c8\" data-element_type=\"container\">\n\t\t\t\t<div class=\"elementor-element elementor-element-94167a3 elementor-widget elementor-widget-image\" data-id=\"94167a3\" data-element_type=\"widget\" data-widget_type=\"image.default\">\n\t\t\t\t\t\t\t\t\t\t\t\t\t\t\t<img fetchpriority=\"high\" decoding=\"async\" width=\"780\" height=\"540\" src=\"https:\/\/grupomkt.net\/Criptoncorp\/wp-content\/uploads\/2025\/08\/Objetivos.jpg\" class=\"attachment-large size-large wp-image-2799 lazyload\" alt=\"\" srcset=\"data:image\/svg+xml,%3Csvg%20xmlns%3D%27http%3A%2F%2Fwww.w3.org%2F2000%2Fsvg%27%20width%3D%27780%27%20height%3D%27540%27%20viewBox%3D%270%200%20780%20540%27%3E%3Crect%20width%3D%27780%27%20height%3D%27540%27%20fill-opacity%3D%220%22%2F%3E%3C%2Fsvg%3E\" data-orig-src=\"https:\/\/grupomkt.net\/Criptoncorp\/wp-content\/uploads\/2025\/08\/Objetivos.jpg\" data-srcset=\"https:\/\/grupomkt.net\/Criptoncorp\/wp-content\/uploads\/2025\/08\/Objetivos-200x138.jpg 200w, https:\/\/grupomkt.net\/Criptoncorp\/wp-content\/uploads\/2025\/08\/Objetivos-300x208.jpg 300w, https:\/\/grupomkt.net\/Criptoncorp\/wp-content\/uploads\/2025\/08\/Objetivos-400x277.jpg 400w, https:\/\/grupomkt.net\/Criptoncorp\/wp-content\/uploads\/2025\/08\/Objetivos-600x415.jpg 600w, https:\/\/grupomkt.net\/Criptoncorp\/wp-content\/uploads\/2025\/08\/Objetivos-768x532.jpg 768w, https:\/\/grupomkt.net\/Criptoncorp\/wp-content\/uploads\/2025\/08\/Objetivos.jpg 780w\" data-sizes=\"auto\" \/>\t\t\t\t\t\t\t\t\t\t\t\t\t\t\t<\/div>\n\t\t\t\t<\/div>\n\t\t<div class=\"elementor-element elementor-element-00268b4 e-con-full e-flex e-con e-child\" data-id=\"00268b4\" data-element_type=\"container\">\n\t\t\t\t<div class=\"elementor-element elementor-element-a81e3cc elementor-widget elementor-widget-image\" data-id=\"a81e3cc\" data-element_type=\"widget\" data-widget_type=\"image.default\">\n\t\t\t\t\t\t\t\t\t\t\t\t\t\t\t<img decoding=\"async\" width=\"29\" height=\"29\" src=\"image\/svg+xml,%3Csvg%20xmlns%3D%27http%3A%2F%2Fwww.w3.org%2F2000%2Fsvg%27%20width%3D%2729%27%20height%3D%2729%27%20viewBox%3D%270%200%2029%2029%27%3E%3Crect%20width%3D%2729%27%20height%3D%2729%27%20fill-opacity%3D%220%22%2F%3E%3C%2Fsvg%3E\" class=\"attachment-large size-large wp-image-2782 lazyload\" alt=\"\" data-orig-src=\"https:\/\/grupomkt.net\/Criptoncorp\/wp-content\/uploads\/2025\/08\/home_logistics_icon_arrow-1.png\" \/>\t\t\t\t\t\t\t\t\t\t\t\t\t\t\t<\/div>\n\t\t\t\t<div class=\"elementor-element elementor-element-5c5dbd1 elementor-widget elementor-widget-heading\" data-id=\"5c5dbd1\" data-element_type=\"widget\" data-widget_type=\"heading.default\">\n\t\t\t\t\t<h2 class=\"elementor-heading-title elementor-size-default\">Objetivos<\/h2>\t\t\t\t<\/div>\n\t\t\t\t<div class=\"elementor-element elementor-element-469ae10 elementor-widget elementor-widget-text-editor\" data-id=\"469ae10\" data-element_type=\"widget\" data-widget_type=\"text-editor.default\">\n\t\t\t\t\t\t\t\t\tOtorgar una experiencia de calidad en el servicio a nuestros clientes, convirti\u00e9ndonos en sus aliados como parte de su equipo de trabajo, manteniendo la comunicaci\u00f3n honesta y abierta; asesor\u00e1ndolos en el \u00e1mbito empresarial.\t\t\t\t\t\t\t\t<\/div>\n\t\t\t\t<\/div>\n\t\t\t\t\t<\/div>\n\t\t\t\t<\/div>\n\t\t<div class=\"elementor-element elementor-element-2007c79 e-flex e-con-boxed e-con e-parent\" data-id=\"2007c79\" data-element_type=\"container\" data-settings=\"{&quot;background_background&quot;:&quot;classic&quot;}\">\n\t\t\t\t\t<div class=\"e-con-inner\">\n\t\t\t\t<div class=\"elementor-element elementor-element-66b2472 elementor-widget elementor-widget-heading\" data-id=\"66b2472\" data-element_type=\"widget\" data-widget_type=\"heading.default\">\n\t\t\t\t\t<h2 class=\"elementor-heading-title elementor-size-default\">Nuestros Valores<\/h2>\t\t\t\t<\/div>\n\t\t<div class=\"elementor-element elementor-element-799009e e-grid e-con-full e-con e-child\" data-id=\"799009e\" data-element_type=\"container\">\n\t\t\t\t<div class=\"elementor-element elementor-element-49b4d61 elementor-position-top elementor-widget elementor-widget-image-box\" data-id=\"49b4d61\" data-element_type=\"widget\" data-widget_type=\"image-box.default\">\n\t\t\t\t\t<div class=\"elementor-image-box-wrapper\"><figure class=\"elementor-image-box-img\"><img decoding=\"async\" width=\"512\" height=\"512\" src=\"https:\/\/grupomkt.net\/Criptoncorp\/wp-content\/uploads\/2025\/08\/honestidad.png\" class=\"attachment-full size-full wp-image-2804 lazyload\" alt=\"\" data-orig-src=\"https:\/\/grupomkt.net\/Criptoncorp\/wp-content\/uploads\/2025\/08\/honestidad.png\" data-srcset=\"https:\/\/grupomkt.net\/Criptoncorp\/wp-content\/uploads\/2025\/08\/honestidad-66x66.png 66w, https:\/\/grupomkt.net\/Criptoncorp\/wp-content\/uploads\/2025\/08\/honestidad-150x150.png 150w, https:\/\/grupomkt.net\/Criptoncorp\/wp-content\/uploads\/2025\/08\/honestidad-200x200.png 200w, https:\/\/grupomkt.net\/Criptoncorp\/wp-content\/uploads\/2025\/08\/honestidad-300x300.png 300w, https:\/\/grupomkt.net\/Criptoncorp\/wp-content\/uploads\/2025\/08\/honestidad-400x400.png 400w, https:\/\/grupomkt.net\/Criptoncorp\/wp-content\/uploads\/2025\/08\/honestidad.png 512w\" data-sizes=\"auto\" srcset=\"https:\/\/grupomkt.net\/Criptoncorp\/wp-content\/uploads\/2025\/08\/honestidad-66x66.png 66w, https:\/\/grupomkt.net\/Criptoncorp\/wp-content\/uploads\/2025\/08\/honestidad-150x150.png 150w, https:\/\/grupomkt.net\/Criptoncorp\/wp-content\/uploads\/2025\/08\/honestidad-200x200.png 200w, https:\/\/grupomkt.net\/Criptoncorp\/wp-content\/uploads\/2025\/08\/honestidad-300x300.png 300w, https:\/\/grupomkt.net\/Criptoncorp\/wp-content\/uploads\/2025\/08\/honestidad-400x400.png 400w, https:\/\/grupomkt.net\/Criptoncorp\/wp-content\/uploads\/2025\/08\/honestidad.png 512w\" sizes=\"(max-width: 512px) 100vw, 512px\" \/><\/figure><div class=\"elementor-image-box-content\"><h3 class=\"elementor-image-box-title\">Respeto y Responsabilidad<\/h3><\/div><\/div>\t\t\t\t<\/div>\n\t\t\t\t<div class=\"elementor-element elementor-element-e15aec0 elementor-position-top elementor-widget elementor-widget-image-box\" data-id=\"e15aec0\" data-element_type=\"widget\" data-widget_type=\"image-box.default\">\n\t\t\t\t\t<div class=\"elementor-image-box-wrapper\"><figure class=\"elementor-image-box-img\"><img loading=\"lazy\" decoding=\"async\" width=\"512\" height=\"512\" src=\"https:\/\/grupomkt.net\/Criptoncorp\/wp-content\/uploads\/2025\/08\/apoyo.png\" class=\"attachment-full size-full wp-image-2806 lazyload\" alt=\"\" data-orig-src=\"https:\/\/grupomkt.net\/Criptoncorp\/wp-content\/uploads\/2025\/08\/apoyo.png\" data-srcset=\"https:\/\/grupomkt.net\/Criptoncorp\/wp-content\/uploads\/2025\/08\/apoyo-66x66.png 66w, https:\/\/grupomkt.net\/Criptoncorp\/wp-content\/uploads\/2025\/08\/apoyo-150x150.png 150w, https:\/\/grupomkt.net\/Criptoncorp\/wp-content\/uploads\/2025\/08\/apoyo-200x200.png 200w, https:\/\/grupomkt.net\/Criptoncorp\/wp-content\/uploads\/2025\/08\/apoyo-300x300.png 300w, https:\/\/grupomkt.net\/Criptoncorp\/wp-content\/uploads\/2025\/08\/apoyo-400x400.png 400w, https:\/\/grupomkt.net\/Criptoncorp\/wp-content\/uploads\/2025\/08\/apoyo.png 512w\" data-sizes=\"auto\" srcset=\"https:\/\/grupomkt.net\/Criptoncorp\/wp-content\/uploads\/2025\/08\/apoyo-66x66.png 66w, https:\/\/grupomkt.net\/Criptoncorp\/wp-content\/uploads\/2025\/08\/apoyo-150x150.png 150w, https:\/\/grupomkt.net\/Criptoncorp\/wp-content\/uploads\/2025\/08\/apoyo-200x200.png 200w, https:\/\/grupomkt.net\/Criptoncorp\/wp-content\/uploads\/2025\/08\/apoyo-300x300.png 300w, https:\/\/grupomkt.net\/Criptoncorp\/wp-content\/uploads\/2025\/08\/apoyo-400x400.png 400w, https:\/\/grupomkt.net\/Criptoncorp\/wp-content\/uploads\/2025\/08\/apoyo.png 512w\" sizes=\"(max-width: 512px) 100vw, 512px\" \/><\/figure><div class=\"elementor-image-box-content\"><h3 class=\"elementor-image-box-title\">Integridad y Objetividad<\/h3><\/div><\/div>\t\t\t\t<\/div>\n\t\t\t\t<div class=\"elementor-element elementor-element-e0823c4 elementor-position-top elementor-widget elementor-widget-image-box\" data-id=\"e0823c4\" data-element_type=\"widget\" data-widget_type=\"image-box.default\">\n\t\t\t\t\t<div class=\"elementor-image-box-wrapper\"><figure class=\"elementor-image-box-img\"><img loading=\"lazy\" decoding=\"async\" width=\"512\" height=\"512\" src=\"https:\/\/grupomkt.net\/Criptoncorp\/wp-content\/uploads\/2025\/08\/objetivo.png\" class=\"attachment-full size-full wp-image-2807 lazyload\" alt=\"\" data-orig-src=\"https:\/\/grupomkt.net\/Criptoncorp\/wp-content\/uploads\/2025\/08\/objetivo.png\" data-srcset=\"https:\/\/grupomkt.net\/Criptoncorp\/wp-content\/uploads\/2025\/08\/objetivo-66x66.png 66w, https:\/\/grupomkt.net\/Criptoncorp\/wp-content\/uploads\/2025\/08\/objetivo-150x150.png 150w, https:\/\/grupomkt.net\/Criptoncorp\/wp-content\/uploads\/2025\/08\/objetivo-200x200.png 200w, https:\/\/grupomkt.net\/Criptoncorp\/wp-content\/uploads\/2025\/08\/objetivo-300x300.png 300w, https:\/\/grupomkt.net\/Criptoncorp\/wp-content\/uploads\/2025\/08\/objetivo-400x400.png 400w, https:\/\/grupomkt.net\/Criptoncorp\/wp-content\/uploads\/2025\/08\/objetivo.png 512w\" data-sizes=\"auto\" srcset=\"https:\/\/grupomkt.net\/Criptoncorp\/wp-content\/uploads\/2025\/08\/objetivo-66x66.png 66w, https:\/\/grupomkt.net\/Criptoncorp\/wp-content\/uploads\/2025\/08\/objetivo-150x150.png 150w, https:\/\/grupomkt.net\/Criptoncorp\/wp-content\/uploads\/2025\/08\/objetivo-200x200.png 200w, https:\/\/grupomkt.net\/Criptoncorp\/wp-content\/uploads\/2025\/08\/objetivo-300x300.png 300w, https:\/\/grupomkt.net\/Criptoncorp\/wp-content\/uploads\/2025\/08\/objetivo-400x400.png 400w, https:\/\/grupomkt.net\/Criptoncorp\/wp-content\/uploads\/2025\/08\/objetivo.png 512w\" sizes=\"(max-width: 512px) 100vw, 512px\" \/><\/figure><div class=\"elementor-image-box-content\"><h3 class=\"elementor-image-box-title\">\u00c9tica Profesional y Corporativa<\/h3><\/div><\/div>\t\t\t\t<\/div>\n\t\t\t\t<div class=\"elementor-element elementor-element-7d2ab23 elementor-position-top elementor-widget elementor-widget-image-box\" data-id=\"7d2ab23\" data-element_type=\"widget\" data-widget_type=\"image-box.default\">\n\t\t\t\t\t<div class=\"elementor-image-box-wrapper\"><figure class=\"elementor-image-box-img\"><img loading=\"lazy\" decoding=\"async\" width=\"512\" height=\"512\" src=\"https:\/\/grupomkt.net\/Criptoncorp\/wp-content\/uploads\/2025\/08\/valor.png\" class=\"attachment-full size-full wp-image-2808 lazyload\" alt=\"\" data-orig-src=\"https:\/\/grupomkt.net\/Criptoncorp\/wp-content\/uploads\/2025\/08\/valor.png\" data-srcset=\"https:\/\/grupomkt.net\/Criptoncorp\/wp-content\/uploads\/2025\/08\/valor-66x66.png 66w, https:\/\/grupomkt.net\/Criptoncorp\/wp-content\/uploads\/2025\/08\/valor-150x150.png 150w, https:\/\/grupomkt.net\/Criptoncorp\/wp-content\/uploads\/2025\/08\/valor-200x200.png 200w, https:\/\/grupomkt.net\/Criptoncorp\/wp-content\/uploads\/2025\/08\/valor-300x300.png 300w, https:\/\/grupomkt.net\/Criptoncorp\/wp-content\/uploads\/2025\/08\/valor-400x400.png 400w, https:\/\/grupomkt.net\/Criptoncorp\/wp-content\/uploads\/2025\/08\/valor.png 512w\" data-sizes=\"auto\" srcset=\"https:\/\/grupomkt.net\/Criptoncorp\/wp-content\/uploads\/2025\/08\/valor-66x66.png 66w, https:\/\/grupomkt.net\/Criptoncorp\/wp-content\/uploads\/2025\/08\/valor-150x150.png 150w, https:\/\/grupomkt.net\/Criptoncorp\/wp-content\/uploads\/2025\/08\/valor-200x200.png 200w, https:\/\/grupomkt.net\/Criptoncorp\/wp-content\/uploads\/2025\/08\/valor-300x300.png 300w, https:\/\/grupomkt.net\/Criptoncorp\/wp-content\/uploads\/2025\/08\/valor-400x400.png 400w, https:\/\/grupomkt.net\/Criptoncorp\/wp-content\/uploads\/2025\/08\/valor.png 512w\" sizes=\"(max-width: 512px) 100vw, 512px\" \/><\/figure><div class=\"elementor-image-box-content\"><h3 class=\"elementor-image-box-title\">Orientado en el Servicio al Cliente interno y externo<\/h3><\/div><\/div>\t\t\t\t<\/div>\n\t\t\t\t<div class=\"elementor-element elementor-element-4511e64 elementor-position-top elementor-widget elementor-widget-image-box\" data-id=\"4511e64\" data-element_type=\"widget\" data-widget_type=\"image-box.default\">\n\t\t\t\t\t<div class=\"elementor-image-box-wrapper\"><figure class=\"elementor-image-box-img\"><img loading=\"lazy\" decoding=\"async\" width=\"512\" height=\"512\" src=\"https:\/\/grupomkt.net\/Criptoncorp\/wp-content\/uploads\/2025\/08\/control-de-calidad.png\" class=\"attachment-full size-full wp-image-2809 lazyload\" alt=\"\" data-orig-src=\"https:\/\/grupomkt.net\/Criptoncorp\/wp-content\/uploads\/2025\/08\/control-de-calidad.png\" data-srcset=\"https:\/\/grupomkt.net\/Criptoncorp\/wp-content\/uploads\/2025\/08\/control-de-calidad-66x66.png 66w, https:\/\/grupomkt.net\/Criptoncorp\/wp-content\/uploads\/2025\/08\/control-de-calidad-150x150.png 150w, https:\/\/grupomkt.net\/Criptoncorp\/wp-content\/uploads\/2025\/08\/control-de-calidad-200x200.png 200w, https:\/\/grupomkt.net\/Criptoncorp\/wp-content\/uploads\/2025\/08\/control-de-calidad-300x300.png 300w, https:\/\/grupomkt.net\/Criptoncorp\/wp-content\/uploads\/2025\/08\/control-de-calidad-400x400.png 400w, https:\/\/grupomkt.net\/Criptoncorp\/wp-content\/uploads\/2025\/08\/control-de-calidad.png 512w\" data-sizes=\"auto\" srcset=\"https:\/\/grupomkt.net\/Criptoncorp\/wp-content\/uploads\/2025\/08\/control-de-calidad-66x66.png 66w, https:\/\/grupomkt.net\/Criptoncorp\/wp-content\/uploads\/2025\/08\/control-de-calidad-150x150.png 150w, https:\/\/grupomkt.net\/Criptoncorp\/wp-content\/uploads\/2025\/08\/control-de-calidad-200x200.png 200w, https:\/\/grupomkt.net\/Criptoncorp\/wp-content\/uploads\/2025\/08\/control-de-calidad-300x300.png 300w, https:\/\/grupomkt.net\/Criptoncorp\/wp-content\/uploads\/2025\/08\/control-de-calidad-400x400.png 400w, https:\/\/grupomkt.net\/Criptoncorp\/wp-content\/uploads\/2025\/08\/control-de-calidad.png 512w\" sizes=\"(max-width: 512px) 100vw, 512px\" \/><\/figure><div class=\"elementor-image-box-content\"><h3 class=\"elementor-image-box-title\">Calidad y Eficiencia<\/h3><\/div><\/div>\t\t\t\t<\/div>\n\t\t\t\t<div class=\"elementor-element elementor-element-a67fc6d elementor-position-top elementor-widget elementor-widget-image-box\" data-id=\"a67fc6d\" data-element_type=\"widget\" data-widget_type=\"image-box.default\">\n\t\t\t\t\t<div class=\"elementor-image-box-wrapper\"><figure class=\"elementor-image-box-img\"><img loading=\"lazy\" decoding=\"async\" width=\"512\" height=\"512\" src=\"https:\/\/grupomkt.net\/Criptoncorp\/wp-content\/uploads\/2025\/08\/politica-de-privacidad.png\" class=\"attachment-full size-full wp-image-2810 lazyload\" alt=\"\" data-orig-src=\"https:\/\/grupomkt.net\/Criptoncorp\/wp-content\/uploads\/2025\/08\/politica-de-privacidad.png\" data-srcset=\"https:\/\/grupomkt.net\/Criptoncorp\/wp-content\/uploads\/2025\/08\/politica-de-privacidad-66x66.png 66w, https:\/\/grupomkt.net\/Criptoncorp\/wp-content\/uploads\/2025\/08\/politica-de-privacidad-150x150.png 150w, https:\/\/grupomkt.net\/Criptoncorp\/wp-content\/uploads\/2025\/08\/politica-de-privacidad-200x200.png 200w, https:\/\/grupomkt.net\/Criptoncorp\/wp-content\/uploads\/2025\/08\/politica-de-privacidad-300x300.png 300w, https:\/\/grupomkt.net\/Criptoncorp\/wp-content\/uploads\/2025\/08\/politica-de-privacidad-400x400.png 400w, https:\/\/grupomkt.net\/Criptoncorp\/wp-content\/uploads\/2025\/08\/politica-de-privacidad.png 512w\" data-sizes=\"auto\" srcset=\"https:\/\/grupomkt.net\/Criptoncorp\/wp-content\/uploads\/2025\/08\/politica-de-privacidad-66x66.png 66w, https:\/\/grupomkt.net\/Criptoncorp\/wp-content\/uploads\/2025\/08\/politica-de-privacidad-150x150.png 150w, https:\/\/grupomkt.net\/Criptoncorp\/wp-content\/uploads\/2025\/08\/politica-de-privacidad-200x200.png 200w, https:\/\/grupomkt.net\/Criptoncorp\/wp-content\/uploads\/2025\/08\/politica-de-privacidad-300x300.png 300w, https:\/\/grupomkt.net\/Criptoncorp\/wp-content\/uploads\/2025\/08\/politica-de-privacidad-400x400.png 400w, https:\/\/grupomkt.net\/Criptoncorp\/wp-content\/uploads\/2025\/08\/politica-de-privacidad.png 512w\" sizes=\"(max-width: 512px) 100vw, 512px\" \/><\/figure><div class=\"elementor-image-box-content\"><h3 class=\"elementor-image-box-title\">Confidencialidad y Honestidad<\/h3><\/div><\/div>\t\t\t\t<\/div>\n\t\t\t\t<div class=\"elementor-element elementor-element-6e09b93 elementor-position-top elementor-widget elementor-widget-image-box\" data-id=\"6e09b93\" data-element_type=\"widget\" data-widget_type=\"image-box.default\">\n\t\t\t\t\t<div class=\"elementor-image-box-wrapper\"><figure class=\"elementor-image-box-img\"><img loading=\"lazy\" decoding=\"async\" width=\"512\" height=\"512\" src=\"https:\/\/grupomkt.net\/Criptoncorp\/wp-content\/uploads\/2025\/08\/contrato.png\" class=\"attachment-full size-full wp-image-2811 lazyload\" alt=\"\" data-orig-src=\"https:\/\/grupomkt.net\/Criptoncorp\/wp-content\/uploads\/2025\/08\/contrato.png\" data-srcset=\"https:\/\/grupomkt.net\/Criptoncorp\/wp-content\/uploads\/2025\/08\/contrato-66x66.png 66w, https:\/\/grupomkt.net\/Criptoncorp\/wp-content\/uploads\/2025\/08\/contrato-150x150.png 150w, https:\/\/grupomkt.net\/Criptoncorp\/wp-content\/uploads\/2025\/08\/contrato-200x200.png 200w, https:\/\/grupomkt.net\/Criptoncorp\/wp-content\/uploads\/2025\/08\/contrato-300x300.png 300w, https:\/\/grupomkt.net\/Criptoncorp\/wp-content\/uploads\/2025\/08\/contrato-400x400.png 400w, https:\/\/grupomkt.net\/Criptoncorp\/wp-content\/uploads\/2025\/08\/contrato.png 512w\" data-sizes=\"auto\" srcset=\"https:\/\/grupomkt.net\/Criptoncorp\/wp-content\/uploads\/2025\/08\/contrato-66x66.png 66w, https:\/\/grupomkt.net\/Criptoncorp\/wp-content\/uploads\/2025\/08\/contrato-150x150.png 150w, https:\/\/grupomkt.net\/Criptoncorp\/wp-content\/uploads\/2025\/08\/contrato-200x200.png 200w, https:\/\/grupomkt.net\/Criptoncorp\/wp-content\/uploads\/2025\/08\/contrato-300x300.png 300w, https:\/\/grupomkt.net\/Criptoncorp\/wp-content\/uploads\/2025\/08\/contrato-400x400.png 400w, https:\/\/grupomkt.net\/Criptoncorp\/wp-content\/uploads\/2025\/08\/contrato.png 512w\" sizes=\"(max-width: 512px) 100vw, 512px\" \/><\/figure><div class=\"elementor-image-box-content\"><h3 class=\"elementor-image-box-title\">Puntualidad y Compromiso<\/h3><\/div><\/div>\t\t\t\t<\/div>\n\t\t\t\t<div class=\"elementor-element elementor-element-e684164 elementor-position-top elementor-widget elementor-widget-image-box\" data-id=\"e684164\" data-element_type=\"widget\" data-widget_type=\"image-box.default\">\n\t\t\t\t\t<div class=\"elementor-image-box-wrapper\"><figure class=\"elementor-image-box-img\"><img loading=\"lazy\" decoding=\"async\" width=\"512\" height=\"512\" src=\"https:\/\/grupomkt.net\/Criptoncorp\/wp-content\/uploads\/2025\/08\/trabajo-en-equipo.png\" class=\"attachment-full size-full wp-image-2812 lazyload\" alt=\"\" data-orig-src=\"https:\/\/grupomkt.net\/Criptoncorp\/wp-content\/uploads\/2025\/08\/trabajo-en-equipo.png\" data-srcset=\"https:\/\/grupomkt.net\/Criptoncorp\/wp-content\/uploads\/2025\/08\/trabajo-en-equipo-66x66.png 66w, https:\/\/grupomkt.net\/Criptoncorp\/wp-content\/uploads\/2025\/08\/trabajo-en-equipo-150x150.png 150w, https:\/\/grupomkt.net\/Criptoncorp\/wp-content\/uploads\/2025\/08\/trabajo-en-equipo-200x200.png 200w, https:\/\/grupomkt.net\/Criptoncorp\/wp-content\/uploads\/2025\/08\/trabajo-en-equipo-300x300.png 300w, https:\/\/grupomkt.net\/Criptoncorp\/wp-content\/uploads\/2025\/08\/trabajo-en-equipo-400x400.png 400w, https:\/\/grupomkt.net\/Criptoncorp\/wp-content\/uploads\/2025\/08\/trabajo-en-equipo.png 512w\" data-sizes=\"auto\" srcset=\"https:\/\/grupomkt.net\/Criptoncorp\/wp-content\/uploads\/2025\/08\/trabajo-en-equipo-66x66.png 66w, https:\/\/grupomkt.net\/Criptoncorp\/wp-content\/uploads\/2025\/08\/trabajo-en-equipo-150x150.png 150w, https:\/\/grupomkt.net\/Criptoncorp\/wp-content\/uploads\/2025\/08\/trabajo-en-equipo-200x200.png 200w, https:\/\/grupomkt.net\/Criptoncorp\/wp-content\/uploads\/2025\/08\/trabajo-en-equipo-300x300.png 300w, https:\/\/grupomkt.net\/Criptoncorp\/wp-content\/uploads\/2025\/08\/trabajo-en-equipo-400x400.png 400w, https:\/\/grupomkt.net\/Criptoncorp\/wp-content\/uploads\/2025\/08\/trabajo-en-equipo.png 512w\" sizes=\"(max-width: 512px) 100vw, 512px\" \/><\/figure><div class=\"elementor-image-box-content\"><h3 class=\"elementor-image-box-title\">Transparencia y Trabajo en Equipo<\/h3><\/div><\/div>\t\t\t\t<\/div>\n\t\t\t\t<\/div>\n\t\t\t\t\t<\/div>\n\t\t\t\t<\/div>\n\t\t\t\t<\/div>\n\t\t","protected":false},"excerpt":{"rendered":"<p>Objetivos Otorgar una experiencia de calidad en el servicio a  [&#8230;]<\/p>\n","protected":false},"author":2,"featured_media":0,"parent":0,"menu_order":0,"comment_status":"closed","ping_status":"closed","template":"100-width.php","meta":{"_acf_changed":false,"footnotes":""},"class_list":["post-2797","page","type-page","status-publish","hentry"],"acf":[],"_links":{"self":[{"href":"https:\/\/grupomkt.net\/Criptoncorp\/wp-json\/wp\/v2\/pages\/2797","targetHints":{"allow":["GET"]}}],"collection":[{"href":"https:\/\/grupomkt.net\/Criptoncorp\/wp-json\/wp\/v2\/pages"}],"about":[{"href":"https:\/\/grupomkt.net\/Criptoncorp\/wp-json\/wp\/v2\/types\/page"}],"author":[{"embeddable":true,"href":"https:\/\/grupomkt.net\/Criptoncorp\/wp-json\/wp\/v2\/users\/2"}],"replies":[{"embeddable":true,"href":"https:\/\/grupomkt.net\/Criptoncorp\/wp-json\/wp\/v2\/comments?post=2797"}],"version-history":[{"count":7,"href":"https:\/\/grupomkt.net\/Criptoncorp\/wp-json\/wp\/v2\/pages\/2797\/revisions"}],"predecessor-version":[{"id":2815,"href":"https:\/\/grupomkt.net\/Criptoncorp\/wp-json\/wp\/v2\/pages\/2797\/revisions\/2815"}],"wp:attachment":[{"href":"https:\/\/grupomkt.net\/Criptoncorp\/wp-json\/wp\/v2\/media?parent=2797"}],"curies":[{"name":"wp","href":"https:\/\/api.w.org\/{rel}","templated":true}]}}