{"id":2779,"date":"2025-08-12T15:55:16","date_gmt":"2025-08-12T20:55:16","guid":{"rendered":"https:\/\/grupomkt.net\/Criptoncorp\/?page_id=2779"},"modified":"2025-08-12T17:13:27","modified_gmt":"2025-08-12T22:13:27","slug":"mision-vision","status":"publish","type":"page","link":"https:\/\/grupomkt.net\/Criptoncorp\/mision-vision\/","title":{"rendered":"Misi\u00f3n &#8211; Visi\u00f3n"},"content":{"rendered":"\t\t<div data-elementor-type=\"wp-page\" data-elementor-id=\"2779\" class=\"elementor elementor-2779\" data-elementor-post-type=\"page\">\n\t\t\t\t<div class=\"elementor-element elementor-element-197d632 e-flex e-con-boxed e-con e-parent\" data-id=\"197d632\" data-element_type=\"container\" data-settings=\"{&quot;background_background&quot;:&quot;classic&quot;}\">\n\t\t\t\t\t<div class=\"e-con-inner\">\n\t\t\t\t<div class=\"elementor-element elementor-element-6950f65 elementor-widget elementor-widget-image\" data-id=\"6950f65\" data-element_type=\"widget\" data-widget_type=\"image.default\">\n\t\t\t\t\t\t\t\t\t\t\t\t\t\t\t<img decoding=\"async\" width=\"29\" height=\"29\" src=\"image\/svg+xml,%3Csvg%20xmlns%3D%27http%3A%2F%2Fwww.w3.org%2F2000%2Fsvg%27%20width%3D%2729%27%20height%3D%2729%27%20viewBox%3D%270%200%2029%2029%27%3E%3Crect%20width%3D%2729%27%20height%3D%2729%27%20fill-opacity%3D%220%22%2F%3E%3C%2Fsvg%3E\" class=\"attachment-large size-large wp-image-2782 lazyload\" alt=\"\" data-orig-src=\"https:\/\/grupomkt.net\/Criptoncorp\/wp-content\/uploads\/2025\/08\/home_logistics_icon_arrow-1.png\" \/>\t\t\t\t\t\t\t\t\t\t\t\t\t\t\t<\/div>\n\t\t\t\t<div class=\"elementor-element elementor-element-5f20dcb elementor-widget elementor-widget-heading\" data-id=\"5f20dcb\" data-element_type=\"widget\" data-widget_type=\"heading.default\">\n\t\t\t\t\t<h2 class=\"elementor-heading-title elementor-size-default\">Misi\u00f3n<\/h2>\t\t\t\t<\/div>\n\t\t\t\t\t<\/div>\n\t\t\t\t<\/div>\n\t\t<div class=\"elementor-element elementor-element-9c24f87 e-flex e-con-boxed e-con e-parent\" data-id=\"9c24f87\" data-element_type=\"container\">\n\t\t\t\t\t<div class=\"e-con-inner\">\n\t\t<div class=\"elementor-element elementor-element-49583fa e-con-full e-flex e-con e-child\" data-id=\"49583fa\" data-element_type=\"container\">\n\t\t\t\t<div class=\"elementor-element elementor-element-fd73ec6 elementor-widget elementor-widget-text-editor\" data-id=\"fd73ec6\" data-element_type=\"widget\" data-widget_type=\"text-editor.default\">\n\t\t\t\t\t\t\t\t\tBrindar Soluciones Efectivas en consultor\u00eda y asesor\u00eda a los clientes en la implementaci\u00f3n de procesos y servicios en las \u00e1reas contable, financiera, administrativa y herramientas tecnol\u00f3gicas que permitan ser eficientes para el desempe\u00f1o empresarial y modernizaci\u00f3n de las empresas o negocios.\t\t\t\t\t\t\t\t<\/div>\n\t\t\t\t<\/div>\n\t\t<div class=\"elementor-element elementor-element-aca394f e-con-full e-flex e-con e-child\" data-id=\"aca394f\" data-element_type=\"container\">\n\t\t\t\t<div class=\"elementor-element elementor-element-c59c706 elementor-widget elementor-widget-image\" data-id=\"c59c706\" data-element_type=\"widget\" data-widget_type=\"image.default\">\n\t\t\t\t\t\t\t\t\t\t\t\t\t\t\t<img fetchpriority=\"high\" decoding=\"async\" width=\"1000\" height=\"667\" src=\"https:\/\/grupomkt.net\/Criptoncorp\/wp-content\/uploads\/2025\/08\/gestao-empresarial-fia.jpg\" class=\"attachment-large size-large wp-image-2786 lazyload\" alt=\"\" srcset=\"data:image\/svg+xml,%3Csvg%20xmlns%3D%27http%3A%2F%2Fwww.w3.org%2F2000%2Fsvg%27%20width%3D%271000%27%20height%3D%27667%27%20viewBox%3D%270%200%201000%20667%27%3E%3Crect%20width%3D%271000%27%20height%3D%27667%27%20fill-opacity%3D%220%22%2F%3E%3C%2Fsvg%3E\" data-orig-src=\"https:\/\/grupomkt.net\/Criptoncorp\/wp-content\/uploads\/2025\/08\/gestao-empresarial-fia.jpg\" data-srcset=\"https:\/\/grupomkt.net\/Criptoncorp\/wp-content\/uploads\/2025\/08\/gestao-empresarial-fia-200x133.jpg 200w, https:\/\/grupomkt.net\/Criptoncorp\/wp-content\/uploads\/2025\/08\/gestao-empresarial-fia-300x200.jpg 300w, https:\/\/grupomkt.net\/Criptoncorp\/wp-content\/uploads\/2025\/08\/gestao-empresarial-fia-400x267.jpg 400w, https:\/\/grupomkt.net\/Criptoncorp\/wp-content\/uploads\/2025\/08\/gestao-empresarial-fia-600x400.jpg 600w, https:\/\/grupomkt.net\/Criptoncorp\/wp-content\/uploads\/2025\/08\/gestao-empresarial-fia-768x512.jpg 768w, https:\/\/grupomkt.net\/Criptoncorp\/wp-content\/uploads\/2025\/08\/gestao-empresarial-fia-800x534.jpg 800w, https:\/\/grupomkt.net\/Criptoncorp\/wp-content\/uploads\/2025\/08\/gestao-empresarial-fia.jpg 1000w\" data-sizes=\"auto\" \/>\t\t\t\t\t\t\t\t\t\t\t\t\t\t\t<\/div>\n\t\t\t\t<\/div>\n\t\t\t\t\t<\/div>\n\t\t\t\t<\/div>\n\t\t<div class=\"elementor-element elementor-element-21a099b e-flex e-con-boxed e-con e-parent\" data-id=\"21a099b\" data-element_type=\"container\" data-settings=\"{&quot;background_background&quot;:&quot;classic&quot;}\">\n\t\t\t\t\t<div class=\"e-con-inner\">\n\t\t\t\t<div class=\"elementor-element elementor-element-f22d267 elementor-widget elementor-widget-image\" data-id=\"f22d267\" data-element_type=\"widget\" data-widget_type=\"image.default\">\n\t\t\t\t\t\t\t\t\t\t\t\t\t\t\t<img decoding=\"async\" width=\"29\" height=\"29\" src=\"image\/svg+xml,%3Csvg%20xmlns%3D%27http%3A%2F%2Fwww.w3.org%2F2000%2Fsvg%27%20width%3D%2729%27%20height%3D%2729%27%20viewBox%3D%270%200%2029%2029%27%3E%3Crect%20width%3D%2729%27%20height%3D%2729%27%20fill-opacity%3D%220%22%2F%3E%3C%2Fsvg%3E\" class=\"attachment-large size-large wp-image-2782 lazyload\" alt=\"\" data-orig-src=\"https:\/\/grupomkt.net\/Criptoncorp\/wp-content\/uploads\/2025\/08\/home_logistics_icon_arrow-1.png\" \/>\t\t\t\t\t\t\t\t\t\t\t\t\t\t\t<\/div>\n\t\t\t\t<div class=\"elementor-element elementor-element-cd6e963 elementor-widget elementor-widget-heading\" data-id=\"cd6e963\" data-element_type=\"widget\" data-widget_type=\"heading.default\">\n\t\t\t\t\t<h2 class=\"elementor-heading-title elementor-size-default\">Visi\u00f3n<\/h2>\t\t\t\t<\/div>\n\t\t\t\t\t<\/div>\n\t\t\t\t<\/div>\n\t\t<div class=\"elementor-element elementor-element-cc27a62 e-flex e-con-boxed e-con e-parent\" data-id=\"cc27a62\" data-element_type=\"container\">\n\t\t\t\t\t<div class=\"e-con-inner\">\n\t\t<div class=\"elementor-element elementor-element-262f8b6 e-con-full e-flex e-con e-child\" data-id=\"262f8b6\" data-element_type=\"container\">\n\t\t\t\t<div class=\"elementor-element elementor-element-26f1668 elementor-widget elementor-widget-image\" data-id=\"26f1668\" data-element_type=\"widget\" data-widget_type=\"image.default\">\n\t\t\t\t\t\t\t\t\t\t\t\t\t\t\t<img decoding=\"async\" width=\"1024\" height=\"683\" src=\"https:\/\/grupomkt.net\/Criptoncorp\/wp-content\/uploads\/2025\/08\/vision-numero-1-1024x683.jpg\" class=\"attachment-large size-large wp-image-2791 lazyload\" alt=\"\" srcset=\"data:image\/svg+xml,%3Csvg%20xmlns%3D%27http%3A%2F%2Fwww.w3.org%2F2000%2Fsvg%27%20width%3D%272560%27%20height%3D%271707%27%20viewBox%3D%270%200%202560%201707%27%3E%3Crect%20width%3D%272560%27%20height%3D%271707%27%20fill-opacity%3D%220%22%2F%3E%3C%2Fsvg%3E\" data-orig-src=\"https:\/\/grupomkt.net\/Criptoncorp\/wp-content\/uploads\/2025\/08\/vision-numero-1-1024x683.jpg\" data-srcset=\"https:\/\/grupomkt.net\/Criptoncorp\/wp-content\/uploads\/2025\/08\/vision-numero-1-200x133.jpg 200w, https:\/\/grupomkt.net\/Criptoncorp\/wp-content\/uploads\/2025\/08\/vision-numero-1-300x200.jpg 300w, https:\/\/grupomkt.net\/Criptoncorp\/wp-content\/uploads\/2025\/08\/vision-numero-1-400x267.jpg 400w, https:\/\/grupomkt.net\/Criptoncorp\/wp-content\/uploads\/2025\/08\/vision-numero-1-600x400.jpg 600w, https:\/\/grupomkt.net\/Criptoncorp\/wp-content\/uploads\/2025\/08\/vision-numero-1-768x512.jpg 768w, https:\/\/grupomkt.net\/Criptoncorp\/wp-content\/uploads\/2025\/08\/vision-numero-1-800x533.jpg 800w, https:\/\/grupomkt.net\/Criptoncorp\/wp-content\/uploads\/2025\/08\/vision-numero-1-1024x683.jpg 1024w, https:\/\/grupomkt.net\/Criptoncorp\/wp-content\/uploads\/2025\/08\/vision-numero-1-1200x800.jpg 1200w, https:\/\/grupomkt.net\/Criptoncorp\/wp-content\/uploads\/2025\/08\/vision-numero-1-1536x1024.jpg 1536w\" data-sizes=\"auto\" \/>\t\t\t\t\t\t\t\t\t\t\t\t\t\t\t<\/div>\n\t\t\t\t<\/div>\n\t\t<div class=\"elementor-element elementor-element-d2038ff e-con-full e-flex e-con e-child\" data-id=\"d2038ff\" data-element_type=\"container\">\n\t\t\t\t<div class=\"elementor-element elementor-element-422672b elementor-widget elementor-widget-text-editor\" data-id=\"422672b\" data-element_type=\"widget\" data-widget_type=\"text-editor.default\">\n\t\t\t\t\t\t\t\t\tPosicionarnos como la mejor alternativa en consultor\u00eda y asesor\u00eda empresarial, conformada por un grupo de profesionales que unifiquen su experiencia, conocimiento, \u00e9tica y servicio para capacitar y ampliar las expectativas de los clientes.\t\t\t\t\t\t\t\t<\/div>\n\t\t\t\t<\/div>\n\t\t\t\t\t<\/div>\n\t\t\t\t<\/div>\n\t\t\t\t<\/div>\n\t\t","protected":false},"excerpt":{"rendered":"<p>Misi\u00f3n Brindar Soluciones Efectivas en consultor\u00eda y asesor\u00eda a los  [&#8230;]<\/p>\n","protected":false},"author":2,"featured_media":0,"parent":0,"menu_order":0,"comment_status":"closed","ping_status":"closed","template":"100-width.php","meta":{"_acf_changed":false,"footnotes":""},"class_list":["post-2779","page","type-page","status-publish","hentry"],"acf":[],"_links":{"self":[{"href":"https:\/\/grupomkt.net\/Criptoncorp\/wp-json\/wp\/v2\/pages\/2779","targetHints":{"allow":["GET"]}}],"collection":[{"href":"https:\/\/grupomkt.net\/Criptoncorp\/wp-json\/wp\/v2\/pages"}],"about":[{"href":"https:\/\/grupomkt.net\/Criptoncorp\/wp-json\/wp\/v2\/types\/page"}],"author":[{"embeddable":true,"href":"https:\/\/grupomkt.net\/Criptoncorp\/wp-json\/wp\/v2\/users\/2"}],"replies":[{"embeddable":true,"href":"https:\/\/grupomkt.net\/Criptoncorp\/wp-json\/wp\/v2\/comments?post=2779"}],"version-history":[{"count":10,"href":"https:\/\/grupomkt.net\/Criptoncorp\/wp-json\/wp\/v2\/pages\/2779\/revisions"}],"predecessor-version":[{"id":2794,"href":"https:\/\/grupomkt.net\/Criptoncorp\/wp-json\/wp\/v2\/pages\/2779\/revisions\/2794"}],"wp:attachment":[{"href":"https:\/\/grupomkt.net\/Criptoncorp\/wp-json\/wp\/v2\/media?parent=2779"}],"curies":[{"name":"wp","href":"https:\/\/api.w.org\/{rel}","templated":true}]}}