{"id":2409,"date":"2025-07-30T13:01:29","date_gmt":"2025-07-30T18:01:29","guid":{"rendered":"https:\/\/grupomkt.net\/Criptoncorp\/?page_id=2409"},"modified":"2025-08-13T22:00:10","modified_gmt":"2025-08-14T03:00:10","slug":"introcorp-cloned","status":"publish","type":"page","link":"https:\/\/grupomkt.net\/Criptoncorp\/","title":{"rendered":"Introcorp ( Cloned )"},"content":{"rendered":"<div class=\"fusion-fullwidth fullwidth-box fusion-builder-row-1 fusion-flex-container has-pattern-background has-mask-background nonhundred-percent-fullwidth non-hundred-percent-height-scrolling\" style=\"--awb-border-radius-top-left:0px;--awb-border-radius-top-right:0px;--awb-border-radius-bottom-right:0px;--awb-border-radius-bottom-left:0px;--awb-padding-top:60px;--awb-padding-bottom:100px;--awb-background-color:#0a111b;--awb-flex-wrap:wrap;\" ><div class=\"fusion-builder-row fusion-row fusion-flex-align-items-flex-start fusion-flex-content-wrap\" style=\"max-width:1248px;margin-left: calc(-4% \/ 2 );margin-right: calc(-4% \/ 2 );\"><div class=\"fusion-layout-column fusion_builder_column fusion-builder-column-0 fusion_builder_column_1_1 1_1 fusion-flex-column fusion-flex-align-self-center fusion-animated\" style=\"--awb-bg-size:cover;--awb-width-large:100%;--awb-spacing-right-large:1.92%;--awb-margin-bottom-large:40px;--awb-spacing-left-large:1.92%;--awb-width-medium:100%;--awb-order-medium:0;--awb-spacing-right-medium:1.92%;--awb-spacing-left-medium:1.92%;--awb-width-small:100%;--awb-order-small:0;--awb-spacing-right-small:1.92%;--awb-margin-bottom-small:60px;--awb-spacing-left-small:1.92%;\" data-animationType=\"fadeInDown\" data-animationDuration=\"1.0\" data-animationDelay=\"1.0\" data-animationOffset=\"top-into-view\" data-scroll-devices=\"small-visibility,medium-visibility,large-visibility\"><div class=\"fusion-column-wrapper fusion-column-has-shadow fusion-flex-justify-content-flex-start fusion-content-layout-column\"><div class=\"fusion-image-element \" style=\"text-align:center;--awb-max-width:350px;--awb-caption-title-font-family:var(--h2_typography-font-family);--awb-caption-title-font-weight:var(--h2_typography-font-weight);--awb-caption-title-font-style:var(--h2_typography-font-style);--awb-caption-title-size:var(--h2_typography-font-size);--awb-caption-title-transform:var(--h2_typography-text-transform);--awb-caption-title-line-height:var(--h2_typography-line-height);--awb-caption-title-letter-spacing:var(--h2_typography-letter-spacing);\"><span class=\" fusion-imageframe imageframe-none imageframe-1 hover-type-none\"><img fetchpriority=\"high\" fetchpriority=\"high\" decoding=\"async\" width=\"436\" height=\"134\" title=\"logo criptoncorp whitered\" src=\"https:\/\/grupomkt.net\/Criptoncorp\/wp-content\/uploads\/2024\/11\/logo-criptoncorp-whitered.png\" data-orig-src=\"https:\/\/grupomkt.net\/Criptoncorp\/wp-content\/uploads\/2024\/11\/logo-criptoncorp-whitered.png\" alt class=\"lazyload img-responsive wp-image-2188\" srcset=\"data:image\/svg+xml,%3Csvg%20xmlns%3D%27http%3A%2F%2Fwww.w3.org%2F2000%2Fsvg%27%20width%3D%27436%27%20height%3D%27134%27%20viewBox%3D%270%200%20436%20134%27%3E%3Crect%20width%3D%27436%27%20height%3D%27134%27%20fill-opacity%3D%220%22%2F%3E%3C%2Fsvg%3E\" data-srcset=\"https:\/\/grupomkt.net\/Criptoncorp\/wp-content\/uploads\/2024\/11\/logo-criptoncorp-whitered-200x61.png 200w, https:\/\/grupomkt.net\/Criptoncorp\/wp-content\/uploads\/2024\/11\/logo-criptoncorp-whitered-400x123.png 400w, https:\/\/grupomkt.net\/Criptoncorp\/wp-content\/uploads\/2024\/11\/logo-criptoncorp-whitered.png 436w\" data-sizes=\"auto\" data-orig-sizes=\"(max-width: 800px) 100vw, 436px\" \/><\/span><\/div><\/div><\/div><div class=\"fusion-layout-column fusion_builder_column fusion-builder-column-1 fusion_builder_column_1_1 1_1 fusion-flex-column fusion-flex-align-self-center fusion-animated\" style=\"--awb-bg-size:cover;--awb-width-large:100%;--awb-spacing-right-large:1.92%;--awb-margin-bottom-large:40px;--awb-spacing-left-large:1.92%;--awb-width-medium:100%;--awb-order-medium:0;--awb-spacing-right-medium:1.92%;--awb-spacing-left-medium:1.92%;--awb-width-small:100%;--awb-order-small:0;--awb-spacing-right-small:1.92%;--awb-margin-bottom-small:60px;--awb-spacing-left-small:1.92%;\" data-animationType=\"fadeInDown\" data-animationDuration=\"1.0\" data-animationDelay=\"1.0\" data-animationOffset=\"top-into-view\" data-scroll-devices=\"small-visibility,medium-visibility,large-visibility\"><div class=\"fusion-column-wrapper fusion-column-has-shadow fusion-flex-justify-content-flex-start fusion-content-layout-column\"><div class=\"fusion-title title fusion-title-1 fusion-sep-none fusion-title-center fusion-title-highlight fusion-animate-loop fusion-highlight-circle fusion-title-size-three\" style=\"--awb-text-color:#ffffff;--awb-margin-bottom-small:60px;--awb-font-size:60px;\" data-highlight=\"circle\"><h3 class=\"fusion-title-heading title-heading-center fusion-responsive-typography-calculated\" style=\"margin:0;font-size:1em;text-transform:var(--awb-typography1-text-transform);--fontSize:60;line-height:1.4;\"><span class=\"fusion-highlighted-text-prefix\">Conoce Nuestras<\/span> <span class=\"fusion-highlighted-text-wrapper\"><span class=\"fusion-highlighted-text\" style=\"color:var(--awb-color5);\">Divisiones<\/span><svg xmlns=\"http:\/\/www.w3.org\/2000\/svg\" viewBox=\"0 0 500 150\" preserveAspectRatio=\"none\"><path d=\"M344.6,40.1c0,0-293-3.4-330.7,40.3c-5.2,6-3.5,15.3,3.3,19.4c65.8,39,315.8,42.3,451.2-3 c6.3-2.1,12-6.1,16-11.4C527.9,27,242,16.1,242,16.1\"><\/path><\/svg><\/span> <span class=\"fusion-highlighted-text-postfix\"><\/span><\/h3><\/div><\/div><\/div><div class=\"fusion-layout-column fusion_builder_column fusion-builder-column-2 fusion_builder_column_1_3 1_3 fusion-flex-column\" style=\"--awb-bg-size:cover;--awb-width-large:33.333333333333%;--awb-spacing-right-large:5.76%;--awb-margin-bottom-large:0px;--awb-spacing-left-large:5.76%;--awb-width-medium:33.333333333333%;--awb-order-medium:0;--awb-spacing-right-medium:5.76%;--awb-spacing-left-medium:5.76%;--awb-width-small:100%;--awb-order-small:0;--awb-spacing-right-small:1.92%;--awb-spacing-left-small:1.92%;\"><div class=\"fusion-column-wrapper fusion-column-has-shadow fusion-flex-justify-content-flex-start fusion-content-layout-column\"><div class=\"fusion-image-carousel fusion-image-carousel-auto fusion-image-carousel-1\"><div class=\"awb-carousel awb-swiper awb-swiper-carousel awb-swiper-dots-position-bottom awb-carousel--carousel\" data-layout=\"carousel\" data-autoplay=\"no\" data-autoplayspeed=\"2500\" data-autoplaypause=\"no\" data-columns=\"1.0\" data-itemmargin=\"10\" data-itemwidth=\"180\" data-touchscroll=\"no\" data-freemode=\"no\" data-imagesize=\"auto\" data-scrollitems=\"0\" data-centeredslides=\"no\" data-rotationangle=\"50\" data-depth=\"100\" data-speed=\"500\" data-shadow=\"no\" style=\"--awb-columns:1.0;--awb-column-spacing:10px;--awb-caption-title-color:#ffffff;--awb-caption-title-size:30px;--awb-caption-title-transform:capitalize;--awb-caption-title-line-height:1.24em;--awb-caption-title-letter-spacing:0.0015em;--awb-caption-text-color:#ffffff;--awb-caption-text-size:18px;--awb-caption-text-transform:capitalize;--awb-caption-text-line-height:1.3em;--awb-caption-text-letter-spacing:0.0015em;--awb-caption-border-color:#cdf271;--awb-caption-overlay-color:#223975;--awb-caption-background-color:#223975;--awb-border-color:#223975;--awb-border-radius-top-right:30px;--awb-border-radius-bottom-right:30px;--awb-dots-align:center;--awb-caption-title-font-family:&quot;Plus Jakarta Sans&quot;;--awb-caption-title-font-style:normal;--awb-caption-title-font-weight:600;--awb-caption-text-font-family:&quot;Plus Jakarta Sans&quot;;--awb-caption-text-font-style:normal;--awb-caption-text-font-weight:500;\"><div class=\"swiper-wrapper awb-image-carousel-wrapper fusion-flex-align-items-center\"><div class=\"swiper-slide\"><div class=\"fusion-carousel-item-wrapper\"><div class=\"fusion-image-wrapper awb-imageframe-style awb-imageframe-style-dany\"><a href=\"https:\/\/grupomkt.net\/Criptoncorp\/iniciocripton\" target=\"_self\"><img decoding=\"async\" width=\"677\" height=\"693\" src=\"https:\/\/grupomkt.net\/Criptoncorp\/wp-content\/uploads\/2025\/07\/criptonempresarial1.png\" class=\"attachment-full size-full lazyload\" alt=\"Cripton Empresarial\" srcset=\"data:image\/svg+xml,%3Csvg%20xmlns%3D%27http%3A%2F%2Fwww.w3.org%2F2000%2Fsvg%27%20width%3D%27677%27%20height%3D%27693%27%20viewBox%3D%270%200%20677%20693%27%3E%3Crect%20width%3D%27677%27%20height%3D%27693%27%20fill-opacity%3D%220%22%2F%3E%3C%2Fsvg%3E\" data-orig-src=\"https:\/\/grupomkt.net\/Criptoncorp\/wp-content\/uploads\/2025\/07\/criptonempresarial1.png\" data-srcset=\"https:\/\/grupomkt.net\/Criptoncorp\/wp-content\/uploads\/2025\/07\/criptonempresarial1-12x12.png 12w, https:\/\/grupomkt.net\/Criptoncorp\/wp-content\/uploads\/2025\/07\/criptonempresarial1-200x205.png 200w, https:\/\/grupomkt.net\/Criptoncorp\/wp-content\/uploads\/2025\/07\/criptonempresarial1-293x300.png 293w, https:\/\/grupomkt.net\/Criptoncorp\/wp-content\/uploads\/2025\/07\/criptonempresarial1-400x409.png 400w, https:\/\/grupomkt.net\/Criptoncorp\/wp-content\/uploads\/2025\/07\/criptonempresarial1-600x614.png 600w, https:\/\/grupomkt.net\/Criptoncorp\/wp-content\/uploads\/2025\/07\/criptonempresarial1.png 677w\" data-sizes=\"auto\" \/><div class=\"awb-imageframe-caption-container\"><div class=\"awb-imageframe-caption\"><h3 class=\"awb-imageframe-caption-title\">Empresarial<\/h3><p class=\"awb-imageframe-caption-text\">Consultor\u00eda, Impuestos & Auditor\u00eda<\/p><\/div><\/div><\/a><\/div><\/div><\/div><\/div><\/div><\/div><\/div><\/div><div class=\"fusion-layout-column fusion_builder_column fusion-builder-column-3 fusion_builder_column_1_3 1_3 fusion-flex-column\" style=\"--awb-bg-size:cover;--awb-width-large:33.333333333333%;--awb-spacing-right-large:5.76%;--awb-margin-bottom-large:0px;--awb-spacing-left-large:5.76%;--awb-width-medium:33.333333333333%;--awb-order-medium:0;--awb-spacing-right-medium:5.76%;--awb-spacing-left-medium:5.76%;--awb-width-small:100%;--awb-order-small:0;--awb-spacing-right-small:1.92%;--awb-spacing-left-small:1.92%;\"><div class=\"fusion-column-wrapper fusion-column-has-shadow fusion-flex-justify-content-flex-start fusion-content-layout-column\"><div class=\"fusion-image-carousel fusion-image-carousel-auto fusion-image-carousel-2\"><div class=\"awb-carousel awb-swiper awb-swiper-carousel awb-swiper-dots-position-bottom awb-carousel--carousel\" data-layout=\"carousel\" data-autoplay=\"no\" data-autoplayspeed=\"2500\" data-autoplaypause=\"no\" data-columns=\"1.0\" data-itemmargin=\"10\" data-itemwidth=\"180\" data-touchscroll=\"no\" data-freemode=\"no\" data-imagesize=\"auto\" data-scrollitems=\"0\" data-centeredslides=\"no\" data-rotationangle=\"50\" data-depth=\"100\" data-speed=\"500\" data-shadow=\"no\" style=\"--awb-columns:1.0;--awb-column-spacing:10px;--awb-caption-title-color:#ffffff;--awb-caption-title-size:30px;--awb-caption-title-transform:capitalize;--awb-caption-title-line-height:1.24em;--awb-caption-title-letter-spacing:0.0015em;--awb-caption-text-color:#ffffff;--awb-caption-text-size:18px;--awb-caption-text-transform:capitalize;--awb-caption-text-line-height:1.3em;--awb-caption-text-letter-spacing:0.0015em;--awb-caption-border-color:#cdf271;--awb-caption-overlay-color:#00873c;--awb-caption-background-color:#00873c;--awb-border-radius-top-right:30px;--awb-border-radius-bottom-right:30px;--awb-dots-align:center;--awb-caption-title-font-family:&quot;Plus Jakarta Sans&quot;;--awb-caption-title-font-style:normal;--awb-caption-title-font-weight:600;--awb-caption-text-font-family:&quot;Plus Jakarta Sans&quot;;--awb-caption-text-font-style:normal;--awb-caption-text-font-weight:500;\"><div class=\"swiper-wrapper awb-image-carousel-wrapper fusion-flex-align-items-center\"><div class=\"swiper-slide\"><div class=\"fusion-carousel-item-wrapper\"><div class=\"fusion-image-wrapper awb-imageframe-style awb-imageframe-style-dany\"><a href=\"https:\/\/grupomkt.net\/Criptoncorp\/homecriptonus\/\" target=\"_self\"><img decoding=\"async\" width=\"677\" height=\"693\" src=\"https:\/\/grupomkt.net\/Criptoncorp\/wp-content\/uploads\/2025\/07\/criptonexport.png\" class=\"attachment-full size-full lazyload\" alt=\"Cripton Export\" srcset=\"data:image\/svg+xml,%3Csvg%20xmlns%3D%27http%3A%2F%2Fwww.w3.org%2F2000%2Fsvg%27%20width%3D%27677%27%20height%3D%27693%27%20viewBox%3D%270%200%20677%20693%27%3E%3Crect%20width%3D%27677%27%20height%3D%27693%27%20fill-opacity%3D%220%22%2F%3E%3C%2Fsvg%3E\" data-orig-src=\"https:\/\/grupomkt.net\/Criptoncorp\/wp-content\/uploads\/2025\/07\/criptonexport.png\" data-srcset=\"https:\/\/grupomkt.net\/Criptoncorp\/wp-content\/uploads\/2025\/07\/criptonexport-12x12.png 12w, https:\/\/grupomkt.net\/Criptoncorp\/wp-content\/uploads\/2025\/07\/criptonexport-200x205.png 200w, https:\/\/grupomkt.net\/Criptoncorp\/wp-content\/uploads\/2025\/07\/criptonexport-293x300.png 293w, https:\/\/grupomkt.net\/Criptoncorp\/wp-content\/uploads\/2025\/07\/criptonexport-400x409.png 400w, https:\/\/grupomkt.net\/Criptoncorp\/wp-content\/uploads\/2025\/07\/criptonexport-600x614.png 600w, https:\/\/grupomkt.net\/Criptoncorp\/wp-content\/uploads\/2025\/07\/criptonexport.png 677w\" data-sizes=\"auto\" \/><div class=\"awb-imageframe-caption-container\"><div class=\"awb-imageframe-caption\"><h3 class=\"awb-imageframe-caption-title\">Exportaci\u00f3n<\/h3><p class=\"awb-imageframe-caption-text\">Productos frescos, entregados a tiempo<\/p><\/div><\/div><\/a><\/div><\/div><\/div><\/div><\/div><\/div><\/div><\/div><div class=\"fusion-layout-column fusion_builder_column fusion-builder-column-4 fusion_builder_column_1_3 1_3 fusion-flex-column\" style=\"--awb-bg-size:cover;--awb-width-large:33.333333333333%;--awb-spacing-right-large:5.76%;--awb-margin-bottom-large:0px;--awb-spacing-left-large:5.76%;--awb-width-medium:33.333333333333%;--awb-order-medium:0;--awb-spacing-right-medium:5.76%;--awb-spacing-left-medium:5.76%;--awb-width-small:100%;--awb-order-small:0;--awb-spacing-right-small:1.92%;--awb-spacing-left-small:1.92%;\"><div class=\"fusion-column-wrapper fusion-column-has-shadow fusion-flex-justify-content-flex-start fusion-content-layout-column\"><div class=\"fusion-image-carousel fusion-image-carousel-auto fusion-image-carousel-3\"><div class=\"awb-carousel awb-swiper awb-swiper-carousel awb-swiper-dots-position-bottom awb-carousel--carousel\" data-layout=\"carousel\" data-autoplay=\"no\" data-autoplayspeed=\"2500\" data-autoplaypause=\"no\" data-columns=\"1.0\" data-itemmargin=\"10\" data-itemwidth=\"180\" data-touchscroll=\"no\" data-freemode=\"no\" data-imagesize=\"auto\" data-scrollitems=\"0\" data-centeredslides=\"no\" data-rotationangle=\"50\" data-depth=\"100\" data-speed=\"500\" data-shadow=\"no\" style=\"--awb-columns:1.0;--awb-column-spacing:10px;--awb-caption-title-color:#ffffff;--awb-caption-title-size:30px;--awb-caption-title-transform:capitalize;--awb-caption-title-line-height:1.24em;--awb-caption-title-letter-spacing:0.0015em;--awb-caption-text-color:#ffffff;--awb-caption-text-size:18px;--awb-caption-text-transform:capitalize;--awb-caption-text-line-height:1.3em;--awb-caption-text-letter-spacing:0.0015em;--awb-caption-border-color:#cdf271;--awb-caption-overlay-color:#bf1e13;--awb-caption-background-color:#bf1e13;--awb-border-radius-top-right:30px;--awb-border-radius-bottom-right:30px;--awb-dots-align:center;--awb-caption-title-font-family:&quot;Plus Jakarta Sans&quot;;--awb-caption-title-font-style:normal;--awb-caption-title-font-weight:600;--awb-caption-text-font-family:&quot;Plus Jakarta Sans&quot;;--awb-caption-text-font-style:normal;--awb-caption-text-font-weight:500;\"><div class=\"swiper-wrapper awb-image-carousel-wrapper fusion-flex-align-items-center\"><div class=\"swiper-slide\"><div class=\"fusion-carousel-item-wrapper\"><div class=\"fusion-image-wrapper awb-imageframe-style awb-imageframe-style-dany\"><a href=\"#\" target=\"_self\"><img loading=\"lazy\" decoding=\"async\" width=\"677\" height=\"693\" src=\"https:\/\/grupomkt.net\/Criptoncorp\/wp-content\/uploads\/2025\/07\/cripton-restaurant.png\" class=\"attachment-full size-full lazyload\" alt=\"Cripton Restaurantes\" srcset=\"data:image\/svg+xml,%3Csvg%20xmlns%3D%27http%3A%2F%2Fwww.w3.org%2F2000%2Fsvg%27%20width%3D%27677%27%20height%3D%27693%27%20viewBox%3D%270%200%20677%20693%27%3E%3Crect%20width%3D%27677%27%20height%3D%27693%27%20fill-opacity%3D%220%22%2F%3E%3C%2Fsvg%3E\" data-orig-src=\"https:\/\/grupomkt.net\/Criptoncorp\/wp-content\/uploads\/2025\/07\/cripton-restaurant.png\" data-srcset=\"https:\/\/grupomkt.net\/Criptoncorp\/wp-content\/uploads\/2025\/07\/cripton-restaurant-12x12.png 12w, https:\/\/grupomkt.net\/Criptoncorp\/wp-content\/uploads\/2025\/07\/cripton-restaurant-200x205.png 200w, https:\/\/grupomkt.net\/Criptoncorp\/wp-content\/uploads\/2025\/07\/cripton-restaurant-293x300.png 293w, https:\/\/grupomkt.net\/Criptoncorp\/wp-content\/uploads\/2025\/07\/cripton-restaurant-400x409.png 400w, https:\/\/grupomkt.net\/Criptoncorp\/wp-content\/uploads\/2025\/07\/cripton-restaurant-600x614.png 600w, https:\/\/grupomkt.net\/Criptoncorp\/wp-content\/uploads\/2025\/07\/cripton-restaurant.png 677w\" data-sizes=\"auto\" \/><div class=\"awb-imageframe-caption-container\"><div class=\"awb-imageframe-caption\"><h3 class=\"awb-imageframe-caption-title\">Restaurante<\/h3><p class=\"awb-imageframe-caption-text\">Servicios Gastron\u00f3micos para Restaurante<\/p><\/div><\/div><\/a><\/div><\/div><\/div><\/div><\/div><\/div><\/div><\/div><div class=\"fusion-layout-column fusion_builder_column fusion-builder-column-5 fusion_builder_column_1_1 1_1 fusion-flex-column\" style=\"--awb-bg-size:cover;--awb-width-large:100%;--awb-spacing-right-large:1.92%;--awb-margin-bottom-large:0px;--awb-spacing-left-large:1.92%;--awb-width-medium:100%;--awb-order-medium:0;--awb-spacing-right-medium:1.92%;--awb-spacing-left-medium:1.92%;--awb-width-small:100%;--awb-order-small:0;--awb-spacing-right-small:1.92%;--awb-spacing-left-small:1.92%;\"><div class=\"fusion-column-wrapper fusion-column-has-shadow fusion-flex-justify-content-flex-start fusion-content-layout-column\"><div class=\"fusion-title title fusion-title-2 fusion-sep-none fusion-title-center fusion-title-text fusion-title-size-paragraph\" style=\"--awb-text-color:#ffffff;\"><p class=\"fusion-title-heading title-heading-center title-heading-tag fusion-responsive-typography-calculated\" style=\"margin:0;--fontSize:17;--minFontSize:17;line-height:var(--awb-typography4-line-height);\">Criptoncorp. Todos los derechos reservados 2025.<\/p><\/div><\/div><\/div><\/div><\/div>\n","protected":false},"excerpt":{"rendered":"Conoce Nuestras Divisiones EmpresarialConsultor\u00eda, Impuestos & Auditor\u00edaExportaci\u00f3nProductos frescos, entregados a  [...]","protected":false},"author":1,"featured_media":0,"parent":0,"menu_order":0,"comment_status":"closed","ping_status":"closed","template":"blank.php","meta":{"_acf_changed":false,"footnotes":""},"class_list":["post-2409","page","type-page","status-publish","hentry"],"acf":[],"_links":{"self":[{"href":"https:\/\/grupomkt.net\/Criptoncorp\/wp-json\/wp\/v2\/pages\/2409","targetHints":{"allow":["GET"]}}],"collection":[{"href":"https:\/\/grupomkt.net\/Criptoncorp\/wp-json\/wp\/v2\/pages"}],"about":[{"href":"https:\/\/grupomkt.net\/Criptoncorp\/wp-json\/wp\/v2\/types\/page"}],"author":[{"embeddable":true,"href":"https:\/\/grupomkt.net\/Criptoncorp\/wp-json\/wp\/v2\/users\/1"}],"replies":[{"embeddable":true,"href":"https:\/\/grupomkt.net\/Criptoncorp\/wp-json\/wp\/v2\/comments?post=2409"}],"version-history":[{"count":13,"href":"https:\/\/grupomkt.net\/Criptoncorp\/wp-json\/wp\/v2\/pages\/2409\/revisions"}],"predecessor-version":[{"id":3112,"href":"https:\/\/grupomkt.net\/Criptoncorp\/wp-json\/wp\/v2\/pages\/2409\/revisions\/3112"}],"wp:attachment":[{"href":"https:\/\/grupomkt.net\/Criptoncorp\/wp-json\/wp\/v2\/media?parent=2409"}],"curies":[{"name":"wp","href":"https:\/\/api.w.org\/{rel}","templated":true}]}}